{"id":1054,"date":"2024-03-08T16:47:08","date_gmt":"2024-03-08T15:47:08","guid":{"rendered":"https:\/\/www.halledelamachine.fr\/?page_id=1054"},"modified":"2024-06-19T16:52:04","modified_gmt":"2024-06-19T14:52:04","slug":"la-compagnie-la-machine","status":"publish","type":"page","link":"https:\/\/www.halledelamachine.fr\/en\/la-compagnie-la-machine\/","title":{"rendered":"The Company La Machine"},"content":{"rendered":"<\/div> <!-- .HM23_TEXT_CONTAINER --><div class=\"HM23_CONTENT_BLOCK HM23_CHAPEAU\"><p>At the heart of La Machine\u2019s artistic approach, movement is read as a language, as a source of emotion. through each of these living architectures, the idea is to dream of tomorrow\u2019s cities, and thanks to this, transform the way we look at our towns.<\/p>\n<\/div><div class=\"HM23_TEXT_CONTAINER\">\n\n\n<p><\/p>\n\n\n\n<div class=\"wp-block-media-text is-stacked-on-mobile\" style=\"grid-template-columns:41% auto\"><figure class=\"wp-block-media-text__media\"><img loading=\"lazy\" decoding=\"async\" width=\"1024\" height=\"692\" src=\"https:\/\/www.halledelamachine.fr\/wp-content\/uploads\/2023\/10\/Photo-Jordi-Bover_7468-c-1024x692.jpg\" alt=\"La grande Araign\u00e9e\" class=\"wp-image-422 size-full\" srcset=\"https:\/\/www.halledelamachine.fr\/wp-content\/uploads\/2023\/10\/Photo-Jordi-Bover_7468-c-1024x692.jpg 1024w, https:\/\/www.halledelamachine.fr\/wp-content\/uploads\/2023\/10\/Photo-Jordi-Bover_7468-c-300x203.jpg 300w, https:\/\/www.halledelamachine.fr\/wp-content\/uploads\/2023\/10\/Photo-Jordi-Bover_7468-c-768x519.jpg 768w, https:\/\/www.halledelamachine.fr\/wp-content\/uploads\/2023\/10\/Photo-Jordi-Bover_7468-c-1536x1038.jpg 1536w, https:\/\/www.halledelamachine.fr\/wp-content\/uploads\/2023\/10\/Photo-Jordi-Bover_7468-c-2048x1384.jpg 2048w, https:\/\/www.halledelamachine.fr\/wp-content\/uploads\/2023\/10\/Photo-Jordi-Bover_7468-c-1568x1060.jpg 1568w, https:\/\/www.halledelamachine.fr\/wp-content\/uploads\/2023\/10\/Photo-Jordi-Bover_7468-c-1800x1217.jpg 1800w, https:\/\/www.halledelamachine.fr\/wp-content\/uploads\/2023\/10\/Photo-Jordi-Bover_7468-c-5x3.jpg 5w\" sizes=\"auto, (max-width: 1024px) 100vw, 1024px\" \/><\/figure><div class=\"wp-block-media-text__content\">\n<p>The Halle of La Machine stages the show machines of Company La Machine, a street theater company founded in 1999 and directed by Fran\u00e7ois Delaroziere. It was born from the collaboration of artists, technicians and show decorators around the construction of atypical show objects. The work the company develops in public space primarily concerns theater, town planning and architecture.<br><\/p>\n\n\n\n<p>Today, La Machine develops many projects in the field of urban development \u2013 Les Machines de l\u2019\u00cele in Nantes, Les Animaux de la place in La Roche sur Yon, Le Man\u00e8ge Carr\u00e9 S\u00e9nart\u2026 \u2013 as well as for street theatre \u2013 <em>Le Gardien du Temple<\/em>, <em>Long Ma Jing Shen<\/em>, <em>Les M\u00e9caniques Savantes<\/em>, <em>La Symphonie M\u00e9canique<\/em>, <em>L\u2019Exp\u00e9dition V\u00e9g\u00e9tale<\/em>, <em>Le D\u00eener des Petites M\u00e9caniques<\/em>\u2026<\/p>\n\n\n\n<p>The company, led by Fran\u00e7ois Delarozi\u00e8re, came about thanks to artists, technicians and theatre designers working together for the construction of unusual theatre objects. To bring its creations to life, La Machine has set up a workshops in Nantes. They are home of many different trades and crafts from theatre and the arts, to industry and advanced technology. People and their skills are the very essence of the creative process. <\/p>\n\n\n\n<\/div> <!-- .HM23_TEXT_CONTAINER --><div class=\"HM23_CONTENT_BLOCK\"  style=\"text-align:right;\" ><a  href=\"https:\/\/www.lamachine.fr\/\" target=\"_blank\"  class=\"HM23_CTA\">VISIT THE WEBSITE OF THE COMPANY LA MACHINE<\/a><\/div><div class=\"HM23_TEXT_CONTAINER\"><\/div><\/div>\n\n\n<\/div> <!-- .HM23_TEXT_CONTAINER --><div class=\"HM23_CONTENT_BLOCK_FULL HM23_GALERIE\"><div class=\"HM23_GALERIE_TITRE\">Pictures<\/div><div id=\"HM23_G_9387027\" class=\"HM23_GALERIE_CONTAINER\"><div class=\"HM23_GALERIE_ITEM\"><img decoding=\"async\" src=\"https:\/\/www.halledelamachine.fr\/wp-content\/uploads\/2024\/03\/Photo-Jordi-Bover_8470.webp\" alt=\"Le Gardien du Temple - 2018\" loading=\"lazy\"><div class=\"HM23_GALERIE_ITEM_LABEL HM23_GALERIE_ITEM_TITRE\">Le Gardien du Temple &#8211; 2018<\/div><div class=\"HM23_GALERIE_ITEM_LABEL HM23_GALERIE_ITEM_COPYRIGHT\">\u00a9 jordibover<\/div><\/div><div class=\"HM23_GALERIE_ITEM\"><img decoding=\"async\" src=\"https:\/\/www.halledelamachine.fr\/wp-content\/uploads\/2024\/03\/61-Photo-\u00aeJordi-Bover_3993.webp\" alt=\"Long Ma \u00e0 Pekin\" loading=\"lazy\"><div class=\"HM23_GALERIE_ITEM_LABEL HM23_GALERIE_ITEM_TITRE\">Long Ma \u00e0 Pekin<\/div><div class=\"HM23_GALERIE_ITEM_LABEL HM23_GALERIE_ITEM_COPYRIGHT\">\u00a9 jordibover<\/div><\/div><div class=\"HM23_GALERIE_ITEM\"><img decoding=\"async\" src=\"https:\/\/www.halledelamachine.fr\/wp-content\/uploads\/2024\/03\/Photo-\u00aeJordi-Bover_1055-copia.webp\" alt=\"Long Ma \u00e0 Toulouse Halle de La Machine\" loading=\"lazy\"><div class=\"HM23_GALERIE_ITEM_LABEL HM23_GALERIE_ITEM_TITRE\">Long Ma \u00e0 Toulouse<\/div><div class=\"HM23_GALERIE_ITEM_LABEL HM23_GALERIE_ITEM_COPYRIGHT\">\u00a9 jordibover<\/div><\/div><div class=\"HM23_GALERIE_ITEM\"><img decoding=\"async\" src=\"https:\/\/www.halledelamachine.fr\/wp-content\/uploads\/2024\/03\/20201010_112437-ok-1024x605.webp\" alt=\"Le Grand El\u00e9phant de Nantes\" loading=\"lazy\"><div class=\"HM23_GALERIE_ITEM_LABEL HM23_GALERIE_ITEM_TITRE\">Le Grand El\u00e9phant de Nantes<\/div><div class=\"HM23_GALERIE_ITEM_LABEL HM23_GALERIE_ITEM_COPYRIGHT\">\u00a9 pdavid-compagnielamachine<\/div><\/div><div class=\"HM23_GALERIE_ITEM\"><img decoding=\"async\" src=\"https:\/\/www.halledelamachine.fr\/wp-content\/uploads\/2024\/05\/Photo-\u00aeJordi-Bover_8983-BD.webp\" alt=\"Le Dragon de Calais\" loading=\"lazy\"><div class=\"HM23_GALERIE_ITEM_LABEL HM23_GALERIE_ITEM_TITRE\">Le Dragon de Calais<\/div><div class=\"HM23_GALERIE_ITEM_LABEL HM23_GALERIE_ITEM_COPYRIGHT\">\u00a9 jordi-bover<\/div><\/div><\/div>\t\t<script>\n\t\t$( document ).ready(function() {\n\t\t\t$('#HM23_G_9387027').flickity({\n\t\t\t  \/\/ options\n\t\t\t  cellAlign: 'left',\n\t\t\t  contain: true\n\t\t\t});\n\t\t})\n\t\t\n\t\t<\/script>\n\t\t<div class=\"HM23_TEXT_CONTAINER\">","protected":false},"excerpt":{"rendered":"","protected":false},"author":2,"featured_media":423,"parent":0,"menu_order":0,"comment_status":"closed","ping_status":"closed","template":"","meta":{"_acf_changed":false,"footnotes":""},"class_list":["post-1054","page","type-page","status-publish","has-post-thumbnail","hentry","entry"],"acf":[],"_links":{"self":[{"href":"https:\/\/www.halledelamachine.fr\/en\/wp-json\/wp\/v2\/pages\/1054","targetHints":{"allow":["GET"]}}],"collection":[{"href":"https:\/\/www.halledelamachine.fr\/en\/wp-json\/wp\/v2\/pages"}],"about":[{"href":"https:\/\/www.halledelamachine.fr\/en\/wp-json\/wp\/v2\/types\/page"}],"author":[{"embeddable":true,"href":"https:\/\/www.halledelamachine.fr\/en\/wp-json\/wp\/v2\/users\/2"}],"replies":[{"embeddable":true,"href":"https:\/\/www.halledelamachine.fr\/en\/wp-json\/wp\/v2\/comments?post=1054"}],"version-history":[{"count":5,"href":"https:\/\/www.halledelamachine.fr\/en\/wp-json\/wp\/v2\/pages\/1054\/revisions"}],"predecessor-version":[{"id":2132,"href":"https:\/\/www.halledelamachine.fr\/en\/wp-json\/wp\/v2\/pages\/1054\/revisions\/2132"}],"wp:featuredmedia":[{"embeddable":true,"href":"https:\/\/www.halledelamachine.fr\/en\/wp-json\/wp\/v2\/media\/423"}],"wp:attachment":[{"href":"https:\/\/www.halledelamachine.fr\/en\/wp-json\/wp\/v2\/media?parent=1054"}],"curies":[{"name":"wp","href":"https:\/\/api.w.org\/{rel}","templated":true}]}}