{"id":2172,"date":"2024-03-05T17:32:49","date_gmt":"2024-03-05T16:32:49","guid":{"rendered":"https:\/\/www.halledelamachine.fr\/privatisez-la-halle\/"},"modified":"2024-06-20T16:53:25","modified_gmt":"2024-06-20T14:53:25","slug":"privatisez-la-halle","status":"publish","type":"page","link":"https:\/\/www.halledelamachine.fr\/en\/privatisez-la-halle\/","title":{"rendered":"Privatise the halle"},"content":{"rendered":"<\/div> <!-- .HM23_TEXT_CONTAINER --><div class=\"HM23_CONTENT_BLOCK HM23_CHAPEAU\"><p>Add movement to your corporate events: Privatise the Halle of La Machine!<\/p>\n<\/div><div class=\"HM23_TEXT_CONTAINER\">\n\n\n<p>The Halle of la Machine offers a unique and spectacular setting for your corporate events. From study days to gala dinners and seminars, the privatised spaces are flexible and can accommodate from 10 to 4,000 people.<\/p>\n\n\n\n<p>Seminar, work meeting, team building, cocktail dinner, gala dinner, take your guests to a magical place where innovation rubs shoulders with artisanal know-how, under the gaze of the famous Minotaur of Toulouse. Enjoy a conference room overlooking the exhibition space or a cocktail dinner in the middle of the mechanical bestiary of La Machine in the company of the Veritable Machinists, at work for the pleasure of your guests.<\/p>\n\n\n\n<p>Would you like to request a quote or find out more about privatisation? Contact the Belles Receptions department.<\/p>\n\n\n<div class=\"HM23_CONTENT_BLOCK_LARGE HM23_INFOS_PRATIQUES\"><div class=\"HM23_TI_TITRE\">Contact<\/div><div class=\"HM23_TI_TEXTE_CONTENU\"><p><strong>Manuela Lavier<\/strong><br \/>\nGrande Chambellan <em>du Bureau des Belles R\u00e9ceptions<br \/>\n<\/em>06 29 89 61 88<\/p>\n<\/div><a class=\"HM23_CTA\" href=\"mailto: privatisation@halledelamachine.fr\"  target = \"_blank\" >EMAIL<\/a><\/div>\n\n\n<h3 class=\"wp-block-heading has-text-color has-link-color wp-elements-2d360063d2545750d2d7c0b21f2ac235\" style=\"color:#ea3322\" class=\"wp-block-heading has-text-color has-link-color wp-elements-2d360063d2545750d2d7c0b21f2ac235\" style=\"color:#ea3322\" id=\"spaces-that-can-be-privatised\">Spaces that can be privatised<\/h3>\n\n\n\n<div class=\"wp-block-columns is-layout-flex wp-container-core-columns-is-layout-9d6595d7 wp-block-columns-is-layout-flex\">\n<div class=\"wp-block-column is-layout-flow wp-block-column-is-layout-flow\">\n<p class=\"has-text-color has-link-color wp-elements-a30fc7cee59e04e62626d86fded89a64\" style=\"color:#ea3322\"><strong>The Halle<\/strong><\/p>\n\n\n\n<div class=\"wp-block-media-text is-stacked-on-mobile\" style=\"grid-template-columns:60% auto\"><figure class=\"wp-block-media-text__media\"><img loading=\"lazy\" decoding=\"async\" width=\"1024\" height=\"740\" src=\"https:\/\/www.halledelamachine.fr\/wp-content\/uploads\/2024\/03\/capture-soireeinsolites-louisdumont00002-1-1024x740.webp\" alt=\"\" class=\"wp-image-893 size-full\" srcset=\"https:\/\/www.halledelamachine.fr\/wp-content\/uploads\/2024\/03\/capture-soireeinsolites-louisdumont00002-1-1024x740.webp 1024w, https:\/\/www.halledelamachine.fr\/wp-content\/uploads\/2024\/03\/capture-soireeinsolites-louisdumont00002-1-300x217.webp 300w, https:\/\/www.halledelamachine.fr\/wp-content\/uploads\/2024\/03\/capture-soireeinsolites-louisdumont00002-1-768x555.webp 768w, https:\/\/www.halledelamachine.fr\/wp-content\/uploads\/2024\/03\/capture-soireeinsolites-louisdumont00002-1-5x5.webp 5w, https:\/\/www.halledelamachine.fr\/wp-content\/uploads\/2024\/03\/capture-soireeinsolites-louisdumont00002-1.webp 1432w\" sizes=\"auto, (max-width: 1024px) 100vw, 1024px\" \/><\/figure><div class=\"wp-block-media-text__content\">\n<p><strong>2800 m<sup>2<\/sup><\/strong><br>Diner de gala<br><em>350 guest<\/em>* <br>Cocktail <br><em>1400 guest<\/em>*<\/p>\n<\/div><\/div>\n\n\n\n<p class=\"has-text-color has-link-color wp-elements-5b689969e869538264e277d50dea8a35\" style=\"color:#ea3322\"><strong>The Giant Runway<\/strong><\/p>\n\n\n\n<div class=\"wp-block-media-text is-stacked-on-mobile\" style=\"grid-template-columns:60% auto\"><figure class=\"wp-block-media-text__media\"><img loading=\"lazy\" decoding=\"async\" width=\"1024\" height=\"646\" src=\"https:\/\/www.halledelamachine.fr\/wp-content\/uploads\/2024\/03\/Halle-de-La-Machine-\u00a9JordiBover-1024x646.webp\" alt=\"Halle de La Machine - Piste - cr\u00e9dit Jordi Bover\" class=\"wp-image-901 size-full\" srcset=\"https:\/\/www.halledelamachine.fr\/wp-content\/uploads\/2024\/03\/Halle-de-La-Machine-\u00a9JordiBover-1024x646.webp 1024w, https:\/\/www.halledelamachine.fr\/wp-content\/uploads\/2024\/03\/Halle-de-La-Machine-\u00a9JordiBover-300x189.webp 300w, https:\/\/www.halledelamachine.fr\/wp-content\/uploads\/2024\/03\/Halle-de-La-Machine-\u00a9JordiBover-768x485.webp 768w, https:\/\/www.halledelamachine.fr\/wp-content\/uploads\/2024\/03\/Halle-de-La-Machine-\u00a9JordiBover-1536x969.webp 1536w, https:\/\/www.halledelamachine.fr\/wp-content\/uploads\/2024\/03\/Halle-de-La-Machine-\u00a9JordiBover-1568x990.webp 1568w, https:\/\/www.halledelamachine.fr\/wp-content\/uploads\/2024\/03\/Halle-de-La-Machine-\u00a9JordiBover-5x3.webp 5w, https:\/\/www.halledelamachine.fr\/wp-content\/uploads\/2024\/03\/Halle-de-La-Machine-\u00a9JordiBover.webp 1800w\" sizes=\"auto, (max-width: 1024px) 100vw, 1024px\" \/><\/figure><div class=\"wp-block-media-text__content\">\n<p><br><strong>10 000 m<sup>2<\/sup><\/strong><br>Trip on the back of Minotaure<br><em>49 guest<\/em><br><br><\/p>\n<\/div><\/div>\n\n\n\n<div class=\"wp-block-media-text is-stacked-on-mobile\" style=\"grid-template-columns:60% auto\"><figure class=\"wp-block-media-text__media\"><img loading=\"lazy\" decoding=\"async\" width=\"800\" height=\"450\" src=\"https:\/\/www.halledelamachine.fr\/wp-content\/uploads\/2024\/03\/P1640892ok.webp\" alt=\"Man\u00e8ge Carr\u00e9 S\u00e9nart - Halle de La Machine - pdavid\" class=\"wp-image-995 size-full\" srcset=\"https:\/\/www.halledelamachine.fr\/wp-content\/uploads\/2024\/03\/P1640892ok.webp 800w, https:\/\/www.halledelamachine.fr\/wp-content\/uploads\/2024\/03\/P1640892ok-300x169.webp 300w, https:\/\/www.halledelamachine.fr\/wp-content\/uploads\/2024\/03\/P1640892ok-768x432.webp 768w, https:\/\/www.halledelamachine.fr\/wp-content\/uploads\/2024\/03\/P1640892ok-5x3.webp 5w\" sizes=\"auto, (max-width: 800px) 100vw, 800px\" \/><\/figure><div class=\"wp-block-media-text__content\">\n<p><br><strong>Man\u00e8ge Carr\u00e9 S\u00e9nart<\/strong><br><em>50 <\/em>guests<br><br><strong>Machines \u00e0 effets<\/strong><br>You can add barnum<br><em>4000 <\/em>guests<br><br><\/p>\n<\/div><\/div>\n<\/div>\n\n\n\n<div class=\"wp-block-column is-layout-flow wp-block-column-is-layout-flow\">\n<p class=\"has-text-color has-link-color wp-elements-e6a418f8f69bd730dac0893a8b4114a2\" style=\"color:#ea3322\"><strong>The Minotaure Caf\u00e9 <\/strong><\/p>\n\n\n\n<div class=\"wp-block-media-text is-stacked-on-mobile\" style=\"grid-template-columns:60% auto\"><figure class=\"wp-block-media-text__media\"><img loading=\"lazy\" decoding=\"async\" width=\"1008\" height=\"664\" src=\"https:\/\/www.halledelamachine.fr\/wp-content\/uploads\/2024\/03\/20221116_211344.webp\" alt=\"\" class=\"wp-image-904 size-full\" srcset=\"https:\/\/www.halledelamachine.fr\/wp-content\/uploads\/2024\/03\/20221116_211344.webp 1008w, https:\/\/www.halledelamachine.fr\/wp-content\/uploads\/2024\/03\/20221116_211344-300x198.webp 300w, https:\/\/www.halledelamachine.fr\/wp-content\/uploads\/2024\/03\/20221116_211344-768x506.webp 768w, https:\/\/www.halledelamachine.fr\/wp-content\/uploads\/2024\/03\/20221116_211344-5x3.webp 5w\" sizes=\"auto, (max-width: 1008px) 100vw, 1008px\" \/><\/figure><div class=\"wp-block-media-text__content\">\n<p><strong>140 m<sup>2<\/sup><\/strong><br>Seated meal<br><em>106 <\/em>guest*<br>Cocktail or buffet<br><em>140 guest<\/em>*<\/p>\n<\/div><\/div>\n\n\n\n<p class=\"has-text-color has-link-color wp-elements-9c42c3106957af837c98d8124324611d\" style=\"color:#ea3322\"><strong>The Balcon<\/strong>y<\/p>\n\n\n\n<div class=\"wp-block-media-text is-stacked-on-mobile\" style=\"grid-template-columns:60% auto\"><figure class=\"wp-block-media-text__media\"><img loading=\"lazy\" decoding=\"async\" width=\"1024\" height=\"683\" src=\"https:\/\/www.halledelamachine.fr\/wp-content\/uploads\/2024\/03\/Balcon2-1024x683.jpg\" alt=\"\" class=\"wp-image-907 size-full\" srcset=\"https:\/\/www.halledelamachine.fr\/wp-content\/uploads\/2024\/03\/Balcon2-1024x683.jpg 1024w, https:\/\/www.halledelamachine.fr\/wp-content\/uploads\/2024\/03\/Balcon2-300x200.jpg 300w, https:\/\/www.halledelamachine.fr\/wp-content\/uploads\/2024\/03\/Balcon2-768x512.jpg 768w, https:\/\/www.halledelamachine.fr\/wp-content\/uploads\/2024\/03\/Balcon2-1536x1024.jpg 1536w, https:\/\/www.halledelamachine.fr\/wp-content\/uploads\/2024\/03\/Balcon2-2048x1365.jpg 2048w, https:\/\/www.halledelamachine.fr\/wp-content\/uploads\/2024\/03\/Balcon2-1568x1045.jpg 1568w, https:\/\/www.halledelamachine.fr\/wp-content\/uploads\/2024\/03\/Balcon2-1800x1200.jpg 1800w, https:\/\/www.halledelamachine.fr\/wp-content\/uploads\/2024\/03\/Balcon2-5x3.jpg 5w\" sizes=\"auto, (max-width: 1024px) 100vw, 1024px\" \/><\/figure><div class=\"wp-block-media-text__content\">\n<p><strong>200 m<sup>2<\/sup><\/strong><br>Dispositif th\u00e9\u00e2tre <br><em>170 guest<\/em>*<br><\/p>\n<\/div><\/div>\n\n\n\n<p class=\"has-text-color has-link-color wp-elements-c61c38e8a3efd10480b966da488cab72\" style=\"color:#ea3322\"><strong>La Meeting Room<\/strong><\/p>\n\n\n\n<div class=\"wp-block-media-text is-stacked-on-mobile\" style=\"grid-template-columns:60% auto\"><figure class=\"wp-block-media-text__media\"><img loading=\"lazy\" decoding=\"async\" width=\"1024\" height=\"681\" src=\"https:\/\/www.halledelamachine.fr\/wp-content\/uploads\/2024\/06\/Salle-de-reunion-1024x681.jpg\" alt=\"\" class=\"wp-image-2002 size-full\" srcset=\"https:\/\/www.halledelamachine.fr\/wp-content\/uploads\/2024\/06\/Salle-de-reunion-1024x681.jpg 1024w, https:\/\/www.halledelamachine.fr\/wp-content\/uploads\/2024\/06\/Salle-de-reunion-300x200.jpg 300w, https:\/\/www.halledelamachine.fr\/wp-content\/uploads\/2024\/06\/Salle-de-reunion-768x511.jpg 768w, https:\/\/www.halledelamachine.fr\/wp-content\/uploads\/2024\/06\/Salle-de-reunion-1536x1022.jpg 1536w, https:\/\/www.halledelamachine.fr\/wp-content\/uploads\/2024\/06\/Salle-de-reunion-2048x1363.jpg 2048w, https:\/\/www.halledelamachine.fr\/wp-content\/uploads\/2024\/06\/Salle-de-reunion-1568x1043.jpg 1568w, https:\/\/www.halledelamachine.fr\/wp-content\/uploads\/2024\/06\/Salle-de-reunion-1800x1198.jpg 1800w, https:\/\/www.halledelamachine.fr\/wp-content\/uploads\/2024\/06\/Salle-de-reunion-5x3.jpg 5w\" sizes=\"auto, (max-width: 1024px) 100vw, 1024px\" \/><\/figure><div class=\"wp-block-media-text__content\">\n<p><strong>90 m<sup>2<\/sup><\/strong><br>Configuration en U<br>50 guest<\/p>\n<\/div><\/div>\n\n\n\n<div class=\"wp-block-media-text is-stacked-on-mobile\" style=\"grid-template-columns:60% auto\"><figure class=\"wp-block-media-text__media\"><img loading=\"lazy\" decoding=\"async\" width=\"850\" height=\"442\" src=\"https:\/\/www.halledelamachine.fr\/wp-content\/uploads\/2024\/06\/salle-de-reunion.webp\" alt=\"\" class=\"wp-image-2010 size-full\" srcset=\"https:\/\/www.halledelamachine.fr\/wp-content\/uploads\/2024\/06\/salle-de-reunion.webp 850w, https:\/\/www.halledelamachine.fr\/wp-content\/uploads\/2024\/06\/salle-de-reunion-300x156.webp 300w, https:\/\/www.halledelamachine.fr\/wp-content\/uploads\/2024\/06\/salle-de-reunion-768x399.webp 768w, https:\/\/www.halledelamachine.fr\/wp-content\/uploads\/2024\/06\/salle-de-reunion-5x3.webp 5w\" sizes=\"auto, (max-width: 850px) 100vw, 850px\" \/><\/figure><div class=\"wp-block-media-text__content\">\n<p><strong>90 m<sup>2<\/sup><\/strong><br>Assembly<br><em>60 <\/em>guests<\/p>\n<\/div><\/div>\n<\/div>\n<\/div>\n\n\n\n<p>* The gauge indicated is the maximum gauge. Other configurations are possible on request.<\/p>\n\n\n\n<h3 class=\"wp-block-heading has-text-color has-link-color wp-elements-be30ebfb58b527a688acecb5d6c42d00\" style=\"color:#ea3322\" class=\"wp-block-heading has-text-color has-link-color wp-elements-be30ebfb58b527a688acecb5d6c42d00\" style=\"color:#ea3322\" id=\"pictures\">pictures<\/h3>\n\n\n\n<figure class=\"wp-block-gallery has-nested-images columns-default is-cropped wp-block-gallery-1 is-layout-flex wp-block-gallery-is-layout-flex\">\n<figure class=\"wp-block-image size-large\"><img loading=\"lazy\" decoding=\"async\" width=\"1024\" height=\"576\" data-id=\"944\" src=\"https:\/\/www.halledelamachine.fr\/wp-content\/uploads\/2024\/03\/P1390836ok-1024x576.webp\" alt=\"\" class=\"wp-image-944\" srcset=\"https:\/\/www.halledelamachine.fr\/wp-content\/uploads\/2024\/03\/P1390836ok-1024x576.webp 1024w, https:\/\/www.halledelamachine.fr\/wp-content\/uploads\/2024\/03\/P1390836ok-300x169.webp 300w, https:\/\/www.halledelamachine.fr\/wp-content\/uploads\/2024\/03\/P1390836ok-768x432.webp 768w, https:\/\/www.halledelamachine.fr\/wp-content\/uploads\/2024\/03\/P1390836ok-1536x864.webp 1536w, https:\/\/www.halledelamachine.fr\/wp-content\/uploads\/2024\/03\/P1390836ok-1568x882.webp 1568w, https:\/\/www.halledelamachine.fr\/wp-content\/uploads\/2024\/03\/P1390836ok-5x3.webp 5w, https:\/\/www.halledelamachine.fr\/wp-content\/uploads\/2024\/03\/P1390836ok.webp 1800w\" sizes=\"auto, (max-width: 1024px) 100vw, 1024px\" \/><\/figure>\n\n\n\n<figure class=\"wp-block-image size-large\"><img loading=\"lazy\" decoding=\"async\" width=\"1024\" height=\"576\" data-id=\"911\" src=\"https:\/\/www.halledelamachine.fr\/wp-content\/uploads\/2024\/03\/capture-soireeinsolites-louisdumont00001-1024x576.webp\" alt=\"\" class=\"wp-image-911\" srcset=\"https:\/\/www.halledelamachine.fr\/wp-content\/uploads\/2024\/03\/capture-soireeinsolites-louisdumont00001-1024x576.webp 1024w, https:\/\/www.halledelamachine.fr\/wp-content\/uploads\/2024\/03\/capture-soireeinsolites-louisdumont00001-300x169.webp 300w, https:\/\/www.halledelamachine.fr\/wp-content\/uploads\/2024\/03\/capture-soireeinsolites-louisdumont00001-768x432.webp 768w, https:\/\/www.halledelamachine.fr\/wp-content\/uploads\/2024\/03\/capture-soireeinsolites-louisdumont00001-1536x864.webp 1536w, https:\/\/www.halledelamachine.fr\/wp-content\/uploads\/2024\/03\/capture-soireeinsolites-louisdumont00001-2048x1152.webp 2048w, https:\/\/www.halledelamachine.fr\/wp-content\/uploads\/2024\/03\/capture-soireeinsolites-louisdumont00001-1568x882.webp 1568w, https:\/\/www.halledelamachine.fr\/wp-content\/uploads\/2024\/03\/capture-soireeinsolites-louisdumont00001-1800x1013.webp 1800w, https:\/\/www.halledelamachine.fr\/wp-content\/uploads\/2024\/03\/capture-soireeinsolites-louisdumont00001-5x3.webp 5w\" sizes=\"auto, (max-width: 1024px) 100vw, 1024px\" \/><\/figure>\n\n\n\n<figure class=\"wp-block-image size-large\"><img loading=\"lazy\" decoding=\"async\" width=\"1024\" height=\"576\" data-id=\"910\" src=\"https:\/\/www.halledelamachine.fr\/wp-content\/uploads\/2024\/03\/HDM-30-1024x576.webp\" alt=\"\" class=\"wp-image-910\" srcset=\"https:\/\/www.halledelamachine.fr\/wp-content\/uploads\/2024\/03\/HDM-30-1024x576.webp 1024w, https:\/\/www.halledelamachine.fr\/wp-content\/uploads\/2024\/03\/HDM-30-300x169.webp 300w, https:\/\/www.halledelamachine.fr\/wp-content\/uploads\/2024\/03\/HDM-30-768x432.webp 768w, https:\/\/www.halledelamachine.fr\/wp-content\/uploads\/2024\/03\/HDM-30-5x3.webp 5w, https:\/\/www.halledelamachine.fr\/wp-content\/uploads\/2024\/03\/HDM-30.webp 1200w\" sizes=\"auto, (max-width: 1024px) 100vw, 1024px\" \/><\/figure>\n\n\n\n<figure class=\"wp-block-image size-large\"><img loading=\"lazy\" decoding=\"async\" width=\"1024\" height=\"576\" data-id=\"912\" src=\"https:\/\/www.halledelamachine.fr\/wp-content\/uploads\/2024\/03\/capture-soireeinsolites-louisdumont00005-1024x576.webp\" alt=\"\" class=\"wp-image-912\" srcset=\"https:\/\/www.halledelamachine.fr\/wp-content\/uploads\/2024\/03\/capture-soireeinsolites-louisdumont00005-1024x576.webp 1024w, https:\/\/www.halledelamachine.fr\/wp-content\/uploads\/2024\/03\/capture-soireeinsolites-louisdumont00005-300x169.webp 300w, https:\/\/www.halledelamachine.fr\/wp-content\/uploads\/2024\/03\/capture-soireeinsolites-louisdumont00005-768x432.webp 768w, https:\/\/www.halledelamachine.fr\/wp-content\/uploads\/2024\/03\/capture-soireeinsolites-louisdumont00005-1536x864.webp 1536w, https:\/\/www.halledelamachine.fr\/wp-content\/uploads\/2024\/03\/capture-soireeinsolites-louisdumont00005-1568x882.webp 1568w, https:\/\/www.halledelamachine.fr\/wp-content\/uploads\/2024\/03\/capture-soireeinsolites-louisdumont00005-1800x1013.webp 1800w, https:\/\/www.halledelamachine.fr\/wp-content\/uploads\/2024\/03\/capture-soireeinsolites-louisdumont00005-5x3.webp 5w, https:\/\/www.halledelamachine.fr\/wp-content\/uploads\/2024\/03\/capture-soireeinsolites-louisdumont00005.webp 1840w\" sizes=\"auto, (max-width: 1024px) 100vw, 1024px\" \/><\/figure>\n\n\n\n<figure class=\"wp-block-image size-large\"><img loading=\"lazy\" decoding=\"async\" width=\"1024\" height=\"681\" data-id=\"922\" src=\"https:\/\/www.halledelamachine.fr\/wp-content\/uploads\/2024\/03\/Halle-cocktail-1024x681.webp\" alt=\"\" class=\"wp-image-922\" srcset=\"https:\/\/www.halledelamachine.fr\/wp-content\/uploads\/2024\/03\/Halle-cocktail-1024x681.webp 1024w, https:\/\/www.halledelamachine.fr\/wp-content\/uploads\/2024\/03\/Halle-cocktail-300x200.webp 300w, https:\/\/www.halledelamachine.fr\/wp-content\/uploads\/2024\/03\/Halle-cocktail-768x511.webp 768w, https:\/\/www.halledelamachine.fr\/wp-content\/uploads\/2024\/03\/Halle-cocktail-5x3.webp 5w, https:\/\/www.halledelamachine.fr\/wp-content\/uploads\/2024\/03\/Halle-cocktail.webp 1200w\" sizes=\"auto, (max-width: 1024px) 100vw, 1024px\" \/><\/figure>\n\n\n\n<figure class=\"wp-block-image size-full\"><img loading=\"lazy\" decoding=\"async\" width=\"1840\" height=\"1035\" data-id=\"913\" src=\"https:\/\/www.halledelamachine.fr\/wp-content\/uploads\/2024\/03\/capture-soireeinsolites-louisdumont00006.webp\" alt=\"\" class=\"wp-image-913\" srcset=\"https:\/\/www.halledelamachine.fr\/wp-content\/uploads\/2024\/03\/capture-soireeinsolites-louisdumont00006.webp 1840w, https:\/\/www.halledelamachine.fr\/wp-content\/uploads\/2024\/03\/capture-soireeinsolites-louisdumont00006-300x169.webp 300w, https:\/\/www.halledelamachine.fr\/wp-content\/uploads\/2024\/03\/capture-soireeinsolites-louisdumont00006-1024x576.webp 1024w, https:\/\/www.halledelamachine.fr\/wp-content\/uploads\/2024\/03\/capture-soireeinsolites-louisdumont00006-768x432.webp 768w, https:\/\/www.halledelamachine.fr\/wp-content\/uploads\/2024\/03\/capture-soireeinsolites-louisdumont00006-1536x864.webp 1536w, https:\/\/www.halledelamachine.fr\/wp-content\/uploads\/2024\/03\/capture-soireeinsolites-louisdumont00006-1568x882.webp 1568w, https:\/\/www.halledelamachine.fr\/wp-content\/uploads\/2024\/03\/capture-soireeinsolites-louisdumont00006-1800x1013.webp 1800w, https:\/\/www.halledelamachine.fr\/wp-content\/uploads\/2024\/03\/capture-soireeinsolites-louisdumont00006-5x3.webp 5w\" sizes=\"auto, (max-width: 1840px) 100vw, 1840px\" \/><\/figure>\n\n\n\n<figure class=\"wp-block-image size-large\"><img loading=\"lazy\" decoding=\"async\" width=\"1024\" height=\"576\" data-id=\"929\" src=\"https:\/\/www.halledelamachine.fr\/wp-content\/uploads\/2024\/03\/capture-soireeinsolites-louisdumont00008-1024x576.webp\" alt=\"\" class=\"wp-image-929\" srcset=\"https:\/\/www.halledelamachine.fr\/wp-content\/uploads\/2024\/03\/capture-soireeinsolites-louisdumont00008-1024x576.webp 1024w, https:\/\/www.halledelamachine.fr\/wp-content\/uploads\/2024\/03\/capture-soireeinsolites-louisdumont00008-300x169.webp 300w, https:\/\/www.halledelamachine.fr\/wp-content\/uploads\/2024\/03\/capture-soireeinsolites-louisdumont00008-768x432.webp 768w, https:\/\/www.halledelamachine.fr\/wp-content\/uploads\/2024\/03\/capture-soireeinsolites-louisdumont00008-1536x864.webp 1536w, https:\/\/www.halledelamachine.fr\/wp-content\/uploads\/2024\/03\/capture-soireeinsolites-louisdumont00008-2048x1152.webp 2048w, https:\/\/www.halledelamachine.fr\/wp-content\/uploads\/2024\/03\/capture-soireeinsolites-louisdumont00008-1568x882.webp 1568w, https:\/\/www.halledelamachine.fr\/wp-content\/uploads\/2024\/03\/capture-soireeinsolites-louisdumont00008-1800x1013.webp 1800w, https:\/\/www.halledelamachine.fr\/wp-content\/uploads\/2024\/03\/capture-soireeinsolites-louisdumont00008-5x3.webp 5w\" sizes=\"auto, (max-width: 1024px) 100vw, 1024px\" \/><\/figure>\n\n\n\n<figure class=\"wp-block-image size-large\"><img loading=\"lazy\" decoding=\"async\" width=\"1024\" height=\"683\" data-id=\"934\" src=\"https:\/\/www.halledelamachine.fr\/wp-content\/uploads\/2024\/03\/Halle-Diner-2-1024x683.webp\" alt=\"\" class=\"wp-image-934\" srcset=\"https:\/\/www.halledelamachine.fr\/wp-content\/uploads\/2024\/03\/Halle-Diner-2-1024x683.webp 1024w, https:\/\/www.halledelamachine.fr\/wp-content\/uploads\/2024\/03\/Halle-Diner-2-300x200.webp 300w, https:\/\/www.halledelamachine.fr\/wp-content\/uploads\/2024\/03\/Halle-Diner-2-768x512.webp 768w, https:\/\/www.halledelamachine.fr\/wp-content\/uploads\/2024\/03\/Halle-Diner-2-1536x1024.webp 1536w, https:\/\/www.halledelamachine.fr\/wp-content\/uploads\/2024\/03\/Halle-Diner-2-1568x1045.webp 1568w, https:\/\/www.halledelamachine.fr\/wp-content\/uploads\/2024\/03\/Halle-Diner-2-5x3.webp 5w, https:\/\/www.halledelamachine.fr\/wp-content\/uploads\/2024\/03\/Halle-Diner-2.webp 1800w\" sizes=\"auto, (max-width: 1024px) 100vw, 1024px\" \/><\/figure>\n\n\n\n<figure class=\"wp-block-image size-large\"><img loading=\"lazy\" decoding=\"async\" width=\"1024\" height=\"576\" data-id=\"926\" src=\"https:\/\/www.halledelamachine.fr\/wp-content\/uploads\/2024\/03\/P1400179ok-1024x576.webp\" alt=\"\" class=\"wp-image-926\" srcset=\"https:\/\/www.halledelamachine.fr\/wp-content\/uploads\/2024\/03\/P1400179ok-1024x576.webp 1024w, https:\/\/www.halledelamachine.fr\/wp-content\/uploads\/2024\/03\/P1400179ok-300x169.webp 300w, https:\/\/www.halledelamachine.fr\/wp-content\/uploads\/2024\/03\/P1400179ok-768x432.webp 768w, https:\/\/www.halledelamachine.fr\/wp-content\/uploads\/2024\/03\/P1400179ok-1536x864.webp 1536w, https:\/\/www.halledelamachine.fr\/wp-content\/uploads\/2024\/03\/P1400179ok-1568x882.webp 1568w, https:\/\/www.halledelamachine.fr\/wp-content\/uploads\/2024\/03\/P1400179ok-5x3.webp 5w, https:\/\/www.halledelamachine.fr\/wp-content\/uploads\/2024\/03\/P1400179ok.webp 1800w\" sizes=\"auto, (max-width: 1024px) 100vw, 1024px\" \/><\/figure>\n<\/figure>\n\n\n\n<details class=\"wp-block-details is-layout-flow wp-block-details-is-layout-flow\"><summary>Download our leaflet for more details<\/summary>\n<div data-wp-interactive=\"core\/file\" class=\"wp-block-file\"><object data-wp-bind--hidden=\"!state.hasPdfPreview\" hidden class=\"wp-block-file__embed\" data=\"https:\/\/www.halledelamachine.fr\/wp-content\/uploads\/2024\/04\/Depliant-PRIVAT-version-WEB.pdf\" type=\"application\/pdf\" style=\"width:100%;height:600px\" aria-label=\"Embed of Depliant-PRIVAT-version-WEB.\"><\/object><a id=\"wp-block-file--media-fb69cd0d-4f9d-495c-ba4b-05571c57da26\" href=\"https:\/\/www.halledelamachine.fr\/wp-content\/uploads\/2024\/04\/Depliant-PRIVAT-version-WEB.pdf\">Depliant-PRIVAT-version-WEB<\/a><a href=\"https:\/\/www.halledelamachine.fr\/wp-content\/uploads\/2024\/04\/Depliant-PRIVAT-version-WEB.pdf\" class=\"wp-block-file__button wp-element-button\" download aria-describedby=\"wp-block-file--media-fb69cd0d-4f9d-495c-ba4b-05571c57da26\">T\u00e9l\u00e9charger<\/a><\/div>\n<\/details>\n","protected":false},"excerpt":{"rendered":"<p>The Halle of la Machine offers a unique and spectacular setting for your corporate events. From study days to gala dinners and seminars, the privatised spaces are flexible and can accommodate from 10 to 4,000 people. Seminar, work meeting, team building, cocktail dinner, gala dinner, take your guests to a magical place where innovation rubs&hellip; <a class=\"more-link\" href=\"https:\/\/www.halledelamachine.fr\/en\/privatisez-la-halle\/\">Continue reading <span class=\"screen-reader-text\">Privatise the halle<\/span><\/a><\/p>\n","protected":false},"author":2,"featured_media":0,"parent":0,"menu_order":0,"comment_status":"closed","ping_status":"closed","template":"","meta":{"_acf_changed":false,"footnotes":""},"class_list":["post-2172","page","type-page","status-publish","hentry","entry"],"acf":[],"_links":{"self":[{"href":"https:\/\/www.halledelamachine.fr\/en\/wp-json\/wp\/v2\/pages\/2172","targetHints":{"allow":["GET"]}}],"collection":[{"href":"https:\/\/www.halledelamachine.fr\/en\/wp-json\/wp\/v2\/pages"}],"about":[{"href":"https:\/\/www.halledelamachine.fr\/en\/wp-json\/wp\/v2\/types\/page"}],"author":[{"embeddable":true,"href":"https:\/\/www.halledelamachine.fr\/en\/wp-json\/wp\/v2\/users\/2"}],"replies":[{"embeddable":true,"href":"https:\/\/www.halledelamachine.fr\/en\/wp-json\/wp\/v2\/comments?post=2172"}],"version-history":[{"count":2,"href":"https:\/\/www.halledelamachine.fr\/en\/wp-json\/wp\/v2\/pages\/2172\/revisions"}],"predecessor-version":[{"id":2178,"href":"https:\/\/www.halledelamachine.fr\/en\/wp-json\/wp\/v2\/pages\/2172\/revisions\/2178"}],"wp:attachment":[{"href":"https:\/\/www.halledelamachine.fr\/en\/wp-json\/wp\/v2\/media?parent=2172"}],"curies":[{"name":"wp","href":"https:\/\/api.w.org\/{rel}","templated":true}]}}