{"id":2190,"date":"2024-03-18T17:19:37","date_gmt":"2024-03-18T16:19:37","guid":{"rendered":"https:\/\/www.halledelamachine.fr\/tarifs\/"},"modified":"2025-01-29T11:34:14","modified_gmt":"2025-01-29T10:34:14","slug":"tarifs","status":"publish","type":"page","link":"https:\/\/www.halledelamachine.fr\/en\/tarifs\/","title":{"rendered":"Prices &amp; Reservation"},"content":{"rendered":"\n<div style=\"height:100px\" aria-hidden=\"true\" class=\"wp-block-spacer\"><\/div>\n\n\n\n<\/div> <!-- .HM23_TEXT_CONTAINER --><div class=\"HM23_CONTENT_BLOCK\"  style=\"text-align:center;\" ><a  href=\"https:\/\/billetterie.halledelamachine.fr\/index-css5-halledelamachine-pg1.html\" target=\"_blank\"  class=\"HM23_CTA\">BOOKING ONLINE<\/a><\/div><div class=\"HM23_TEXT_CONTAINER\">\n\n\n<figure class=\"wp-block-table is-style-regular\"><table class=\"has-orange-background-color has-background has-fixed-layout\"><thead><tr><th class=\"has-text-align-center\" data-align=\"center\"><\/th><th class=\"has-text-align-center\" data-align=\"center\">Full Rate<\/th><th class=\"has-text-align-center\" data-align=\"center\">Reduced Rate *<\/th><th class=\"has-text-align-center\" data-align=\"center\">Super Reduced Rate**<\/th><\/tr><\/thead><tbody><tr><td class=\"has-text-align-center\" data-align=\"center\"><strong><mark style=\"background-color:rgba(0, 0, 0, 0);color:#c50808\" class=\"has-inline-color\">Visit of the Halle de La Machine <\/mark><br><\/strong><em>(about 1h30 of visit)<\/em><\/td><td class=\"has-text-align-center\" data-align=\"center\">12 \u20ac<\/td><td class=\"has-text-align-center\" data-align=\"center\">9 \u20ac<\/td><td class=\"has-text-align-center\" data-align=\"center\">6 \u20ac<\/td><\/tr><tr><td class=\"has-text-align-center\" data-align=\"center\"><strong><mark style=\"background-color:rgba(0, 0, 0, 0);color:#c50808\" class=\"has-inline-color\">Travel on Minotaur<\/mark><\/strong><br><em>(about 25 min)<\/em><\/td><td class=\"has-text-align-center\" data-align=\"center\">12 \u20ac<\/td><td class=\"has-text-align-center\" data-align=\"center\">9 \u20ac<\/td><td class=\"has-text-align-center\" data-align=\"center\">6 \u20ac<\/td><\/tr><tr><td class=\"has-text-align-center\" data-align=\"center\"><strong><mark style=\"background-color:rgba(0, 0, 0, 0);color:#c50808\" class=\"has-inline-color\">Visit + Travel<\/mark><\/strong><\/td><td class=\"has-text-align-center\" data-align=\"center\">21 \u20ac<\/td><td class=\"has-text-align-center\" data-align=\"center\">15 \u20ac<\/td><td class=\"has-text-align-center\" data-align=\"center\">11 \u20ac<\/td><\/tr><tr><td class=\"has-text-align-center\" data-align=\"center\"><strong><mark style=\"background-color:rgba(0, 0, 0, 0);color:#c50808\" class=\"has-inline-color\">Carousel Carr\u00e9 S\u00e9nart<\/mark><\/strong><\/td><td class=\"has-text-align-center\" data-align=\"center\">3,50 \u20ac<\/td><td class=\"has-text-align-center\" data-align=\"center\"><\/td><td class=\"has-text-align-center\" data-align=\"center\"><\/td><\/tr><tr><td class=\"has-text-align-center\" data-align=\"center\"><strong><mark style=\"background-color:rgba(0, 0, 0, 0);color:#c50808\" class=\"has-inline-color\">Individual anual Pass <\/mark><\/strong><\/td><td class=\"has-text-align-center\" data-align=\"center\">44 \u20ac<\/td><td class=\"has-text-align-center\" data-align=\"center\">33 \u20ac<\/td><td class=\"has-text-align-center\" data-align=\"center\">33 \u20ac<\/td><\/tr><tr><td class=\"has-text-align-center\" data-align=\"center\"><strong><mark style=\"background-color:rgba(0, 0, 0, 0);color:#c50808\" class=\"has-inline-color\">Ticket Giant Runway<\/mark><\/strong><\/td><td class=\"has-text-align-center\" data-align=\"center\">20 \u20ac<\/td><td class=\"has-text-align-center\" data-align=\"center\">14 \u20ac<\/td><td class=\"has-text-align-center\" data-align=\"center\">11 \u20ac<\/td><\/tr><tr><td class=\"has-text-align-center\" data-align=\"center\"><strong><mark style=\"background-color:rgba(0, 0, 0, 0);color:#c50808\" class=\"has-inline-color\">Lunch of the Little Mechanics<\/mark><\/strong><\/td><td class=\"has-text-align-center\" data-align=\"center\">65 \u20ac <\/td><td class=\"has-text-align-center\" data-align=\"center\">&#8211;<\/td><td class=\"has-text-align-center\" data-align=\"center\">&#8211;<\/td><\/tr><\/tbody><\/table><\/figure>\n\n\n\n<ul class=\"wp-block-list\">\n<li><strong>*Reduced Rate : <\/strong>students, jobseekers, people with disabilities, 13-17 year-olds,&nbsp;<a href=\"https:\/\/billetterie.halledelamachine.fr\/index-css5-halledelamachinegroupesreserva-pg1.html\">groupes de 20 personnes <\/a>and more &nbsp;(except for the ticket Giant Runway ), pass tourism, Occ&#8217;yg\u00e8ne<\/li>\n\n\n\n<li><strong>**Super Reduced Rate<\/strong> : 6-12 year-old, recipients of minimum social benefits<\/li>\n\n\n\n<li><strong>Free : <\/strong>\u2264 5 year-old <em>(1) For people with a disability card marked &#8220;needs assistance&#8221;, the accompanying person is free of charge. Disabled parking cards and priority cards do not entitle the holder to reduced fares.<\/em><\/li>\n<\/ul>\n\n\n\n<p><strong>Means of payment accepted on site: <\/strong>credit card &#8211; cash &#8211; holiday vouchers &#8211; Culture Pass for schoolchildren<\/p>\n\n\n\n<\/div> <!-- .HM23_TEXT_CONTAINER --><div class=\"HM23_CONTENT_BLOCK\"  style=\"text-align:center;\" ><a  href=\"https:\/\/billetterie.halledelamachine.fr\/index-css5-halledelamachine-pg1.html\" target=\"_blank\"  class=\"HM23_CTA\">BOOKING ONLINE<\/a><\/div><div class=\"HM23_TEXT_CONTAINER\">\n\n\n<h3 class=\"wp-block-heading\" class=\"wp-block-heading\" id=\"annual-individual-pass\">ANNUAL INDIVIDUAL PASS<\/h3>\n\n\n\n<p>Visit of la Halle illimited + 1 travel on the Minotaur<\/p>\n\n\n\n<h3 class=\"wp-block-heading\" class=\"wp-block-heading\" id=\"manege-carre-senart\">MAN\u00c8GE CARR\u00c9 S\u00c9NART<\/h3>\n\n\n\n<p>On-site ticket office \/ Open Saturdays and Sundays and during school holidays (Zone C) during Halle de La Machine opening hours.<br>3.50 per tour || 1 free ticket for every 5 tickets purchased.<\/p>\n\n\n\n<h3 class=\"wp-block-heading\" class=\"wp-block-heading\" id=\"billet-piste-des-geants\">BILLET PISTE DES G\u00c9ANTS<\/h3>\n\n\n\n<p>This ticket includes a visit to the Halle de La Machine + access to the permanent exhibition of the museum L&#8217;Envol des Pionniers. Individual rates only. Supplement for a Voyage en Minotaure: \u20ac5 to \u20ac10<\/p>\n\n\n\n<h3 class=\"wp-block-heading\" class=\"wp-block-heading\" id=\"tourism\">TOURISM<\/h3>\n\n\n\n<p><a href=\"https:\/\/www.toulouse-tourisme.com\/pass-tourisme\" target=\"_blank\" rel=\"noreferrer noopener\">Pass tourism<\/a> :  a full fare ticket at the reduced fare price<\/p>\n\n\n\n<h3 class=\"wp-block-heading\" class=\"wp-block-heading\" id=\"partenariat\">PARTENARIAT<\/h3>\n\n\n\n<p><a href=\"https:\/\/www.ugc.fr\/cinema.html?id=56#\">UGC Montaudran<\/a>&nbsp;: 6,50 \u20ac \/ movie with a ticket of visit or travel on Minotaur<\/p>\n\n\n\n<p>SNCF VOYAGEURS&nbsp;: Reduce ticket with your train ticket Lio<\/p>\n","protected":false},"excerpt":{"rendered":"<p>Full Rate Reduced Rate * Super Reduced Rate** Visit of the Halle de La Machine (about 1h30 of visit) 12 \u20ac 9 \u20ac 6 \u20ac Travel on Minotaur(about 25 min) 12 \u20ac 9 \u20ac 6 \u20ac Visit + Travel 21 \u20ac 15 \u20ac 11 \u20ac Carousel Carr\u00e9 S\u00e9nart 3,50 \u20ac Individual anual Pass 44 \u20ac&hellip; <a class=\"more-link\" href=\"https:\/\/www.halledelamachine.fr\/en\/tarifs\/\">Continue reading <span class=\"screen-reader-text\">Prices &amp; Reservation<\/span><\/a><\/p>\n","protected":false},"author":2,"featured_media":1587,"parent":0,"menu_order":0,"comment_status":"closed","ping_status":"closed","template":"","meta":{"_acf_changed":false,"footnotes":""},"class_list":["post-2190","page","type-page","status-publish","has-post-thumbnail","hentry","entry"],"acf":[],"_links":{"self":[{"href":"https:\/\/www.halledelamachine.fr\/en\/wp-json\/wp\/v2\/pages\/2190","targetHints":{"allow":["GET"]}}],"collection":[{"href":"https:\/\/www.halledelamachine.fr\/en\/wp-json\/wp\/v2\/pages"}],"about":[{"href":"https:\/\/www.halledelamachine.fr\/en\/wp-json\/wp\/v2\/types\/page"}],"author":[{"embeddable":true,"href":"https:\/\/www.halledelamachine.fr\/en\/wp-json\/wp\/v2\/users\/2"}],"replies":[{"embeddable":true,"href":"https:\/\/www.halledelamachine.fr\/en\/wp-json\/wp\/v2\/comments?post=2190"}],"version-history":[{"count":7,"href":"https:\/\/www.halledelamachine.fr\/en\/wp-json\/wp\/v2\/pages\/2190\/revisions"}],"predecessor-version":[{"id":2752,"href":"https:\/\/www.halledelamachine.fr\/en\/wp-json\/wp\/v2\/pages\/2190\/revisions\/2752"}],"wp:featuredmedia":[{"embeddable":true,"href":"https:\/\/www.halledelamachine.fr\/en\/wp-json\/wp\/v2\/media\/1587"}],"wp:attachment":[{"href":"https:\/\/www.halledelamachine.fr\/en\/wp-json\/wp\/v2\/media?parent=2190"}],"curies":[{"name":"wp","href":"https:\/\/api.w.org\/{rel}","templated":true}]}}