{"id":2199,"date":"2024-04-08T16:15:29","date_gmt":"2024-04-08T14:15:29","guid":{"rendered":"https:\/\/www.halledelamachine.fr\/les-autres-groupes\/"},"modified":"2025-05-05T09:40:16","modified_gmt":"2025-05-05T07:40:16","slug":"les-autres-groupes","status":"publish","type":"page","link":"https:\/\/www.halledelamachine.fr\/en\/les-autres-groupes\/","title":{"rendered":"Works Councils &amp; Groups"},"content":{"rendered":"<\/div> <!-- .HM23_TEXT_CONTAINER --><div class=\"HM23_CONTENT_BLOCK HM23_CHAPEAU\"><p>Over 20 people, you form a group and benefit from the reduced rate. Combine your visit as you wish and enjoy a unique experience. Visit to the Halle de La Machine, Minotaur journey or ride on the Carr\u00e9 S\u00e9nart Carousel : Combine your visit as you wish and enjoy a unique experience !<\/p>\n<\/div><div class=\"HM23_TEXT_CONTAINER\">\n\n<\/div> <!-- .HM23_TEXT_CONTAINER --><div class=\"HM23_CONTENT_BLOCK_FULL HM23_GALERIE\"><div class=\"HM23_GALERIE_TITRE\"><\/div><div id=\"HM23_G_1083855\" class=\"HM23_GALERIE_CONTAINER\"><div class=\"HM23_GALERIE_ITEM\"><img decoding=\"async\" src=\"https:\/\/www.halledelamachine.fr\/wp-content\/uploads\/2024\/03\/IMG_7294.webp\" alt=\"\" loading=\"lazy\"><\/div><div class=\"HM23_GALERIE_ITEM\"><img decoding=\"async\" src=\"https:\/\/www.halledelamachine.fr\/wp-content\/uploads\/2024\/03\/IMG_2199.webp\" alt=\"\" loading=\"lazy\"><\/div><div class=\"HM23_GALERIE_ITEM\"><img decoding=\"async\" src=\"https:\/\/www.halledelamachine.fr\/wp-content\/uploads\/2024\/04\/IMG_6102-1024x683.webp\" alt=\"\" loading=\"lazy\"><\/div><\/div>\t\t<script>\n\t\t$( document ).ready(function() {\n\t\t\t$('#HM23_G_1083855').flickity({\n\t\t\t  \/\/ options\n\t\t\t  cellAlign: 'left',\n\t\t\t  contain: true\n\t\t\t});\n\t\t})\n\t\t\n\t\t<\/script>\n\t\t<div class=\"HM23_TEXT_CONTAINER\">\n\n\n<h1 class=\"wp-block-heading\" class=\"wp-block-heading\" id=\"works-councils\">Works councils<\/h1>\n\n\n\n<p>A Veritable Machinist will accompany you for an hour inside the Halle to discover the stable of show machines from the La Machine company. Would you like to give your staff a unique experience? Climb aboard the Minotaur for a 25-minute excursion on the former A\u00e9ropostale Runway. Whether you&#8217;re on board the machine or an attentive observer on the ground, you can study the movements, understand the mechanisms laid bare, or simply let yourself be carried away by the emotion and theatricality of the Guardian of the Temple. And why not take advantage of your visit to Montaudran to discover the Man\u00e8ge Carr\u00e9 S\u00e9nart, a wooden carousel of extraordinary dimensions.<\/p>\n\n\n<div class=\"HM23_CONTENT_BLOCK_LARGE HM23_INFOS_PRATIQUES\"><div class=\"HM23_TI_TITRE\">Pratical  Information<\/div><div class=\"HM23_TI_TEXTE_CONTENU\"><p><strong>Works Comitees (over 20 tickets)<\/strong><\/p>\n<ul>\n<li>Visit to the Hall on a free date: \u20ac9 \/ person, \u20ac6 for under-12s.<\/li>\n<li>Minotaur trip (booking essential): \u20ac9\/person, \u20ac6 for under-12s.<\/li>\n<li>Tour of the Hall + Minotaur trip: \u20ac15\/person, \u20ac11 for under-12s.<br \/>\n(1 free place for an accompanying adult for every 20 tickets purchased).<\/li>\n<li>Tickets can be used during the calendar year from 1 January to 31 December.The Works Council buys batches of tickets on a free date, valid for one year. Employees are given a code that enables them to book their date of visit directly on our online ticketing site. Note that you buy the tickets at a reduced rate. If the employee wishes to bring children, we offer a super-reduced \/ free rate (-5 years) which they can book directly online when they confirm their tickets.\n<p><strong>Other groups<\/strong>At La Halle de La Machine, groups are made up of between 20 and 35 people maximum. For larger groups, a new group must be formed. Group rates subject to availability of places and time slots + \u20ac1 survey booklet for a fee.<\/li>\n<\/ul>\n<\/div><a class=\"HM23_CTA\" href=\"https:\/\/billetterie.halledelamachine.fr\/index-css5-halledelamachinegroupesreserva-pg1.html\"  target = \"_blank\" >RESERVATION VIA THE FORM<\/a><\/div>\n\n\n<hr class=\"wp-block-separator has-alpha-channel-opacity\"\/>\n\n\n\n<h1 class=\"wp-block-heading\" class=\"wp-block-heading\" id=\"minotaure-cafe\">minotaure caf\u00e9<\/h1>\n\n\n\n<p>On-site catering available at the Minotaure Caf\u00e9. Booking compulsory for groups on 05.32.10.88.86 or at <a href=\"mailto:minotaurecafe@halledelamachine.fr\">minotaurecafe@halledelamachine.fr<\/a> . More informations about the Minotaure Caf\u00e9 <a href=\"https:\/\/www.halledelamachine.fr\/en\/minotaure-cafe\/\" target=\"_blank\" rel=\"noreferrer noopener\">here +<\/a><\/p>\n\n\n\n<hr class=\"wp-block-separator has-alpha-channel-opacity\"\/>\n\n\n\n<h1 class=\"wp-block-heading\" class=\"wp-block-heading\" id=\"les-mecanniversaires\">Les m\u00e9canniversaires<\/h1>\n\n\n\n<p><strong>Children aged 5 to 12 can blow out their candles at a Happy Birthday party, in the presence of Asterion.<\/strong><\/p>\n\n\n\n<div class=\"wp-block-media-text is-stacked-on-mobile\"><figure class=\"wp-block-media-text__media\"><img loading=\"lazy\" decoding=\"async\" width=\"950\" height=\"633\" src=\"https:\/\/www.halledelamachine.fr\/wp-content\/uploads\/2024\/04\/IMG_4586.webp\" alt=\"\" class=\"wp-image-1411 size-full\" srcset=\"https:\/\/www.halledelamachine.fr\/wp-content\/uploads\/2024\/04\/IMG_4586.webp 950w, https:\/\/www.halledelamachine.fr\/wp-content\/uploads\/2024\/04\/IMG_4586-300x200.webp 300w, https:\/\/www.halledelamachine.fr\/wp-content\/uploads\/2024\/04\/IMG_4586-768x512.webp 768w, https:\/\/www.halledelamachine.fr\/wp-content\/uploads\/2024\/04\/IMG_4586-5x3.webp 5w\" sizes=\"auto, (max-width: 950px) 100vw, 950px\" \/><\/figure><div class=\"wp-block-media-text__content\">\n<p>There are two options for an unforgettable day out, depending on your age (5-8 and 8-12). The group will be given a special welcome by a Genuine Machinist. Read a mechanical story, visit the Halle de la Machine, discover the new entresorts, a snowstorm, the Carr\u00e9 S\u00e9nart merry-go-round, a souvenir photo with your friends and a delicious snack concocted by the Minotaure Caf\u00e9\u2026 Lots of surprises await you! And the icing on the birthday cake: a special treat from the whole Halle de la Machine team!<\/p>\n<\/div><\/div>\n\n\n<div class=\"HM23_CONTENT_BLOCK_LARGE HM23_INFOS_PRATIQUES\"><div class=\"HM23_TI_TITRE\">Pratical Information<\/div><div class=\"HM23_TI_TEXTE_CONTENU\"><p><strong>\u2022 Duration: 2 hours. Price: \u20ac200 for a group of up to 8 children, snack included.<\/strong><br \/>\nIt is possible to complete the Joyeux M\u00e9ca&#8217;nniversaire with an optional Voyage en Minotaure. The booking also allows the group to continue visiting the Halle de la Machine freely throughout the day. Happy Mecha&#8217;niversaries are offered on Saturdays only, from 27 April (excluding school holidays and with the exception of Saturday 11 May).<br \/>\n3 slots are available: from 10am to 12pm, from 1.30pm to 3.30pm and from 3pm to 5pm.<br \/>\nIt is advisable to book at least one month before the chosen date.<\/p>\n<\/div><a class=\"HM23_CTA\" href=\"https:\/\/billetterie.halledelamachine.fr\/joyeux-meca-nniversaire-visite-css5-halledelamachine-pg51-ei988145.html\"  target = \"_blank\" >BOOK YOUT MECANNIVERSAIRE<\/a><\/div>","protected":false},"excerpt":{"rendered":"<p>Works councils A Veritable Machinist will accompany you for an hour inside the Halle to discover the stable of show machines from the La Machine company. Would you like to give your staff a unique experience? Climb aboard the Minotaur for a 25-minute excursion on the former A\u00e9ropostale Runway. Whether you&#8217;re on board the machine&hellip; <a class=\"more-link\" href=\"https:\/\/www.halledelamachine.fr\/en\/les-autres-groupes\/\">Continue reading <span class=\"screen-reader-text\">Works Councils &amp; Groups<\/span><\/a><\/p>\n","protected":false},"author":2,"featured_media":824,"parent":0,"menu_order":0,"comment_status":"closed","ping_status":"closed","template":"","meta":{"_acf_changed":false,"footnotes":""},"class_list":["post-2199","page","type-page","status-publish","has-post-thumbnail","hentry","entry"],"acf":[],"_links":{"self":[{"href":"https:\/\/www.halledelamachine.fr\/en\/wp-json\/wp\/v2\/pages\/2199","targetHints":{"allow":["GET"]}}],"collection":[{"href":"https:\/\/www.halledelamachine.fr\/en\/wp-json\/wp\/v2\/pages"}],"about":[{"href":"https:\/\/www.halledelamachine.fr\/en\/wp-json\/wp\/v2\/types\/page"}],"author":[{"embeddable":true,"href":"https:\/\/www.halledelamachine.fr\/en\/wp-json\/wp\/v2\/users\/2"}],"replies":[{"embeddable":true,"href":"https:\/\/www.halledelamachine.fr\/en\/wp-json\/wp\/v2\/comments?post=2199"}],"version-history":[{"count":2,"href":"https:\/\/www.halledelamachine.fr\/en\/wp-json\/wp\/v2\/pages\/2199\/revisions"}],"predecessor-version":[{"id":3142,"href":"https:\/\/www.halledelamachine.fr\/en\/wp-json\/wp\/v2\/pages\/2199\/revisions\/3142"}],"wp:featuredmedia":[{"embeddable":true,"href":"https:\/\/www.halledelamachine.fr\/en\/wp-json\/wp\/v2\/media\/824"}],"wp:attachment":[{"href":"https:\/\/www.halledelamachine.fr\/en\/wp-json\/wp\/v2\/media?parent=2199"}],"curies":[{"name":"wp","href":"https:\/\/api.w.org\/{rel}","templated":true}]}}