{"id":2507,"date":"2024-08-26T16:11:38","date_gmt":"2024-08-26T14:11:38","guid":{"rendered":"https:\/\/www.halledelamachine.fr\/?page_id=2507"},"modified":"2024-08-26T16:11:38","modified_gmt":"2024-08-26T14:11:38","slug":"cultural-action","status":"publish","type":"page","link":"https:\/\/www.halledelamachine.fr\/en\/cultural-action\/","title":{"rendered":"Cultural Action"},"content":{"rendered":"<\/div> <!-- .HM23_TEXT_CONTAINER --><div class=\"HM23_CONTENT_BLOCK HM23_CHAPEAU\"><p>Discover the world of Company La Machine and develop projects around art, technology and imagination at the Halle of La Machine.<\/p>\n<\/div><div class=\"HM23_TEXT_CONTAINER\">\n\n<\/div> <!-- .HM23_TEXT_CONTAINER --><div class=\"HM23_CONTENT_BLOCK_FULL HM23_GALERIE\"><div class=\"HM23_GALERIE_TITRE\"><\/div><div id=\"HM23_G_6983717\" class=\"HM23_GALERIE_CONTAINER\"><div class=\"HM23_GALERIE_ITEM\"><img decoding=\"async\" src=\"https:\/\/www.halledelamachine.fr\/wp-content\/uploads\/2024\/04\/DSC_4862_2-1024x686.webp\" alt=\"\" loading=\"lazy\"><\/div><div class=\"HM23_GALERIE_ITEM\"><img decoding=\"async\" src=\"https:\/\/www.halledelamachine.fr\/wp-content\/uploads\/2024\/04\/IMG_4586.webp\" alt=\"\" loading=\"lazy\"><\/div><div class=\"HM23_GALERIE_ITEM\"><img decoding=\"async\" src=\"https:\/\/www.halledelamachine.fr\/wp-content\/uploads\/2024\/04\/IMG_20220603_145200068.webp\" alt=\"\" loading=\"lazy\"><\/div><\/div>\t\t<script>\n\t\t$( document ).ready(function() {\n\t\t\t$('#HM23_G_6983717').flickity({\n\t\t\t  \/\/ options\n\t\t\t  cellAlign: 'left',\n\t\t\t  contain: true\n\t\t\t});\n\t\t})\n\t\t\n\t\t<\/script>\n\t\t<div class=\"HM23_TEXT_CONTAINER\">\n\n\n<p>Since its opening in 2018, the Halle of La Machine has been carrying out actions with schools and local society. By setting up on the old airmail runway, Company La Machine is part of the legend of great explorations by transforming public space while questioning what the city is. Fran\u00e7ois Delaroziere inscribes his artistic gesture there by advocating movement as a language and source of emotions.<\/p>\n\n\n\n<p>The Office of Beautiful Encounters at the Halle of La Machine, through concrete and personalised actions, mediates this artistic gesture with the public every day by developing a wide diversity of cultural mediation actions, co-constructed with the social and cultural actors of the neighborhood, city or region.<\/p>\n\n\n\n<p><strong>For example, Halle of La Machine develops a wide variety of projects :<\/strong><\/p>\n\n\n\n<h1 class=\"wp-block-heading\" class=\"wp-block-heading\" id=\"projets-for-all\">projets for all<\/h1>\n\n\n\n<div class=\"wp-block-columns is-layout-flex wp-container-core-columns-is-layout-9d6595d7 wp-block-columns-is-layout-flex\">\n<div class=\"wp-block-column is-layout-flow wp-block-column-is-layout-flow\">\n<div class=\"wp-block-cover\"><span aria-hidden=\"true\" class=\"wp-block-cover__background has-background-dim\" style=\"background-color:#867f7e\"><\/span><img loading=\"lazy\" decoding=\"async\" width=\"1512\" height=\"2016\" class=\"wp-block-cover__image-background wp-image-1504\" alt=\"\" src=\"https:\/\/www.halledelamachine.fr\/wp-content\/uploads\/2024\/04\/434146422_1145467046809737_6730087408834064035_n.jpg\" style=\"object-position:62% 72%\" data-object-fit=\"cover\" data-object-position=\"62% 72%\" srcset=\"https:\/\/www.halledelamachine.fr\/wp-content\/uploads\/2024\/04\/434146422_1145467046809737_6730087408834064035_n.jpg 1512w, https:\/\/www.halledelamachine.fr\/wp-content\/uploads\/2024\/04\/434146422_1145467046809737_6730087408834064035_n-225x300.jpg 225w, https:\/\/www.halledelamachine.fr\/wp-content\/uploads\/2024\/04\/434146422_1145467046809737_6730087408834064035_n-768x1024.jpg 768w, https:\/\/www.halledelamachine.fr\/wp-content\/uploads\/2024\/04\/434146422_1145467046809737_6730087408834064035_n-1152x1536.jpg 1152w, https:\/\/www.halledelamachine.fr\/wp-content\/uploads\/2024\/04\/434146422_1145467046809737_6730087408834064035_n-1350x1800.jpg 1350w\" sizes=\"auto, (max-width: 1512px) 100vw, 1512px\" \/><div class=\"wp-block-cover__inner-container is-layout-constrained wp-block-cover-is-layout-constrained\">\n<h2 class=\"wp-block-heading has-text-align-center has-white-color has-text-color has-link-color has-large-font-size wp-elements-b3ae464817d0c00da36ae5b8dc43304b\" class=\"wp-block-heading has-text-align-center has-white-color has-text-color has-link-color has-large-font-size wp-elements-b3ae464817d0c00da36ae5b8dc43304b\" id=\"young-audience-project\">YOUNG AUDIENCE PROJECT<\/h2>\n<\/div><\/div>\n\n\n\n<p>It\u2019s never too early to discover the mechanical stables of the Halle de la Machine!<\/p>\n\n\n\n<p>The early childhood circuit is aimed at nurseries and early childhood establishments in the Toulouse area. During three sensory sessions, little ones discover the Halle&#8217;s machines through touch, hearing and sight.<\/p>\n\n\n\n<p><strong><em>In partnership with<\/em><\/strong> <strong style=\"font-style: italic;\">the Mairie de Toulouse<\/strong><\/p>\n<\/div>\n\n\n\n<div class=\"wp-block-column is-layout-flow wp-block-column-is-layout-flow\">\n<div class=\"wp-block-cover\"><span aria-hidden=\"true\" class=\"wp-block-cover__background has-background-dim\" style=\"background-color:#867f7e\"><\/span><img loading=\"lazy\" decoding=\"async\" width=\"1055\" height=\"522\" class=\"wp-block-cover__image-background wp-image-1479\" alt=\"\" src=\"https:\/\/www.halledelamachine.fr\/wp-content\/uploads\/2024\/04\/visite-lsf-catpure-4.jpg\" data-object-fit=\"cover\" srcset=\"https:\/\/www.halledelamachine.fr\/wp-content\/uploads\/2024\/04\/visite-lsf-catpure-4.jpg 1055w, https:\/\/www.halledelamachine.fr\/wp-content\/uploads\/2024\/04\/visite-lsf-catpure-4-300x148.jpg 300w, https:\/\/www.halledelamachine.fr\/wp-content\/uploads\/2024\/04\/visite-lsf-catpure-4-1024x507.jpg 1024w, https:\/\/www.halledelamachine.fr\/wp-content\/uploads\/2024\/04\/visite-lsf-catpure-4-768x380.jpg 768w, https:\/\/www.halledelamachine.fr\/wp-content\/uploads\/2024\/04\/visite-lsf-catpure-4-5x2.jpg 5w\" sizes=\"auto, (max-width: 1055px) 100vw, 1055px\" \/><div class=\"wp-block-cover__inner-container is-layout-constrained wp-block-cover-is-layout-constrained\">\n<h2 class=\"wp-block-heading has-text-align-center has-white-color has-text-color has-link-color has-large-font-size wp-elements-c2750b94c9c02975488ac6e868825ad2\" class=\"wp-block-heading has-text-align-center has-white-color has-text-color has-link-color has-large-font-size wp-elements-c2750b94c9c02975488ac6e868825ad2\" id=\"health-disability\"><strong>HEALTH &amp; DISABILITY<\/strong><\/h2>\n<\/div><\/div>\n\n\n\n<p>French Sign Language tours are organised every third Saturday of the month by Veritable Signing Deaf Machinists. As part of the Mecanik Paradize festival, five vibrating vests were made available to deaf and hard of hearing people, allowing them to fully enjoy the concerts.<\/p>\n\n\n\n<p><em><strong><strong><em>In partnership with<\/em><\/strong> <strong style=\"font-style: italic;\">the<\/strong> Mairie de Toulouse<\/strong><\/em><\/p>\n<\/div>\n\n\n\n<div class=\"wp-block-column is-layout-flow wp-block-column-is-layout-flow\">\n<div class=\"wp-block-cover\"><span aria-hidden=\"true\" class=\"wp-block-cover__background has-background-dim\" style=\"background-color:#867f7e\"><\/span><img loading=\"lazy\" decoding=\"async\" width=\"2492\" height=\"1760\" class=\"wp-block-cover__image-background wp-image-1476\" alt=\"\" src=\"https:\/\/www.halledelamachine.fr\/wp-content\/uploads\/2024\/04\/Poster-com-A0-dibond-3-versions-L-2.jpg\" data-object-fit=\"cover\" srcset=\"https:\/\/www.halledelamachine.fr\/wp-content\/uploads\/2024\/04\/Poster-com-A0-dibond-3-versions-L-2.jpg 2492w, https:\/\/www.halledelamachine.fr\/wp-content\/uploads\/2024\/04\/Poster-com-A0-dibond-3-versions-L-2-300x212.jpg 300w, https:\/\/www.halledelamachine.fr\/wp-content\/uploads\/2024\/04\/Poster-com-A0-dibond-3-versions-L-2-1024x723.jpg 1024w, https:\/\/www.halledelamachine.fr\/wp-content\/uploads\/2024\/04\/Poster-com-A0-dibond-3-versions-L-2-768x542.jpg 768w, https:\/\/www.halledelamachine.fr\/wp-content\/uploads\/2024\/04\/Poster-com-A0-dibond-3-versions-L-2-1536x1085.jpg 1536w, https:\/\/www.halledelamachine.fr\/wp-content\/uploads\/2024\/04\/Poster-com-A0-dibond-3-versions-L-2-2048x1446.jpg 2048w, https:\/\/www.halledelamachine.fr\/wp-content\/uploads\/2024\/04\/Poster-com-A0-dibond-3-versions-L-2-1568x1107.jpg 1568w, https:\/\/www.halledelamachine.fr\/wp-content\/uploads\/2024\/04\/Poster-com-A0-dibond-3-versions-L-2-1800x1271.jpg 1800w, https:\/\/www.halledelamachine.fr\/wp-content\/uploads\/2024\/04\/Poster-com-A0-dibond-3-versions-L-2-5x5.jpg 5w\" sizes=\"auto, (max-width: 2492px) 100vw, 2492px\" \/><div class=\"wp-block-cover__inner-container is-layout-constrained wp-block-cover-is-layout-constrained\">\n<h2 class=\"wp-block-heading has-text-align-center has-white-color has-text-color has-link-color has-large-font-size wp-elements-33b07e42e068d0da6c5beb501c19e74a\" class=\"wp-block-heading has-text-align-center has-white-color has-text-color has-link-color has-large-font-size wp-elements-33b07e42e068d0da6c5beb501c19e74a\" id=\"leisure-and-after-school-centres\">leisure and <br>after-school centres<\/h2>\n<\/div><\/div>\n\n\n\n<p>The Halle of la Machine and the L\u00e9o Lagrange Federation are collaborating on the \u201cSmall Mechanics, Big Movements\u201d project; a journey around the mechanisms of the machines presented through the Suitcase of Small Mechanics*. This 4-year project aims to develop actions in the region with CLAE and ADL in Toulouse.<\/p>\n\n\n\n<p><em><strong><strong><em>In partnership with<\/em><\/strong> <strong style=\"font-style: italic;\">the<\/strong> F\u00e9d\u00e9ration L\u00e9o Lagrange<\/strong><\/em><\/p>\n<\/div>\n<\/div>\n\n\n\n<h1 class=\"wp-block-heading has-black-color has-text-color has-link-color wp-elements-f65e5228309c1323fa960c0411c3db8a\" class=\"wp-block-heading has-black-color has-text-color has-link-color wp-elements-f65e5228309c1323fa960c0411c3db8a\" id=\"territory-projects\">territory Projects<\/h1>\n\n\n\n<div class=\"wp-block-columns is-layout-flex wp-container-core-columns-is-layout-9d6595d7 wp-block-columns-is-layout-flex\">\n<div class=\"wp-block-column is-layout-flow wp-block-column-is-layout-flow\">\n<div class=\"wp-block-cover\"><span aria-hidden=\"true\" class=\"wp-block-cover__background has-background-dim\" style=\"background-color:#867f7e\"><\/span><img loading=\"lazy\" decoding=\"async\" width=\"800\" height=\"1200\" class=\"wp-block-cover__image-background wp-image-1482\" alt=\"\" src=\"https:\/\/www.halledelamachine.fr\/wp-content\/uploads\/2024\/04\/IMG_6326-ok-1.webp\" style=\"object-position:54% 7%\" data-object-fit=\"cover\" data-object-position=\"54% 7%\" srcset=\"https:\/\/www.halledelamachine.fr\/wp-content\/uploads\/2024\/04\/IMG_6326-ok-1.webp 800w, https:\/\/www.halledelamachine.fr\/wp-content\/uploads\/2024\/04\/IMG_6326-ok-1-200x300.webp 200w, https:\/\/www.halledelamachine.fr\/wp-content\/uploads\/2024\/04\/IMG_6326-ok-1-683x1024.webp 683w, https:\/\/www.halledelamachine.fr\/wp-content\/uploads\/2024\/04\/IMG_6326-ok-1-768x1152.webp 768w, https:\/\/www.halledelamachine.fr\/wp-content\/uploads\/2024\/04\/IMG_6326-ok-1-3x5.webp 3w\" sizes=\"auto, (max-width: 800px) 100vw, 800px\" \/><div class=\"wp-block-cover__inner-container is-layout-constrained wp-block-cover-is-layout-constrained\">\n<h2 class=\"wp-block-heading has-text-align-center has-white-color has-text-color has-link-color has-large-font-size wp-elements-68fdc61828a46f71092d70526e95d9d4\" class=\"wp-block-heading has-text-align-center has-white-color has-text-color has-link-color has-large-font-size wp-elements-68fdc61828a46f71092d70526e95d9d4\" id=\"collective-creation-music-and-mecanics\">collective Cr\u00e9ation <br>\u00ab\u00a0Music and M\u00e9canics\u00a0\u00bb<\/h2>\n<\/div><\/div>\n\n\n\n<p>Once a month, a group of young amateur musicians from the Ramonville Music School meets at the Halle to follow a workshop with Mino Malan around the machines of the Mechanical Symphony. The objective of these workshops is not only to learn how to manipulate the machines of the Mechanical Symphony but also to associate this new practice with that of their instruments.<\/p>\n\n\n\n<p><em><strong>With the <em>\u00c9cole Municipale d\u2019Enseignement Artistique de Ramonville<\/em><\/strong><\/em><\/p>\n<\/div>\n\n\n\n<div class=\"wp-block-column is-layout-flow wp-block-column-is-layout-flow\">\n<div class=\"wp-block-cover\"><span aria-hidden=\"true\" class=\"wp-block-cover__background has-background-dim\" style=\"background-color:#867f7e\"><\/span><img loading=\"lazy\" decoding=\"async\" width=\"2479\" height=\"1778\" class=\"wp-block-cover__image-background wp-image-1402\" alt=\"\" src=\"https:\/\/www.halledelamachine.fr\/wp-content\/uploads\/2024\/04\/Poster-com-A0-dibond-3-versions-L-3.bmp\" data-object-fit=\"cover\" srcset=\"https:\/\/www.halledelamachine.fr\/wp-content\/uploads\/2024\/04\/Poster-com-A0-dibond-3-versions-L-3.bmp 2479w, https:\/\/www.halledelamachine.fr\/wp-content\/uploads\/2024\/04\/Poster-com-A0-dibond-3-versions-L-3-300x215.jpg 300w, https:\/\/www.halledelamachine.fr\/wp-content\/uploads\/2024\/04\/Poster-com-A0-dibond-3-versions-L-3-1024x734.jpg 1024w, https:\/\/www.halledelamachine.fr\/wp-content\/uploads\/2024\/04\/Poster-com-A0-dibond-3-versions-L-3-768x551.jpg 768w, https:\/\/www.halledelamachine.fr\/wp-content\/uploads\/2024\/04\/Poster-com-A0-dibond-3-versions-L-3-1536x1102.jpg 1536w, https:\/\/www.halledelamachine.fr\/wp-content\/uploads\/2024\/04\/Poster-com-A0-dibond-3-versions-L-3-2048x1469.jpg 2048w, https:\/\/www.halledelamachine.fr\/wp-content\/uploads\/2024\/04\/Poster-com-A0-dibond-3-versions-L-3-1568x1125.jpg 1568w, https:\/\/www.halledelamachine.fr\/wp-content\/uploads\/2024\/04\/Poster-com-A0-dibond-3-versions-L-3-1800x1291.jpg 1800w, https:\/\/www.halledelamachine.fr\/wp-content\/uploads\/2024\/04\/Poster-com-A0-dibond-3-versions-L-3-5x5.jpg 5w\" sizes=\"auto, (max-width: 2479px) 100vw, 2479px\" \/><div class=\"wp-block-cover__inner-container is-layout-constrained wp-block-cover-is-layout-constrained\">\n<h2 class=\"wp-block-heading has-text-align-center has-white-color has-text-color has-link-color has-large-font-size wp-elements-6f11674af37db1847bad2e19f8945d52\" class=\"wp-block-heading has-text-align-center has-white-color has-text-color has-link-color has-large-font-size wp-elements-6f11674af37db1847bad2e19f8945d52\" id=\"suitcase-for-small-mechanics\">suitcase for <br>small Mechanics<\/h2>\n<\/div><\/div>\n\n\n\n<p>The Small Mechanics Suitcases are <strong>educational tools<\/strong> allowing you to understand some of the moving mechanisms that can be found on machines: pneumatic and hydraulic cylinders, pinions, transmission rods, endless screws, etc.<\/p>\n\n\n\n<p>These suitcases were created as part of a cultural action project with DSAA students from the Rive Gauche high school.<\/p>\n\n\n\n<p><em><strong>With the DSAA du lyc\u00e9e Rive Gauche<\/strong><\/em> <strong><em>et la DRAC Occitanie<\/em><\/strong><\/p>\n<\/div>\n\n\n\n<div class=\"wp-block-column is-layout-flow wp-block-column-is-layout-flow\">\n<div class=\"wp-block-cover is-light\"><span aria-hidden=\"true\" class=\"wp-block-cover__background has-background-dim\" style=\"background-color:#867f7e\"><\/span><img loading=\"lazy\" decoding=\"async\" width=\"1920\" height=\"2560\" class=\"wp-block-cover__image-background wp-image-1491\" alt=\"\" src=\"https:\/\/www.halledelamachine.fr\/wp-content\/uploads\/2024\/04\/PJJ1-scaled.jpg\" data-object-fit=\"cover\" srcset=\"https:\/\/www.halledelamachine.fr\/wp-content\/uploads\/2024\/04\/PJJ1-scaled.jpg 1920w, https:\/\/www.halledelamachine.fr\/wp-content\/uploads\/2024\/04\/PJJ1-225x300.jpg 225w, https:\/\/www.halledelamachine.fr\/wp-content\/uploads\/2024\/04\/PJJ1-768x1024.jpg 768w, https:\/\/www.halledelamachine.fr\/wp-content\/uploads\/2024\/04\/PJJ1-1152x1536.jpg 1152w, https:\/\/www.halledelamachine.fr\/wp-content\/uploads\/2024\/04\/PJJ1-1536x2048.jpg 1536w, https:\/\/www.halledelamachine.fr\/wp-content\/uploads\/2024\/04\/PJJ1-1568x2091.jpg 1568w, https:\/\/www.halledelamachine.fr\/wp-content\/uploads\/2024\/04\/PJJ1-1350x1800.jpg 1350w\" sizes=\"auto, (max-width: 1920px) 100vw, 1920px\" \/><div class=\"wp-block-cover__inner-container is-layout-constrained wp-block-cover-is-layout-constrained\">\n<h2 class=\"wp-block-heading has-text-align-center has-white-color has-text-color has-link-color has-large-font-size wp-elements-d31c40e65d2bde39b2787e2b30b990ce\" class=\"wp-block-heading has-text-align-center has-white-color has-text-color has-link-color has-large-font-size wp-elements-d31c40e65d2bde39b2787e2b30b990ce\" id=\"apprentice-machinists\">Apprentice Machinists<\/h2>\n<\/div><\/div>\n\n\n\n<p>In March 2023, five young people from the La Cale home attended construction workshops led by two Veritable Machinists. These workshops allowed young people to discover the process of creating a machine: from discovering the machines at the Halle through their manipulation to designing their own machine (function of the machine, sketches, design from recycled materials , handling).<\/p>\n\n\n\n<p><strong><em>With UEHC La Cale \/ PJJ<\/em><\/strong><\/p>\n\n\n\n<p><em>Supported by DRAC Culture\/Justice 2022<\/em><\/p>\n<\/div>\n<\/div>\n\n\n<div class=\"HM23_CONTENT_BLOCK_LARGE HM23_INFOS_PRATIQUES\"><div class=\"HM23_TI_TITRE\">Pratical Information<\/div><div class=\"HM23_TI_TEXTE_CONTENU\"><p>You would like to carry out a project with the Halle de La Machine, contact &#8211; us<\/p>\n<\/div><a class=\"HM23_CTA\" href=\"mailto : bellesrencontres@halledelamachine.fr\"  target = \"_blank\" >CONTACT THE OFFICE OF BEAUTIFUL ENCOUNTERS<\/a><\/div>\n\n\n<h2 class=\"wp-block-heading\" class=\"wp-block-heading\" id=\"become-a-volunteer\">Become a volunteer<\/h2>\n\n\n\n<div class=\"wp-block-media-text is-stacked-on-mobile\"><figure class=\"wp-block-media-text__media\"><img loading=\"lazy\" decoding=\"async\" width=\"800\" height=\"534\" src=\"https:\/\/www.halledelamachine.fr\/wp-content\/uploads\/2024\/04\/15-DSC_8357.webp\" alt=\"B\u00e9n\u00e9voles - credit photo Didier Theau\" class=\"wp-image-1498 size-full\" srcset=\"https:\/\/www.halledelamachine.fr\/wp-content\/uploads\/2024\/04\/15-DSC_8357.webp 800w, https:\/\/www.halledelamachine.fr\/wp-content\/uploads\/2024\/04\/15-DSC_8357-300x200.webp 300w, https:\/\/www.halledelamachine.fr\/wp-content\/uploads\/2024\/04\/15-DSC_8357-768x513.webp 768w, https:\/\/www.halledelamachine.fr\/wp-content\/uploads\/2024\/04\/15-DSC_8357-5x3.webp 5w\" sizes=\"auto, (max-width: 800px) 100vw, 800px\" \/><\/figure><div class=\"wp-block-media-text__content\">\n<p>Weaving links between the arts, encouraging approaches to openness to culture, giving meaning to public space through live performance, making accessible the emergence of a privileged link with the dreamlike universe of Company La Machine for all audiences\u2026 these are our missions!<\/p>\n\n\n\n<\/div> <!-- .HM23_TEXT_CONTAINER --><div class=\"HM23_CONTENT_BLOCK\"  style=\"text-align:center;\" ><a  href=\"mailto : benevoles@halledelamachine.fr\" target=\"_blank\"  class=\"HM23_CTA\">BECOME A VOLUNTEER<\/a><\/div><div class=\"HM23_TEXT_CONTAINER\"><\/div><\/div>\n","protected":false},"excerpt":{"rendered":"<p>Since its opening in 2018, the Halle of La Machine has been carrying out actions with schools and local society. By setting up on the old airmail runway, Company La Machine is part of the legend of great explorations by transforming public space while questioning what the city is. Fran\u00e7ois Delaroziere inscribes his artistic gesture&hellip; <a class=\"more-link\" href=\"https:\/\/www.halledelamachine.fr\/en\/cultural-action\/\">Continue reading <span class=\"screen-reader-text\">Cultural Action<\/span><\/a><\/p>\n","protected":false},"author":2,"featured_media":1499,"parent":0,"menu_order":0,"comment_status":"closed","ping_status":"closed","template":"","meta":{"_acf_changed":false,"footnotes":""},"class_list":["post-2507","page","type-page","status-publish","has-post-thumbnail","hentry","entry"],"acf":[],"_links":{"self":[{"href":"https:\/\/www.halledelamachine.fr\/en\/wp-json\/wp\/v2\/pages\/2507","targetHints":{"allow":["GET"]}}],"collection":[{"href":"https:\/\/www.halledelamachine.fr\/en\/wp-json\/wp\/v2\/pages"}],"about":[{"href":"https:\/\/www.halledelamachine.fr\/en\/wp-json\/wp\/v2\/types\/page"}],"author":[{"embeddable":true,"href":"https:\/\/www.halledelamachine.fr\/en\/wp-json\/wp\/v2\/users\/2"}],"replies":[{"embeddable":true,"href":"https:\/\/www.halledelamachine.fr\/en\/wp-json\/wp\/v2\/comments?post=2507"}],"version-history":[{"count":1,"href":"https:\/\/www.halledelamachine.fr\/en\/wp-json\/wp\/v2\/pages\/2507\/revisions"}],"predecessor-version":[{"id":2509,"href":"https:\/\/www.halledelamachine.fr\/en\/wp-json\/wp\/v2\/pages\/2507\/revisions\/2509"}],"wp:featuredmedia":[{"embeddable":true,"href":"https:\/\/www.halledelamachine.fr\/en\/wp-json\/wp\/v2\/media\/1499"}],"wp:attachment":[{"href":"https:\/\/www.halledelamachine.fr\/en\/wp-json\/wp\/v2\/media?parent=2507"}],"curies":[{"name":"wp","href":"https:\/\/api.w.org\/{rel}","templated":true}]}}