{"id":358,"date":"2023-09-22T15:32:37","date_gmt":"2023-09-22T13:32:37","guid":{"rendered":"https:\/\/www.halledelamachine.fr\/?page_id=358"},"modified":"2026-02-06T14:53:43","modified_gmt":"2026-02-06T13:53:43","slug":"halle-de-la-machine-accueil","status":"publish","type":"page","link":"https:\/\/www.halledelamachine.fr\/en\/","title":{"rendered":"halle de la machine accueil"},"content":{"rendered":"\n<div style=\"height:50px\" aria-hidden=\"true\" class=\"wp-block-spacer\"><\/div>\n\n\n<\/div> <!-- .HM23_TEXT_CONTAINER --><div class=\"HM23_CONTENT_BLOCK_LARGE HM23_AGENDA\"><div class=\"HM23_GALERIE_TITRE\">Currently at the Halle de La Machine<\/div><div id=\"HM23_FLICK_1720\" class=\"HM23_FLICK_CONTAINER\"><a href=\"https:\/\/www.halledelamachine.fr\/en\/evenements\/les-voyages-de-laeroflorale2\/\" class=\"HM23_FLICK_ITEM no-u\"><div class=\"HM23_FLICK_ITEM_IMAGE\"><img decoding=\"async\" src=\"https:\/\/www.halledelamachine.fr\/wp-content\/uploads\/2025\/12\/Plan-de-travail-1-1.png\" alt=\"Illustration : Les voyages l\u2019A\u00e9roflorale II\" loading=\"lazy\"><\/div><div class=\"HM23_FLICK_ITEM_TEXTE\"><div class=\"HM23_FLICK_IT_DATES\">From February 7, 2026<\/div><div class=\"HM23_FLICK_IT_TITRE\">Les voyages l\u2019A\u00e9roflorale II<\/div><div class=\"HM23_CTA HM23_CTA_LIKE\">Lire la suite<\/div><\/div><\/a><a href=\"https:\/\/www.halledelamachine.fr\/en\/evenements\/week-end-musichalle\/\" class=\"HM23_FLICK_ITEM no-u\"><div class=\"HM23_FLICK_ITEM_IMAGE\"><img decoding=\"async\" src=\"https:\/\/www.halledelamachine.fr\/wp-content\/uploads\/2026\/02\/67-DSC_6359-Didier-Theau-scaled.jpg\" alt=\"Illustration : WEEK-END MUSIC\u2019HALLE\" loading=\"lazy\"><\/div><div class=\"HM23_FLICK_ITEM_TEXTE\"><div class=\"HM23_FLICK_IT_DATES\">23<sup>rd<\/sup> \u2014 25<sup>th<\/sup> Mai 2026<\/div><div class=\"HM23_FLICK_IT_TITRE\">WEEK-END MUSIC\u2019HALLE<\/div><div class=\"HM23_CTA HM23_CTA_LIKE\">Lire la suite<\/div><\/div><\/a><a href=\"https:\/\/www.halledelamachine.fr\/en\/evenements\/halle-percute\/\" class=\"HM23_FLICK_ITEM no-u\"><div class=\"HM23_FLICK_ITEM_IMAGE\"><img decoding=\"async\" src=\"https:\/\/www.halledelamachine.fr\/wp-content\/uploads\/2026\/02\/Printemps-Musical-credit-AUde-Fournie-scaled.jpg\" alt=\"Illustration : HALLE PERCUTE\" loading=\"lazy\"><\/div><div class=\"HM23_FLICK_ITEM_TEXTE\"><div class=\"HM23_FLICK_IT_DATES\">30<sup>th<\/sup> \u2014 31<sup>st<\/sup> Mai 2026<\/div><div class=\"HM23_FLICK_IT_TITRE\">HALLE PERCUTE<\/div><div class=\"HM23_CTA HM23_CTA_LIKE\">Lire la suite<\/div><\/div><\/a><a href=\"https:\/\/www.halledelamachine.fr\/en\/evenements\/halle-en-voix\/\" class=\"HM23_FLICK_ITEM no-u\"><div class=\"HM23_FLICK_ITEM_IMAGE\"><img decoding=\"async\" src=\"https:\/\/www.halledelamachine.fr\/wp-content\/uploads\/2026\/02\/Halle-en-Voix-120-DSC_3759-credit-Didier-Theau-scaled.jpg\" alt=\"Illustration : HALLE EN VOIX\" loading=\"lazy\"><\/div><div class=\"HM23_FLICK_ITEM_TEXTE\"><div class=\"HM23_FLICK_IT_DATES\">13<sup>rd<\/sup> \u2014 14<sup>th<\/sup> Juin 2026<\/div><div class=\"HM23_FLICK_IT_TITRE\">HALLE EN VOIX<\/div><div class=\"HM23_CTA HM23_CTA_LIKE\">Lire la suite<\/div><\/div><\/a><a href=\"https:\/\/www.halledelamachine.fr\/en\/evenements\/halle-en-fanfare\/\" class=\"HM23_FLICK_ITEM no-u\"><div class=\"HM23_FLICK_ITEM_IMAGE\"><img decoding=\"async\" src=\"https:\/\/www.halledelamachine.fr\/wp-content\/uploads\/2026\/02\/Halle-en-Fanfare-20251118@FannyPoitevin-28-scaled.jpg\" alt=\"Illustration : HALLE EN FANFARE\" loading=\"lazy\"><\/div><div class=\"HM23_FLICK_ITEM_TEXTE\"><div class=\"HM23_FLICK_IT_DATES\">20<sup>th<\/sup> \u2014 21<sup>st<\/sup> Juin 2026<\/div><div class=\"HM23_FLICK_IT_TITRE\">HALLE EN FANFARE<\/div><div class=\"HM23_CTA HM23_CTA_LIKE\">Lire la suite<\/div><\/div><\/a><a href=\"https:\/\/www.halledelamachine.fr\/en\/evenements\/la-halle-semballe\/\" class=\"HM23_FLICK_ITEM no-u\"><div class=\"HM23_FLICK_ITEM_IMAGE\"><img decoding=\"async\" src=\"https:\/\/www.halledelamachine.fr\/wp-content\/uploads\/2026\/02\/11-DSC_6017-scaled.jpg\" alt=\"Illustration : LA HALLE S\u2019EMBALLE\" loading=\"lazy\"><\/div><div class=\"HM23_FLICK_ITEM_TEXTE\"><div class=\"HM23_FLICK_IT_DATES\">27<sup>th<\/sup> \u2014 28<sup>th<\/sup> Juin 2026<\/div><div class=\"HM23_FLICK_IT_TITRE\">LA HALLE S\u2019EMBALLE<\/div><div class=\"HM23_CTA HM23_CTA_LIKE\">Lire la suite<\/div><\/div><\/a><\/div>\t\t\t<script>\n\t\t\t$( document ).ready(function() {\n\t\t\t\t$('#HM23_FLICK_1720').flickity({\n\t\t\t\t  \/\/ options\n\t\t\t\t  cellAlign: 'left',\n\t\t\t\t  contain: true\n\t\t\t\t});\n\t\t\t})\n\t\t\t\n\t\t\t<\/script>\n\t\t\t<\/div><div class=\"HM23_TEXT_CONTAINER\">\n\n\n<\/div> <!-- .HM23_TEXT_CONTAINER --><div class=\"HM23_CONTENT_BLOCK\"  style=\"text-align:center;\" ><a  href=\"https:\/\/billetterie.halledelamachine.fr\/index-css5-halledelamachine-pg1.html\" target=\"_blank\"  class=\"HM23_CTA\">BOOK YOUR PLACE NOW<\/a><\/div><div class=\"HM23_TEXT_CONTAINER\">\n\n\n<h2 class=\"wp-block-heading\" class=\"wp-block-heading\" id=\"to-be-discovered\">To be discovered<\/h2>\n\n\n<\/div> <!-- .HM23_TEXT_CONTAINER --><div class=\"HM23_CONTENT_BLOCK_LARGE HM23_TEXTE_IMAGE \"><div class=\"HM23_TI_VISUEL\"><img decoding=\"async\" src=\"https:\/\/www.halledelamachine.fr\/wp-content\/uploads\/2024\/02\/P1300831-pdavid-1800x1013.webp\"  loading=\"lazy\"\/><\/div><div class=\"HM23_TI_TEXTE\"><div class=\"HM23_TI_TITRE\">La Halle de La Machine<\/div><div class=\"HM23_TI_TEXTE_CONTENU\"><p>Discover the show machines of\u00a0the company La Machine set in motion by the Veritable Machinists. A permanent show between street theater\u00a0art and mechanics.<\/p>\n<\/div><a class=\"HM23_CTA\" href=\"https:\/\/www.halledelamachine.fr\/en\/la-piste-des-geants\/visitez-la-halle\/\" >TO DISCOVER<\/a><\/div><\/div><div class=\"HM23_TEXT_CONTAINER\">\n\n<\/div> <!-- .HM23_TEXT_CONTAINER --><div class=\"HM23_CONTENT_BLOCK_LARGE HM23_TEXTE_IMAGE  HM23_FLEX_REVERSED \"><div class=\"HM23_TI_VISUEL\"><img decoding=\"async\" src=\"https:\/\/www.halledelamachine.fr\/wp-content\/uploads\/2023\/10\/homepage_minotaure-e1750345114577.jpg\"  loading=\"lazy\"\/><\/div><div class=\"HM23_TI_TEXTE\"><div class=\"HM23_TI_TITRE\">Travel on the back of the Minotaure<\/div><div class=\"HM23_TI_TEXTE_CONTENU\"><p>Made mainly of wood and steel, with marks on its skin gilded with gold leaf, this giant 47-ton machine reaches 14 meters in height\u2026 You too, come and travel on the back of a giant\u2026<\/p>\n<\/div><a class=\"HM23_CTA\" href=\"https:\/\/www.halledelamachine.fr\/en\/la-piste-des-geants\/voyagez-a-dos-de-minotaure\/\" >TO DISCOVER<\/a><\/div><\/div><div class=\"HM23_TEXT_CONTAINER\">\n\n<\/div> <!-- .HM23_TEXT_CONTAINER --><div class=\"HM23_CONTENT_BLOCK_LARGE HM23_TEXTE_IMAGE \"><div class=\"HM23_TI_VISUEL\"><img decoding=\"async\" src=\"https:\/\/www.halledelamachine.fr\/wp-content\/uploads\/2024\/02\/La-Grande-Araignee-credit-Fanny-P-Halle-de-la-Machine-8-1800x1200.webp\"  loading=\"lazy\"\/><\/div><div class=\"HM23_TI_TEXTE\"><div class=\"HM23_TI_TITRE\">The Great Spider<\/div><div class=\"HM23_TI_TEXTE_CONTENU\"><p>Like a dancer, the spider moves, walks, straddles trees, lampposts and bus shelters. It has even been found hanging from cathedrals in Reims, Ottawa and Liverpool, where the British have nicknamed it &#8220;The Princess&#8221;&#8230;<\/p>\n<\/div><a class=\"HM23_CTA\" href=\"https:\/\/www.halledelamachine.fr\/en\/la-piste-des-geants\/visitez-la-halle\/\" >To Discover<\/a><\/div><\/div><div class=\"HM23_TEXT_CONTAINER\">\n\n<\/div> <!-- .HM23_TEXT_CONTAINER --><div class=\"HM23_CONTENT_BLOCK_LARGE HM23_TEXTE_IMAGE  HM23_FLEX_REVERSED \"><div class=\"HM23_TI_VISUEL\"><img decoding=\"async\" src=\"https:\/\/www.halledelamachine.fr\/wp-content\/uploads\/2023\/10\/homepage_manege.jpg\"  loading=\"lazy\"\/><\/div><div class=\"HM23_TI_TEXTE\"><div class=\"HM23_TI_TITRE\">Le man\u00e8ge Carr\u00e9 s\u00e9nart<\/div><div class=\"HM23_TI_TEXTE_CONTENU\"><p>Giant buffaloes encounter a host of insects while praying mantises climb into the heart of this improbable setting. The Carr\u00e9 S\u00e9nart Carousel invites young and old to enter an imaginary world at the heart of the fairground arts.<\/p>\n<\/div><a class=\"HM23_CTA\" href=\"https:\/\/www.halledelamachine.fr\/en\/la-piste-des-geants\/le-manege-carre-senart\/\" >To Discover<\/a><\/div><\/div><div class=\"HM23_TEXT_CONTAINER\">","protected":false},"excerpt":{"rendered":"<p>To be discovered<\/p>\n","protected":false},"author":2,"featured_media":6411,"parent":0,"menu_order":0,"comment_status":"closed","ping_status":"closed","template":"","meta":{"_acf_changed":false,"footnotes":""},"class_list":["post-358","page","type-page","status-publish","has-post-thumbnail","hentry","entry"],"acf":[],"_links":{"self":[{"href":"https:\/\/www.halledelamachine.fr\/en\/wp-json\/wp\/v2\/pages\/358","targetHints":{"allow":["GET"]}}],"collection":[{"href":"https:\/\/www.halledelamachine.fr\/en\/wp-json\/wp\/v2\/pages"}],"about":[{"href":"https:\/\/www.halledelamachine.fr\/en\/wp-json\/wp\/v2\/types\/page"}],"author":[{"embeddable":true,"href":"https:\/\/www.halledelamachine.fr\/en\/wp-json\/wp\/v2\/users\/2"}],"replies":[{"embeddable":true,"href":"https:\/\/www.halledelamachine.fr\/en\/wp-json\/wp\/v2\/comments?post=358"}],"version-history":[{"count":21,"href":"https:\/\/www.halledelamachine.fr\/en\/wp-json\/wp\/v2\/pages\/358\/revisions"}],"predecessor-version":[{"id":5064,"href":"https:\/\/www.halledelamachine.fr\/en\/wp-json\/wp\/v2\/pages\/358\/revisions\/5064"}],"wp:featuredmedia":[{"embeddable":true,"href":"https:\/\/www.halledelamachine.fr\/en\/wp-json\/wp\/v2\/media\/6411"}],"wp:attachment":[{"href":"https:\/\/www.halledelamachine.fr\/en\/wp-json\/wp\/v2\/media?parent=358"}],"curies":[{"name":"wp","href":"https:\/\/api.w.org\/{rel}","templated":true}]}}