{"id":591,"date":"2024-01-25T11:04:03","date_gmt":"2024-01-25T10:04:03","guid":{"rendered":"https:\/\/www.halledelamachine.fr\/?page_id=591"},"modified":"2024-06-19T15:50:07","modified_gmt":"2024-06-19T13:50:07","slug":"visitez-la-halle","status":"publish","type":"page","link":"https:\/\/www.halledelamachine.fr\/en\/la-piste-des-geants\/visitez-la-halle\/","title":{"rendered":"Visit the Halle"},"content":{"rendered":"<\/div> <!-- .HM23_TEXT_CONTAINER --><div class=\"HM23_CONTENT_BLOCK HM23_CHAPEAU\"><p><strong>Discover the show machines of<\/strong><strong> the company La Machine set in motion by the Ve<\/strong><strong>ritable Machinists. A permanent show between street theater <\/strong><strong>art and mechanics.<\/strong><\/p>\n<\/div><div class=\"HM23_TEXT_CONTAINER\">\n\n<\/div> <!-- .HM23_TEXT_CONTAINER --><div class=\"HM23_CONTENT_BLOCK_FULL HM23_GALERIE\"><div class=\"HM23_GALERIE_TITRE\">The Extraordinary Machines<\/div><div id=\"HM23_G_2070832\" class=\"HM23_GALERIE_CONTAINER\"><div class=\"HM23_GALERIE_ITEM\"><img decoding=\"async\" src=\"https:\/\/www.halledelamachine.fr\/wp-content\/uploads\/2024\/02\/P1440711ok-p.david-halledelamachine-1-1024x576.webp\" alt=\"Bestiaire M\u00e9canique\" loading=\"lazy\"><div class=\"HM23_GALERIE_ITEM_LABEL HM23_GALERIE_ITEM_TITRE\">Bestiaire M\u00e9canique<\/div><div class=\"HM23_GALERIE_ITEM_LABEL HM23_GALERIE_ITEM_COPYRIGHT\">\u00a9 p.david-halledelamachine<\/div><\/div><div class=\"HM23_GALERIE_ITEM\"><img decoding=\"async\" src=\"https:\/\/www.halledelamachine.fr\/wp-content\/uploads\/2024\/02\/La-Machine-a-accueillir-le-public-_-P1340911ok-credit-p.david_-1-1024x576.webp\" alt=\"Lever de Rideau sur la Halle\" loading=\"lazy\"><div class=\"HM23_GALERIE_ITEM_LABEL HM23_GALERIE_ITEM_TITRE\">Lever de Rideau sur la Halle<\/div><div class=\"HM23_GALERIE_ITEM_LABEL HM23_GALERIE_ITEM_COPYRIGHT\">\u00a9 p.david-halledelamachine<\/div><\/div><div class=\"HM23_GALERIE_ITEM\"><img decoding=\"async\" src=\"https:\/\/www.halledelamachine.fr\/wp-content\/uploads\/2024\/02\/P1470598ok-p.david-halledelamachine.webp\" alt=\"Les machines de la Kermesse\" loading=\"lazy\"><div class=\"HM23_GALERIE_ITEM_LABEL HM23_GALERIE_ITEM_TITRE\">Les machines de la Kermesse<\/div><div class=\"HM23_GALERIE_ITEM_LABEL HM23_GALERIE_ITEM_COPYRIGHT\">\u00a9 p.david-halledelamachine<\/div><\/div><div class=\"HM23_GALERIE_ITEM\"><img decoding=\"async\" src=\"https:\/\/www.halledelamachine.fr\/wp-content\/uploads\/2024\/02\/P1440926ok-p.david-halledelamachine-1024x584.webp\" alt=\"Le Minotaure et l'EVNI\" loading=\"lazy\"><div class=\"HM23_GALERIE_ITEM_LABEL HM23_GALERIE_ITEM_TITRE\">Le Minotaure et l&#8217;EVNI<\/div><div class=\"HM23_GALERIE_ITEM_LABEL HM23_GALERIE_ITEM_COPYRIGHT\">\u00a9 p.david-halledelamachine<\/div><\/div><div class=\"HM23_GALERIE_ITEM\"><img decoding=\"async\" src=\"https:\/\/www.halledelamachine.fr\/wp-content\/uploads\/2024\/02\/centrale-batterie-1024x683.jpg\" alt=\"La Centrale Batterie\" loading=\"lazy\"><div class=\"HM23_GALERIE_ITEM_LABEL HM23_GALERIE_ITEM_TITRE\">La Centrale Batterie<\/div><div class=\"HM23_GALERIE_ITEM_LABEL HM23_GALERIE_ITEM_COPYRIGHT\">\u00a9 Jordi Bover<\/div><\/div><div class=\"HM23_GALERIE_ITEM\"><img decoding=\"async\" src=\"https:\/\/www.halledelamachine.fr\/wp-content\/uploads\/2024\/02\/P1390815ok-credit-Pauline-David-Halle-de-la-Machine-1024x576.webp\" alt=\"Le Diner des Petites M\u00e9caniques\" loading=\"lazy\"><div class=\"HM23_GALERIE_ITEM_LABEL HM23_GALERIE_ITEM_TITRE\">Le Diner des Petites M\u00e9caniques<\/div><div class=\"HM23_GALERIE_ITEM_LABEL HM23_GALERIE_ITEM_COPYRIGHT\">\u00a9 p.david-halledelamachine<\/div><\/div><div class=\"HM23_GALERIE_ITEM\"><img decoding=\"async\" src=\"https:\/\/www.halledelamachine.fr\/wp-content\/uploads\/2024\/02\/P1350574-credit-p.david-halledelamachine-1024x576.webp\" alt=\"V\u00e9ritable Machiniste\" loading=\"lazy\"><div class=\"HM23_GALERIE_ITEM_LABEL HM23_GALERIE_ITEM_TITRE\">V\u00e9ritable Machiniste<\/div><div class=\"HM23_GALERIE_ITEM_LABEL HM23_GALERIE_ITEM_COPYRIGHT\">\u00a9 p.david-halledelamachine<\/div><\/div><div class=\"HM23_GALERIE_ITEM\"><img decoding=\"async\" src=\"https:\/\/www.halledelamachine.fr\/wp-content\/uploads\/2024\/02\/vuedici.org-260722-DSC08607-1-1024x621.webp\" alt=\"L'EVNI\" loading=\"lazy\"><div class=\"HM23_GALERIE_ITEM_LABEL HM23_GALERIE_ITEM_TITRE\">L&#8217;EVNI<\/div><div class=\"HM23_GALERIE_ITEM_LABEL HM23_GALERIE_ITEM_COPYRIGHT\">\u00a9 vuedici<\/div><\/div><\/div>\t\t<script>\n\t\t$( document ).ready(function() {\n\t\t\t$('#HM23_G_2070832').flickity({\n\t\t\t  \/\/ options\n\t\t\t  cellAlign: 'left',\n\t\t\t  contain: true\n\t\t\t});\n\t\t})\n\t\t\n\t\t<\/script>\n\t\t<div class=\"HM23_TEXT_CONTAINER\">\n\n\n<div style=\"height:100px\" aria-hidden=\"true\" class=\"wp-block-spacer\"><\/div>\n\n\n<\/div> <!-- .HM23_TEXT_CONTAINER --><div class=\"HM23_TI_TITRE HM23_TI_TITRE_CENTER\">La Halle de La Machine<\/div><div class=\"HM23_CONTENT_BLOCK_LARGE HM23_TEXTE_IMAGE  HM23_FLEX_REVERSED \"><div class=\"HM23_TI_VISUEL\"><img decoding=\"async\" src=\"https:\/\/www.halledelamachine.fr\/wp-content\/uploads\/2024\/02\/P1300831-pdavid-1800x1013.webp\"  loading=\"lazy\"\/><\/div><div class=\"HM23_TI_TEXTE\"><div class=\"HM23_TI_TEXTE_CONTENU\"><p>During your visit to the Halle of La Machine, let yourself be taken in by the Veritable Machinists, all actors, circus performers, builders and musicians. Every day, the Grande Impro takes place before the eyes of the public. Close to a street show, a visit to the Halle of La Machine invites you to be surprised and to travel through these extraordinary mechanisms.<\/p>\n<p>The flexibility and elegance of the Great Spider, the harmonious sound of a flute casserole, the subtle gesture of the wine drinking machine&#8230; each object moves with its own story, its own movement, its own identity. Inside the Halle is the stable of machines from the shows of the Company La Machine (Le D\u00eener des Petites M\u00e9caniques, l&#8217;Exp\u00e9dition V\u00e9g\u00e9tale, La Symphonie M\u00e9canique, Les M\u00e9caniques Savantes, La Kermesse). At the crossroads of art and technology, from the story of the show to the construction of these moving sculptures, each encounter between the public and these machines is unique.<\/p>\n<\/div><a class=\"HM23_CTA\" href=\"https:\/\/billetterie.halledelamachine.fr\/index-css5-halledelamachine-pg1.html\"  target = \"_blank\" >BOOK<\/a><\/div><\/div><div class=\"HM23_TEXT_CONTAINER\">\n\n<div class=\"HM23_CARACTERISTIQUES\"><div class=\"HM23_GALERIE_TITRE\">Technical characteristics<\/div><img decoding=\"async\" class=\"HM23_CARACTERISTIQUES_ILLUSTRATION\" alt=\"Croquis de la machine\" loading=\"lazy\" src=\"https:\/\/www.halledelamachine.fr\/wp-content\/uploads\/2023\/08\/croquis_araignee-1024x522.jpg\"><div class=\"HM23_CARACTERISTIQUES_COLS\"><div class=\"HM23_CARACTERISTIQUES_COL HM23_CARACTERISTIQUES_COL_LEFT\"><div class=\"HM23_CARACTERISTIQUES_SURTITRE\">First apparition<\/div><div class=\"HM23_CARACTERISTIQUES_TITRE\">2009<\/div><div class=\"HM23_CARACTERISTIQUES_SURTITRE\">Type<\/div><div class=\"HM23_CARACTERISTIQUES_TITRE\">Show Machine<br \/>\r\n<\/div><div class=\"HM23_CARACTERISTIQUES_SURTITRE\">Show<\/div><div class=\"HM23_CARACTERISTIQUES_TITRE\">Les m\u00e9caniques<br \/>\r\nsavantes<\/div><\/div><div class=\"HM23_CARACTERISTIQUES_COL HM23_CARACTERISTIQUES_COL_RIGHT\"><div class=\"HM23_CARACTERISTIQUES_SURTITRE\">Size<\/div><div class=\"HM23_CARACTERISTIQUES_TITRE\">38 tons,<br \/>\r\n13 high metres<br \/>\r\n20m wide-ranging<\/div><div class=\"HM23_CARACTERISTIQUES_SURTITRE\">Material<\/div><div class=\"HM23_CARACTERISTIQUES_TITRE\">Steal, wood<\/div><div class=\"HM23_CARACTERISTIQUES_SURTITRE\">Energy<\/div><div class=\"HM23_CARACTERISTIQUES_TITRE\">Hydraulic<br \/>\r\nand thermic<\/div><\/div><\/div><\/div>\n\n","protected":false},"excerpt":{"rendered":"","protected":false},"author":2,"featured_media":815,"parent":175,"menu_order":1,"comment_status":"closed","ping_status":"closed","template":"","meta":{"_acf_changed":false,"footnotes":""},"class_list":["post-591","page","type-page","status-publish","has-post-thumbnail","hentry","entry"],"acf":[],"_links":{"self":[{"href":"https:\/\/www.halledelamachine.fr\/en\/wp-json\/wp\/v2\/pages\/591","targetHints":{"allow":["GET"]}}],"collection":[{"href":"https:\/\/www.halledelamachine.fr\/en\/wp-json\/wp\/v2\/pages"}],"about":[{"href":"https:\/\/www.halledelamachine.fr\/en\/wp-json\/wp\/v2\/types\/page"}],"author":[{"embeddable":true,"href":"https:\/\/www.halledelamachine.fr\/en\/wp-json\/wp\/v2\/users\/2"}],"replies":[{"embeddable":true,"href":"https:\/\/www.halledelamachine.fr\/en\/wp-json\/wp\/v2\/comments?post=591"}],"version-history":[{"count":4,"href":"https:\/\/www.halledelamachine.fr\/en\/wp-json\/wp\/v2\/pages\/591\/revisions"}],"predecessor-version":[{"id":2117,"href":"https:\/\/www.halledelamachine.fr\/en\/wp-json\/wp\/v2\/pages\/591\/revisions\/2117"}],"up":[{"embeddable":true,"href":"https:\/\/www.halledelamachine.fr\/en\/wp-json\/wp\/v2\/pages\/175"}],"wp:featuredmedia":[{"embeddable":true,"href":"https:\/\/www.halledelamachine.fr\/en\/wp-json\/wp\/v2\/media\/815"}],"wp:attachment":[{"href":"https:\/\/www.halledelamachine.fr\/en\/wp-json\/wp\/v2\/media?parent=591"}],"curies":[{"name":"wp","href":"https:\/\/api.w.org\/{rel}","templated":true}]}}