{"id":1381,"date":"2024-01-25T11:04:03","date_gmt":"2024-01-25T10:04:03","guid":{"rendered":"https:\/\/www.halledelamachine.fr\/visitez-la-halle\/"},"modified":"2024-06-21T13:40:51","modified_gmt":"2024-06-21T11:40:51","slug":"visitez-la-halle","status":"publish","type":"page","link":"https:\/\/www.halledelamachine.fr\/es\/la-piste-des-geants\/visitez-la-halle\/","title":{"rendered":"Visita La Halle"},"content":{"rendered":"<\/div> <!-- .HM23_TEXT_CONTAINER --><div class=\"HM23_CONTENT_BLOCK HM23_CHAPEAU\"><p><strong>D<\/strong><strong>escubre las m\u00e1quinas de espect\u00e1culo de la compa\u00f1\u00eda la Machine puestas en movimiento por los Verdaderos Maquinistas. Un espect\u00e1culo permanente entre arte de calle y mec\u00e1nico<\/strong><strong>. <\/strong><\/p>\n<p>&nbsp;<\/p>\n<\/div><div class=\"HM23_TEXT_CONTAINER\">\n\n<\/div> <!-- .HM23_TEXT_CONTAINER --><div class=\"HM23_CONTENT_BLOCK_FULL HM23_GALERIE\"><div class=\"HM23_GALERIE_TITRE\">El bestiario mec\u00e1nico en im\u00e1genes<\/div><div id=\"HM23_G_2399903\" class=\"HM23_GALERIE_CONTAINER\"><div class=\"HM23_GALERIE_ITEM\"><img decoding=\"async\" src=\"https:\/\/www.halledelamachine.fr\/wp-content\/uploads\/2024\/02\/P1440711ok-p.david-halledelamachine-1-1024x576.webp\" alt=\"Bestiaire M\u00e9canique\" loading=\"lazy\"><div class=\"HM23_GALERIE_ITEM_LABEL HM23_GALERIE_ITEM_TITRE\">Bestiaire M\u00e9canique<\/div><div class=\"HM23_GALERIE_ITEM_LABEL HM23_GALERIE_ITEM_COPYRIGHT\">\u00a9 p.david-halledelamachine<\/div><\/div><div class=\"HM23_GALERIE_ITEM\"><img decoding=\"async\" src=\"https:\/\/www.halledelamachine.fr\/wp-content\/uploads\/2024\/02\/La-Machine-a-accueillir-le-public-_-P1340911ok-credit-p.david_-1-1024x576.webp\" alt=\"Lever de Rideau sur la Halle\" loading=\"lazy\"><div class=\"HM23_GALERIE_ITEM_LABEL HM23_GALERIE_ITEM_TITRE\">Lever de Rideau sur la Halle<\/div><div class=\"HM23_GALERIE_ITEM_LABEL HM23_GALERIE_ITEM_COPYRIGHT\">\u00a9 p.david-halledelamachine<\/div><\/div><div class=\"HM23_GALERIE_ITEM\"><img decoding=\"async\" src=\"https:\/\/www.halledelamachine.fr\/wp-content\/uploads\/2024\/02\/P1470598ok-p.david-halledelamachine.webp\" alt=\"Les machines de la Kermesse\" loading=\"lazy\"><div class=\"HM23_GALERIE_ITEM_LABEL HM23_GALERIE_ITEM_TITRE\">Les machines de la Kermesse<\/div><div class=\"HM23_GALERIE_ITEM_LABEL HM23_GALERIE_ITEM_COPYRIGHT\">\u00a9 p.david-halledelamachine<\/div><\/div><div class=\"HM23_GALERIE_ITEM\"><img decoding=\"async\" src=\"https:\/\/www.halledelamachine.fr\/wp-content\/uploads\/2024\/02\/P1440926ok-p.david-halledelamachine-1024x584.webp\" alt=\"Le Minotaure et l'EVNI\" loading=\"lazy\"><div class=\"HM23_GALERIE_ITEM_LABEL HM23_GALERIE_ITEM_TITRE\">Le Minotaure et l&#8217;EVNI<\/div><div class=\"HM23_GALERIE_ITEM_LABEL HM23_GALERIE_ITEM_COPYRIGHT\">\u00a9 p.david-halledelamachine<\/div><\/div><div class=\"HM23_GALERIE_ITEM\"><img decoding=\"async\" src=\"https:\/\/www.halledelamachine.fr\/wp-content\/uploads\/2024\/02\/centrale-batterie-1024x683.jpg\" alt=\"La Centrale Batterie\" loading=\"lazy\"><div class=\"HM23_GALERIE_ITEM_LABEL HM23_GALERIE_ITEM_TITRE\">La Centrale Batterie<\/div><div class=\"HM23_GALERIE_ITEM_LABEL HM23_GALERIE_ITEM_COPYRIGHT\">\u00a9 Jordi Bover<\/div><\/div><div class=\"HM23_GALERIE_ITEM\"><img decoding=\"async\" src=\"https:\/\/www.halledelamachine.fr\/wp-content\/uploads\/2024\/02\/P1390815ok-credit-Pauline-David-Halle-de-la-Machine-1024x576.webp\" alt=\"Le Diner des Petites M\u00e9caniques\" loading=\"lazy\"><div class=\"HM23_GALERIE_ITEM_LABEL HM23_GALERIE_ITEM_TITRE\">Le Diner des Petites M\u00e9caniques<\/div><div class=\"HM23_GALERIE_ITEM_LABEL HM23_GALERIE_ITEM_COPYRIGHT\">\u00a9 p.david-halledelamachine<\/div><\/div><div class=\"HM23_GALERIE_ITEM\"><img decoding=\"async\" src=\"https:\/\/www.halledelamachine.fr\/wp-content\/uploads\/2024\/02\/P1350574-credit-p.david-halledelamachine-1024x576.webp\" alt=\"V\u00e9ritable Machiniste\" loading=\"lazy\"><div class=\"HM23_GALERIE_ITEM_LABEL HM23_GALERIE_ITEM_TITRE\">V\u00e9ritable Machiniste<\/div><div class=\"HM23_GALERIE_ITEM_LABEL HM23_GALERIE_ITEM_COPYRIGHT\">\u00a9 p.david-halledelamachine<\/div><\/div><div class=\"HM23_GALERIE_ITEM\"><img decoding=\"async\" src=\"https:\/\/www.halledelamachine.fr\/wp-content\/uploads\/2024\/02\/vuedici.org-260722-DSC08607-1-1024x621.webp\" alt=\"L'EVNI\" loading=\"lazy\"><div class=\"HM23_GALERIE_ITEM_LABEL HM23_GALERIE_ITEM_TITRE\">L&#8217;EVNI<\/div><div class=\"HM23_GALERIE_ITEM_LABEL HM23_GALERIE_ITEM_COPYRIGHT\">\u00a9 vuedici<\/div><\/div><\/div>\t\t<script>\n\t\t$( document ).ready(function() {\n\t\t\t$('#HM23_G_2399903').flickity({\n\t\t\t  \/\/ options\n\t\t\t  cellAlign: 'left',\n\t\t\t  contain: true\n\t\t\t});\n\t\t})\n\t\t\n\t\t<\/script>\n\t\t<div class=\"HM23_TEXT_CONTAINER\">\n\n\n<div style=\"height:100px\" aria-hidden=\"true\" class=\"wp-block-spacer\"><\/div>\n\n\n<\/div> <!-- .HM23_TEXT_CONTAINER --><div class=\"HM23_TI_TITRE HM23_TI_TITRE_CENTER\">La Halle de La Machine<\/div><div class=\"HM23_CONTENT_BLOCK_LARGE HM23_TEXTE_IMAGE  HM23_FLEX_REVERSED \"><div class=\"HM23_TI_VISUEL\"><img decoding=\"async\" src=\"https:\/\/www.halledelamachine.fr\/wp-content\/uploads\/2024\/02\/P1300831-pdavid-1800x1013.webp\"  loading=\"lazy\"\/><\/div><div class=\"HM23_TI_TEXTE\"><div class=\"HM23_TI_TEXTE_CONTENU\"><p>Durantes vuestra visita a la Halle de La Machine, dejaros llevar por los Verdaderos Maquinistas: actores, artistas de circo, constructores y m\u00fasicos. Todos los d\u00edas, es la Gran Improvisaci\u00f3n que se presenta ante los ojos del p\u00fablico. Cercano al espect\u00e1culo de calle, la visita de la Halle de la Machine os invita a dejaros sorprender y a viajar a trav\u00e9s de estas extraordinarias m\u00e1quinas.<\/p>\n<p>Al interior de la Halle vive un establo de m\u00e1quinas salidas de los espect\u00e1culos de la Compa\u00f1\u00eda La Machine (<em>La cena de las peque\u00f1as m\u00e1quinas, La expedici\u00f3n vegetal, La Sinfon\u00eda Mec\u00e1nica, La Kermesse<\/em>). En el cruce entre el arte y la t\u00e9cnica, del relato de espect\u00e1culo a la construcci\u00f3n de estas esculturas en movimiento, cada encuentro entre el p\u00fablico y las m\u00e1quinas es \u00fanico.<\/p>\n<p>Una visita libre para descubrir a su ritmo, con m\u00e1quinas puestas en marcha por aut\u00e9nticos maquinistas y elementos destacados para puntuar la visita y guiar su descubrimiento. \u00a1D\u00e9 un paso al lado y d\u00e9jese sorprender!<\/p>\n<\/div><a class=\"HM23_CTA\" href=\"https:\/\/billetterie.halledelamachine.fr\/index-css5-halledelamachine-pg1.html\"  target = \"_blank\" >R\u00e9servez<\/a><\/div><\/div><div class=\"HM23_TEXT_CONTAINER\">\n\n<div class=\"HM23_CARACTERISTIQUES\"><div class=\"HM23_GALERIE_TITRE\">Datos t\u00e9cnicos<\/div><img decoding=\"async\" class=\"HM23_CARACTERISTIQUES_ILLUSTRATION\" alt=\"Croquis de la machine\" loading=\"lazy\" src=\"https:\/\/www.halledelamachine.fr\/wp-content\/uploads\/2023\/08\/croquis_araignee-1024x522.jpg\"><div class=\"HM23_CARACTERISTIQUES_COLS\"><div class=\"HM23_CARACTERISTIQUES_COL HM23_CARACTERISTIQUES_COL_LEFT\"><div class=\"HM23_CARACTERISTIQUES_SURTITRE\">Primera aparici\u00f3n<\/div><div class=\"HM23_CARACTERISTIQUES_TITRE\">2009<\/div><div class=\"HM23_CARACTERISTIQUES_SURTITRE\">Typo<\/div><div class=\"HM23_CARACTERISTIQUES_TITRE\">M\u00e1quina de espect\u00e1culo <br \/>\r\n<\/div><div class=\"HM23_CARACTERISTIQUES_SURTITRE\">Espect\u00e1culo <\/div><div class=\"HM23_CARACTERISTIQUES_TITRE\">Les m\u00e9caniques<br \/>\r\nsavantes<\/div><\/div><div class=\"HM23_CARACTERISTIQUES_COL HM23_CARACTERISTIQUES_COL_RIGHT\"><div class=\"HM23_CARACTERISTIQUES_SURTITRE\">Dimensiones<\/div><div class=\"HM23_CARACTERISTIQUES_TITRE\">38 toneladas,<br \/>\r\n13 metros de altura,<br \/>\r\n20 m de envergadura<\/div><div class=\"HM23_CARACTERISTIQUES_SURTITRE\">Materiales<\/div><div class=\"HM23_CARACTERISTIQUES_TITRE\">Acero, madera<\/div><div class=\"HM23_CARACTERISTIQUES_SURTITRE\">Energ\u00eda<\/div><div class=\"HM23_CARACTERISTIQUES_TITRE\">Hidr\u00e1ulico<br \/>\r\ny t\u00e9rmico<\/div><\/div><\/div><\/div>\n\n","protected":false},"excerpt":{"rendered":"","protected":false},"author":2,"featured_media":816,"parent":2290,"menu_order":1,"comment_status":"closed","ping_status":"closed","template":"","meta":{"_acf_changed":false,"footnotes":""},"class_list":["post-1381","page","type-page","status-publish","has-post-thumbnail","hentry","entry"],"acf":[],"_links":{"self":[{"href":"https:\/\/www.halledelamachine.fr\/es\/wp-json\/wp\/v2\/pages\/1381","targetHints":{"allow":["GET"]}}],"collection":[{"href":"https:\/\/www.halledelamachine.fr\/es\/wp-json\/wp\/v2\/pages"}],"about":[{"href":"https:\/\/www.halledelamachine.fr\/es\/wp-json\/wp\/v2\/types\/page"}],"author":[{"embeddable":true,"href":"https:\/\/www.halledelamachine.fr\/es\/wp-json\/wp\/v2\/users\/2"}],"replies":[{"embeddable":true,"href":"https:\/\/www.halledelamachine.fr\/es\/wp-json\/wp\/v2\/comments?post=1381"}],"version-history":[{"count":4,"href":"https:\/\/www.halledelamachine.fr\/es\/wp-json\/wp\/v2\/pages\/1381\/revisions"}],"predecessor-version":[{"id":2224,"href":"https:\/\/www.halledelamachine.fr\/es\/wp-json\/wp\/v2\/pages\/1381\/revisions\/2224"}],"up":[{"embeddable":true,"href":"https:\/\/www.halledelamachine.fr\/es\/wp-json\/wp\/v2\/pages\/2290"}],"wp:featuredmedia":[{"embeddable":true,"href":"https:\/\/www.halledelamachine.fr\/es\/wp-json\/wp\/v2\/media\/816"}],"wp:attachment":[{"href":"https:\/\/www.halledelamachine.fr\/es\/wp-json\/wp\/v2\/media?parent=1381"}],"curies":[{"name":"wp","href":"https:\/\/api.w.org\/{rel}","templated":true}]}}