{"id":2274,"date":"2024-03-08T16:11:56","date_gmt":"2024-03-08T15:11:56","guid":{"rendered":"https:\/\/www.halledelamachine.fr\/notre-equipe\/"},"modified":"2024-06-26T10:19:47","modified_gmt":"2024-06-26T08:19:47","slug":"notre-equipe","status":"publish","type":"page","link":"https:\/\/www.halledelamachine.fr\/es\/notre-equipe\/","title":{"rendered":"Nuestro Equipo"},"content":{"rendered":"\n<div style=\"height:100px\" aria-hidden=\"true\" class=\"wp-block-spacer\"><\/div>\n\n\n\n<div class=\"wp-block-media-text alignfull is-stacked-on-mobile\" style=\"grid-template-columns:54% auto\"><figure class=\"wp-block-media-text__media\"><img loading=\"lazy\" decoding=\"async\" width=\"1000\" height=\"666\" src=\"https:\/\/www.halledelamachine.fr\/wp-content\/uploads\/2024\/03\/LHDLM_photos_30-credit-Martin-PORTES-SALBAYRE.webp\" alt=\"\" class=\"wp-image-1248 size-full\" srcset=\"https:\/\/www.halledelamachine.fr\/wp-content\/uploads\/2024\/03\/LHDLM_photos_30-credit-Martin-PORTES-SALBAYRE.webp 1000w, https:\/\/www.halledelamachine.fr\/wp-content\/uploads\/2024\/03\/LHDLM_photos_30-credit-Martin-PORTES-SALBAYRE-300x200.webp 300w, https:\/\/www.halledelamachine.fr\/wp-content\/uploads\/2024\/03\/LHDLM_photos_30-credit-Martin-PORTES-SALBAYRE-768x511.webp 768w, https:\/\/www.halledelamachine.fr\/wp-content\/uploads\/2024\/03\/LHDLM_photos_30-credit-Martin-PORTES-SALBAYRE-5x3.webp 5w\" sizes=\"auto, (max-width: 1000px) 100vw, 1000px\" \/><\/figure><div class=\"wp-block-media-text__content\">\n<p>Nuestro equipo est\u00e1 compuesto de\u00a041 \u00a0trabajadores fijos y contrata cada a\u00f1o mas de\u00a0100 artistas de espect\u00e1culo : los Verdaderos Maquinistas.\u00a0 Los Verdaderos Maquinistas son todos artistas del mundo del circo, el teatro, la marioneta, la pirotecnia y la m\u00fasica. Realizando cada d\u00eda en la Halle de la Machine un espect\u00e1culo vivo permanente, siempre en movimiento.<\/p>\n<\/div><\/div>\n\n\n\n<h3 class=\"wp-block-heading\" class=\"wp-block-heading\" id=\"contactos\">CONTACTos<\/h3>\n\n\n\n<div class=\"wp-block-media-text is-stacked-on-mobile\" style=\"grid-template-columns:37% auto\"><figure class=\"wp-block-media-text__media\"><img loading=\"lazy\" decoding=\"async\" width=\"733\" height=\"733\" src=\"https:\/\/www.halledelamachine.fr\/wp-content\/uploads\/2024\/03\/P1360646ok.webp\" alt=\"Contactez la Halle\" class=\"wp-image-1026 size-full\" srcset=\"https:\/\/www.halledelamachine.fr\/wp-content\/uploads\/2024\/03\/P1360646ok.webp 733w, https:\/\/www.halledelamachine.fr\/wp-content\/uploads\/2024\/03\/P1360646ok-300x300.webp 300w, https:\/\/www.halledelamachine.fr\/wp-content\/uploads\/2024\/03\/P1360646ok-150x150.webp 150w, https:\/\/www.halledelamachine.fr\/wp-content\/uploads\/2024\/03\/P1360646ok-5x5.webp 5w\" sizes=\"auto, (max-width: 733px) 100vw, 733px\" \/><\/figure><div class=\"wp-block-media-text__content\">\n<p><strong>INFORMACIONES \/ TICKETS<\/strong><br>contact@halledelamachine.fr<\/p>\n\n\n\n<p><strong>RESERVACIONES<\/strong> <strong>GROUPOS<\/strong><br><a href=\"mailto:groupes@halledelamachine.fr\">groupes@halledelamachine.fr<\/a><\/p>\n\n\n\n<p>El equipo puede verse reducido en determinados momentos, no vacila a contacto nosotros por correo electr\u00f3nico. Haremos todo lo posible por responderle rapidamente.<\/p>\n\n\n\n<\/div> <!-- .HM23_TEXT_CONTAINER --><div class=\"HM23_CONTENT_BLOCK\"  style=\"text-align:right;\" ><a  href=\"mailto:contact@halledelamachine.fr\" target=\"_blank\"  class=\"HM23_CTA\">CONT\u00c1CTENOS<\/a><\/div><div class=\"HM23_TEXT_CONTAINER\"><\/div><\/div>\n\n\n\n<p><strong>PRENS<\/strong>A<br><a href=\"mailto:fanny.poitevin@halledelamachine.fr\">fanny.poitevin@halledelamachine.fr<\/a><br><a href=\"mailto:aude.fournie@halledelamachine.fr\">aude.fournie@halledelamachine.fr<\/a><br><\/p>\n\n\n\n<p><strong>CONTABILI<\/strong>DAD<br><a href=\"mailto:compta@halledelamachine.fr\">compta@halledelamachine.fr<\/a><br><\/p>\n\n\n\n<p><strong>PRIVATISACION DE LA HALLE<\/strong><br><a href=\"mailto:privatisation@halledelamachine.fr\">privatisation@halledelamachine.fr<\/a><\/p>\n\n\n\n<p><strong>PROGRAMMACION MUSICALE<\/strong><br>\u00bfLe gustar\u00eda a su grupo actuar en un evento de Halle de La Machine? Complete nuestro formulario de solicitud.<\/p>\n\n\n\n<\/div> <!-- .HM23_TEXT_CONTAINER --><div class=\"HM23_CONTENT_BLOCK\"  style=\"text-align:left;\" ><a  href=\"https:\/\/www.halledelamachine.fr\/formulaire-programmation\/\"  class=\"HM23_CTA\">FORMULAIRE DE CANDIDATURE<\/a><\/div><div class=\"HM23_TEXT_CONTAINER\">\n\n\n<figure class=\"wp-block-image size-full\"><img loading=\"lazy\" decoding=\"async\" width=\"700\" height=\"500\" src=\"https:\/\/www.halledelamachine.fr\/wp-content\/uploads\/2024\/05\/ESCARGORGANIGRAMME-COULEUR-SANS-NOMS.webp\" alt=\"\" class=\"wp-image-1756\" srcset=\"https:\/\/www.halledelamachine.fr\/wp-content\/uploads\/2024\/05\/ESCARGORGANIGRAMME-COULEUR-SANS-NOMS.webp 700w, https:\/\/www.halledelamachine.fr\/wp-content\/uploads\/2024\/05\/ESCARGORGANIGRAMME-COULEUR-SANS-NOMS-300x214.webp 300w, https:\/\/www.halledelamachine.fr\/wp-content\/uploads\/2024\/05\/ESCARGORGANIGRAMME-COULEUR-SANS-NOMS-5x5.webp 5w\" sizes=\"auto, (max-width: 700px) 100vw, 700px\" \/><\/figure>\n\n\n\n<p>Vous souhaitez rejoindre notre \u00e9quipe ? <\/p>\n\n\n\n<\/div> <!-- .HM23_TEXT_CONTAINER --><div class=\"HM23_CONTENT_BLOCK\"  style=\"text-align:left;\" ><a  href=\"https:\/\/www.halledelamachine.fr\/recrutement\/\"  class=\"HM23_CTA\">CONSULTEZ NOS OFFRES D&#8217;EMPLOI<\/a><\/div><div class=\"HM23_TEXT_CONTAINER\">\n\n\n<div style=\"height:100px\" aria-hidden=\"true\" class=\"wp-block-spacer\"><\/div>\n","protected":false},"excerpt":{"rendered":"<p>Nuestro equipo est\u00e1 compuesto de\u00a041 \u00a0trabajadores fijos y contrata cada a\u00f1o mas de\u00a0100 artistas de espect\u00e1culo : los Verdaderos Maquinistas.\u00a0 Los Verdaderos Maquinistas son todos artistas del mundo del circo, el teatro, la marioneta, la pirotecnia y la m\u00fasica. Realizando cada d\u00eda en la Halle de la Machine un espect\u00e1culo vivo permanente, siempre en movimiento.&hellip; <a class=\"more-link\" href=\"https:\/\/www.halledelamachine.fr\/es\/notre-equipe\/\">Continue reading <span class=\"screen-reader-text\">Nuestro Equipo<\/span><\/a><\/p>\n","protected":false},"author":2,"featured_media":1510,"parent":0,"menu_order":0,"comment_status":"closed","ping_status":"closed","template":"","meta":{"_acf_changed":false,"footnotes":""},"class_list":["post-2274","page","type-page","status-publish","has-post-thumbnail","hentry","entry"],"acf":[],"_links":{"self":[{"href":"https:\/\/www.halledelamachine.fr\/es\/wp-json\/wp\/v2\/pages\/2274","targetHints":{"allow":["GET"]}}],"collection":[{"href":"https:\/\/www.halledelamachine.fr\/es\/wp-json\/wp\/v2\/pages"}],"about":[{"href":"https:\/\/www.halledelamachine.fr\/es\/wp-json\/wp\/v2\/types\/page"}],"author":[{"embeddable":true,"href":"https:\/\/www.halledelamachine.fr\/es\/wp-json\/wp\/v2\/users\/2"}],"replies":[{"embeddable":true,"href":"https:\/\/www.halledelamachine.fr\/es\/wp-json\/wp\/v2\/comments?post=2274"}],"version-history":[{"count":1,"href":"https:\/\/www.halledelamachine.fr\/es\/wp-json\/wp\/v2\/pages\/2274\/revisions"}],"predecessor-version":[{"id":2276,"href":"https:\/\/www.halledelamachine.fr\/es\/wp-json\/wp\/v2\/pages\/2274\/revisions\/2276"}],"wp:featuredmedia":[{"embeddable":true,"href":"https:\/\/www.halledelamachine.fr\/es\/wp-json\/wp\/v2\/media\/1510"}],"wp:attachment":[{"href":"https:\/\/www.halledelamachine.fr\/es\/wp-json\/wp\/v2\/media?parent=2274"}],"curies":[{"name":"wp","href":"https:\/\/api.w.org\/{rel}","templated":true}]}}