{"id":2290,"date":"2023-07-17T10:23:18","date_gmt":"2023-07-17T08:23:18","guid":{"rendered":"https:\/\/www.halledelamachine.fr\/la-piste-des-geants\/"},"modified":"2024-06-26T11:00:36","modified_gmt":"2024-06-26T09:00:36","slug":"la-piste-des-geants","status":"publish","type":"page","link":"https:\/\/www.halledelamachine.fr\/es\/la-piste-des-geants\/","title":{"rendered":"La Pista de Gigantes\u00a0"},"content":{"rendered":"<\/div> <!-- .HM23_TEXT_CONTAINER --><div class=\"HM23_CONTENT_BLOCK HM23_CHAPEAU\"><p>En 1917, Pierre Georges Lat\u00e9co\u00e8re instala su f\u00e1brica y crea la primera obra industrial aeron\u00e1utica de Toulouse. Entre 1918 y 1933, las compa\u00f1\u00edas Lat\u00e9co\u00e8re y A\u00e9ropostale ven la luz, y con ellas las primeras grandes haza\u00f1as: Barcelona, Buenos Aires, Santiago de Chile. L&#8217;A\u00e9ropostale se convirti\u00f3 entonces en la mayor compa\u00f1\u00eda a\u00e9rea del mundo, con un recorrido de casi 15.000 km. Air France instal\u00f3 entonces aqu\u00ed su centro de revisi\u00f3n hasta 2003. En 2018, la ciudad de Toulouse y el urbanista David Mangin reinventan un proyecto urbano a gran escala para el barrio de Montaudran, con la ambici\u00f3n de innovar. La antigua pista del aeropuerto se convierte en la Piste des G\u00e9ants !<\/p>\n<p>&nbsp;<\/p>\n<\/div><div class=\"HM23_TEXT_CONTAINER\">\n\n\n<p>.<\/p>\n\n\n\n<div class=\"wp-block-media-text is-stacked-on-mobile\" style=\"grid-template-columns:41% auto\"><figure class=\"wp-block-media-text__media\"><img loading=\"lazy\" decoding=\"async\" width=\"1024\" height=\"768\" src=\"https:\/\/www.halledelamachine.fr\/wp-content\/uploads\/2024\/03\/Spectacle-avril-2022-depuis-le-Minotaure-1-_-credit-fanny-Poitevin-Halle-de-la-Machine-1024x768.webp\" alt=\"\" class=\"wp-image-959 size-full\" srcset=\"https:\/\/www.halledelamachine.fr\/wp-content\/uploads\/2024\/03\/Spectacle-avril-2022-depuis-le-Minotaure-1-_-credit-fanny-Poitevin-Halle-de-la-Machine-1024x768.webp 1024w, https:\/\/www.halledelamachine.fr\/wp-content\/uploads\/2024\/03\/Spectacle-avril-2022-depuis-le-Minotaure-1-_-credit-fanny-Poitevin-Halle-de-la-Machine-300x225.webp 300w, https:\/\/www.halledelamachine.fr\/wp-content\/uploads\/2024\/03\/Spectacle-avril-2022-depuis-le-Minotaure-1-_-credit-fanny-Poitevin-Halle-de-la-Machine-768x576.webp 768w, https:\/\/www.halledelamachine.fr\/wp-content\/uploads\/2024\/03\/Spectacle-avril-2022-depuis-le-Minotaure-1-_-credit-fanny-Poitevin-Halle-de-la-Machine-5x5.webp 5w, https:\/\/www.halledelamachine.fr\/wp-content\/uploads\/2024\/03\/Spectacle-avril-2022-depuis-le-Minotaure-1-_-credit-fanny-Poitevin-Halle-de-la-Machine.webp 1080w\" sizes=\"auto, (max-width: 1024px) 100vw, 1024px\" \/><\/figure><div class=\"wp-block-media-text__content\">\n<p>Con 1,8 km de longitud y parcialmente declarada Monumento Hist\u00f3rico, la Pista es el nexo de uni\u00f3n entre la c\u00e9ntrica plaza Bouilloux-Lafont -coraz\u00f3n de la vida del barrio- y los Jardines de la Ligne -sendero y zona de juegos para ni\u00f1os-, que retrotrae a los paseantes a los paisajes que atravesaron los pioneros de la A\u00e9ropostale. Un espacio de vida y de encuentro para este barrio en pleno crecimiento.<\/p>\n<\/div><\/div>\n\n\n\n<p>Esta Pista de Gigantes\u00a0 une tambi\u00e9n la memoria de A\u00e9ropostale, con la creaci\u00f3n de <a href=\"https:\/\/www.lenvol-des-pionniers.com\/\" data-type=\"link\" data-id=\"https:\/\/www.lenvol-des-pionniers.com\/\">L\u2019Envol des Pionniers <\/a> , un espacio dedicado a los pioneros de la aventura aeron\u00e1utica, al proyecto art\u00edstico dirigido por Fran\u00e7ois Delaroziere en el Halle de la Machine, basado en la puesta en escena de las m\u00e1quinas de espect\u00e1culo de la Compagnie La Machine. El Minotauro, concebido especialmente para Toulouse como una arquitectura m\u00f3vil, une estos mundos transportando a sus espaldas a una cincuentena de viajeros a lo largo de esta legendaria pista.<\/p>\n\n\n\n<p>La Piste des G\u00e9ants combina hoy la memoria de un lugar hist\u00f3rico con el proyecto art\u00edstico de la Cie La Machine. Este proyecto de reconversi\u00f3n cultural del barrio, apoyado por Toulouse M\u00e9tropole, estimula nuevos usos de la pista y sus alrededores y da vida a Montaudran con una programaci\u00f3n cultural regular en la Pista de Gigantes.<\/p>\n\n\n<\/div> <!-- .HM23_TEXT_CONTAINER --><div class=\"HM23_CONTENT_BLOCK_FULL HM23_GALERIE\"><div class=\"HM23_GALERIE_TITRE\">En imagenes<\/div><div id=\"HM23_G_6384589\" class=\"HM23_GALERIE_CONTAINER\"><div class=\"HM23_GALERIE_ITEM\"><img decoding=\"async\" src=\"https:\/\/www.halledelamachine.fr\/wp-content\/uploads\/2024\/03\/P1330282OK-1024x576.webp\" alt=\"Piste des G\u00e9ants- Halle de La Machine\" loading=\"lazy\"><div class=\"HM23_GALERIE_ITEM_LABEL HM23_GALERIE_ITEM_TITRE\">Long Ma &#8211; Piste des G\u00e9ants<\/div><div class=\"HM23_GALERIE_ITEM_LABEL HM23_GALERIE_ITEM_COPYRIGHT\">\u00a9 Pauline David &#8211; Halle de La Machine<\/div><\/div><div class=\"HM23_GALERIE_ITEM\"><img decoding=\"async\" src=\"https:\/\/www.halledelamachine.fr\/wp-content\/uploads\/2024\/03\/IMG_2172.webp\" alt=\"Piste des G\u00e9ants\" loading=\"lazy\"><div class=\"HM23_GALERIE_ITEM_LABEL HM23_GALERIE_ITEM_TITRE\">Piste des G\u00e9ants<\/div><div class=\"HM23_GALERIE_ITEM_LABEL HM23_GALERIE_ITEM_COPYRIGHT\">\u00a9 Halle de La Machine<\/div><\/div><div class=\"HM23_GALERIE_ITEM\"><img decoding=\"async\" src=\"https:\/\/www.halledelamachine.fr\/wp-content\/uploads\/2024\/03\/Photo\u00a9Jordi-Bover_9432-copia-1024x588.webp\" alt=\"Piste des G\u00e9ants\" loading=\"lazy\"><div class=\"HM23_GALERIE_ITEM_LABEL HM23_GALERIE_ITEM_TITRE\">Piste des G\u00e9ants<\/div><div class=\"HM23_GALERIE_ITEM_LABEL HM23_GALERIE_ITEM_COPYRIGHT\">\u00a9 jordibover<\/div><\/div><div class=\"HM23_GALERIE_ITEM\"><img decoding=\"async\" src=\"https:\/\/www.halledelamachine.fr\/wp-content\/uploads\/2024\/03\/Halle2021\u00a9ecantoHalledeLaMachine-1024x686.webp\" alt=\"Piste des G\u00e9ants- Halle de La Machine\" loading=\"lazy\"><div class=\"HM23_GALERIE_ITEM_LABEL HM23_GALERIE_ITEM_TITRE\">Piste des G\u00e9ants<\/div><div class=\"HM23_GALERIE_ITEM_LABEL HM23_GALERIE_ITEM_COPYRIGHT\">\u00a9 Everest Canto &#8211; Halle de La Machine<\/div><\/div><\/div>\t\t<script>\n\t\t$( document ).ready(function() {\n\t\t\t$('#HM23_G_6384589').flickity({\n\t\t\t  \/\/ options\n\t\t\t  cellAlign: 'left',\n\t\t\t  contain: true\n\t\t\t});\n\t\t})\n\t\t\n\t\t<\/script>\n\t\t<div class=\"HM23_TEXT_CONTAINER\">","protected":false},"excerpt":{"rendered":"<p>. Con 1,8 km de longitud y parcialmente declarada Monumento Hist\u00f3rico, la Pista es el nexo de uni\u00f3n entre la c\u00e9ntrica plaza Bouilloux-Lafont -coraz\u00f3n de la vida del barrio- y los Jardines de la Ligne -sendero y zona de juegos para ni\u00f1os-, que retrotrae a los paseantes a los paisajes que atravesaron los pioneros de&hellip; <a class=\"more-link\" href=\"https:\/\/www.halledelamachine.fr\/es\/la-piste-des-geants\/\">Continue reading <span class=\"screen-reader-text\">La Pista de Gigantes\u00a0<\/span><\/a><\/p>\n","protected":false},"author":1,"featured_media":967,"parent":0,"menu_order":0,"comment_status":"closed","ping_status":"closed","template":"","meta":{"_acf_changed":false,"footnotes":""},"class_list":["post-2290","page","type-page","status-publish","has-post-thumbnail","hentry","entry"],"acf":[],"_links":{"self":[{"href":"https:\/\/www.halledelamachine.fr\/es\/wp-json\/wp\/v2\/pages\/2290","targetHints":{"allow":["GET"]}}],"collection":[{"href":"https:\/\/www.halledelamachine.fr\/es\/wp-json\/wp\/v2\/pages"}],"about":[{"href":"https:\/\/www.halledelamachine.fr\/es\/wp-json\/wp\/v2\/types\/page"}],"author":[{"embeddable":true,"href":"https:\/\/www.halledelamachine.fr\/es\/wp-json\/wp\/v2\/users\/1"}],"replies":[{"embeddable":true,"href":"https:\/\/www.halledelamachine.fr\/es\/wp-json\/wp\/v2\/comments?post=2290"}],"version-history":[{"count":2,"href":"https:\/\/www.halledelamachine.fr\/es\/wp-json\/wp\/v2\/pages\/2290\/revisions"}],"predecessor-version":[{"id":2293,"href":"https:\/\/www.halledelamachine.fr\/es\/wp-json\/wp\/v2\/pages\/2290\/revisions\/2293"}],"wp:featuredmedia":[{"embeddable":true,"href":"https:\/\/www.halledelamachine.fr\/es\/wp-json\/wp\/v2\/media\/967"}],"wp:attachment":[{"href":"https:\/\/www.halledelamachine.fr\/es\/wp-json\/wp\/v2\/media?parent=2290"}],"curies":[{"name":"wp","href":"https:\/\/api.w.org\/{rel}","templated":true}]}}