{"id":2326,"date":"2023-07-13T15:55:58","date_gmt":"2023-07-13T13:55:58","guid":{"rendered":"https:\/\/www.halledelamachine.fr\/minotaure-cafe\/"},"modified":"2025-02-27T15:58:47","modified_gmt":"2025-02-27T14:58:47","slug":"minotaure-cafe","status":"publish","type":"page","link":"https:\/\/www.halledelamachine.fr\/es\/minotaure-cafe\/","title":{"rendered":"Minotauro caf\u00e9"},"content":{"rendered":"<\/div> <!-- .HM23_TEXT_CONTAINER --><div class=\"HM23_CONTENT_BLOCK HM23_CHAPEAU\"><p>El Minotaure Caf\u00e9 es un restaurante y bar at\u00edpico y caluroso, que ofrece productos de calidad y platos que cambian con las estaciones. Cocina creativa servida por un equipo que le acoge en un ambiente familiar.<\/p>\n<\/div><div class=\"HM23_TEXT_CONTAINER\">\n\n\n<figure class=\"wp-block-image size-full\"><img loading=\"lazy\" decoding=\"async\" width=\"1200\" height=\"600\" src=\"https:\/\/www.halledelamachine.fr\/wp-content\/uploads\/2023\/12\/Banniere-site-1200x600px.jpg\" alt=\"\" class=\"wp-image-460\" srcset=\"https:\/\/www.halledelamachine.fr\/wp-content\/uploads\/2023\/12\/Banniere-site-1200x600px.jpg 1200w, https:\/\/www.halledelamachine.fr\/wp-content\/uploads\/2023\/12\/Banniere-site-1200x600px-300x150.jpg 300w, https:\/\/www.halledelamachine.fr\/wp-content\/uploads\/2023\/12\/Banniere-site-1200x600px-1024x512.jpg 1024w, https:\/\/www.halledelamachine.fr\/wp-content\/uploads\/2023\/12\/Banniere-site-1200x600px-768x384.jpg 768w, https:\/\/www.halledelamachine.fr\/wp-content\/uploads\/2023\/12\/Banniere-site-1200x600px-5x3.jpg 5w\" sizes=\"auto, (max-width: 1200px) 100vw, 1200px\" \/><\/figure>\n\n\n\n<p>En el comedor, bajo una ara\u00f1a monumental dise\u00f1ada por Fran\u00e7ois Delaroziere, o en los d\u00edas soleados en la terraza, cara a cara con Asteri\u00f3n, venga a disfrutar de una comida cada mediod\u00eda, de un tentempi\u00e9 por la tarde o a degustar la aut\u00e9ntica \u00abCerveza Minotauro\u00bb, \u00a1una cerveza suave y musculosa a imagen de Asteri\u00f3n!<\/p>\n\n\n\n<p>Un momento aparte, donde los Verdaderos Maquinistas pueden aparecer para tocar el Paletto Flamme, &nbsp;o con la catapulta a pan y ofrecer un interludio musical.<\/p>\n\n\n\n<p>El men\u00fa var\u00eda seg\u00fan la temporada y el estado de \u00e1nimo del momento. Descubra a continuaci\u00f3n las f\u00f3rmulas que le proponemos. La lista de platos presentada no es exhaustiva\u2026 \u00a1lo mejor es que los descubra usted mismo!<\/p>\n\n\n\n<h2 class=\"wp-block-heading has-text-color has-link-color wp-elements-a6cb602d2e5167df0bbe5599ae243fce\" style=\"color:#ea3322;font-size:30px;font-style:normal;font-weight:400\" class=\"wp-block-heading has-text-color has-link-color wp-elements-a6cb602d2e5167df0bbe5599ae243fce\" style=\"color:#ea3322;font-size:30px;font-style:normal;font-weight:400\" id=\"nuestra-oferta\">Nuestra oferta<\/h2>\n\n\n\n<div class=\"wp-block-columns is-style-default is-layout-flex wp-container-core-columns-is-layout-abbe5815 wp-block-columns-is-layout-flex\" style=\"padding-top:0;padding-right:0;padding-bottom:0;padding-left:0\">\n<div class=\"wp-block-column has-background is-layout-flow wp-block-column-is-layout-flow\" style=\"background-color:#d6ccc6\">\n<div class=\"wp-block-cover is-light\" style=\"min-height:356px;aspect-ratio:unset;\"><span aria-hidden=\"true\" class=\"wp-block-cover__background has-background-dim\"><\/span><img loading=\"lazy\" decoding=\"async\" width=\"1282\" height=\"795\" class=\"wp-block-cover__image-background wp-image-1096\" alt=\"\" src=\"https:\/\/www.halledelamachine.fr\/wp-content\/uploads\/2024\/03\/IMG-20240210-WA0003.webp\" data-object-fit=\"cover\" srcset=\"https:\/\/www.halledelamachine.fr\/wp-content\/uploads\/2024\/03\/IMG-20240210-WA0003.webp 1282w, https:\/\/www.halledelamachine.fr\/wp-content\/uploads\/2024\/03\/IMG-20240210-WA0003-300x186.webp 300w, https:\/\/www.halledelamachine.fr\/wp-content\/uploads\/2024\/03\/IMG-20240210-WA0003-1024x635.webp 1024w, https:\/\/www.halledelamachine.fr\/wp-content\/uploads\/2024\/03\/IMG-20240210-WA0003-768x476.webp 768w, https:\/\/www.halledelamachine.fr\/wp-content\/uploads\/2024\/03\/IMG-20240210-WA0003-5x3.webp 5w\" sizes=\"auto, (max-width: 1282px) 100vw, 1282px\" \/><div class=\"wp-block-cover__inner-container is-layout-flow wp-block-cover-is-layout-flow\">\n<h1 class=\"wp-block-heading has-text-align-center has-white-color has-text-color has-link-color has-extra-large-font-size wp-elements-7363488a89d9dba951f09e31814e733a\" class=\"wp-block-heading has-text-align-center has-white-color has-text-color has-link-color has-extra-large-font-size wp-elements-7363488a89d9dba951f09e31814e733a\" id=\"nuestras-formulas\">Nuestras f\u00f3rmulas<\/h1>\n<\/div><\/div>\n\n\n\n<p class=\"has-text-align-center has-small-font-size\">Todos los d\u00edas, opte por nuestra f\u00f3rmula r\u00e1pida que cambia con las semanas y las estaciones.<\/p>\n\n\n\n<h3 class=\"wp-block-heading has-text-align-center\" class=\"wp-block-heading has-text-align-center\" id=\"formules-express\">formules express<\/h3>\n\n\n\n<p class=\"has-text-align-center has-small-font-size\"><strong>Plato del d\u00eda <\/strong><br>13 \u20ac<br><strong>Entrada + plato principal<\/strong> o <strong>Plato principal + postre<\/strong><br>17 \u20ac<br><strong>Entrada + plato principal + postre<\/strong><br>21 \u20ac<\/p>\n\n\n\n<h3 class=\"wp-block-heading has-text-align-center\" class=\"wp-block-heading has-text-align-center\" id=\"menu-pequeno-minotauro\">menu peque\u00f1o minotauro<\/h3>\n\n\n\n<p class=\"has-text-align-center has-small-font-size\">Filete de pollo Cornflakes, patatas fritas <br>Milhojas de helado italiano casero<br><strong>10 \u20ac<\/strong><\/p>\n<\/div>\n\n\n\n<div class=\"wp-block-column has-background is-layout-flow wp-block-column-is-layout-flow\" style=\"background-color:#d6ccc6\">\n<div class=\"wp-block-cover is-light\" style=\"min-height:356px;aspect-ratio:unset;\"><span aria-hidden=\"true\" class=\"wp-block-cover__background has-background-dim\"><\/span><img loading=\"lazy\" decoding=\"async\" width=\"2560\" height=\"1707\" class=\"wp-block-cover__image-background wp-image-507\" alt=\"\" src=\"https:\/\/www.halledelamachine.fr\/wp-content\/uploads\/2023\/12\/Burger-savoyard-IMG_6124-scaled.jpg\" data-object-fit=\"cover\" srcset=\"https:\/\/www.halledelamachine.fr\/wp-content\/uploads\/2023\/12\/Burger-savoyard-IMG_6124-scaled.jpg 2560w, https:\/\/www.halledelamachine.fr\/wp-content\/uploads\/2023\/12\/Burger-savoyard-IMG_6124-300x200.jpg 300w, https:\/\/www.halledelamachine.fr\/wp-content\/uploads\/2023\/12\/Burger-savoyard-IMG_6124-1024x683.jpg 1024w, https:\/\/www.halledelamachine.fr\/wp-content\/uploads\/2023\/12\/Burger-savoyard-IMG_6124-768x512.jpg 768w, https:\/\/www.halledelamachine.fr\/wp-content\/uploads\/2023\/12\/Burger-savoyard-IMG_6124-1536x1024.jpg 1536w, https:\/\/www.halledelamachine.fr\/wp-content\/uploads\/2023\/12\/Burger-savoyard-IMG_6124-2048x1365.jpg 2048w, https:\/\/www.halledelamachine.fr\/wp-content\/uploads\/2023\/12\/Burger-savoyard-IMG_6124-1568x1045.jpg 1568w, https:\/\/www.halledelamachine.fr\/wp-content\/uploads\/2023\/12\/Burger-savoyard-IMG_6124-1800x1200.jpg 1800w, https:\/\/www.halledelamachine.fr\/wp-content\/uploads\/2023\/12\/Burger-savoyard-IMG_6124-5x3.jpg 5w\" sizes=\"auto, (max-width: 2560px) 100vw, 2560px\" \/><div class=\"wp-block-cover__inner-container is-layout-flow wp-block-cover-is-layout-flow\">\n<h1 class=\"wp-block-heading has-text-align-center has-white-color has-text-color has-link-color has-extra-large-font-size wp-elements-cd34e5d511be04f2066dd408f4b99f8d\" class=\"wp-block-heading has-text-align-center has-white-color has-text-color has-link-color has-extra-large-font-size wp-elements-cd34e5d511be04f2066dd408f4b99f8d\" id=\"a-la-carta\">a la carta<\/h1>\n<\/div><\/div>\n\n\n\n<p class=\"has-text-align-center has-small-font-size\">Desde cl\u00e1sicos revisitados a entrantes retorcidos, elija su plato a la carta.<\/p>\n\n\n\n<h3 class=\"wp-block-heading has-text-align-center\" class=\"wp-block-heading has-text-align-center\" id=\"entradas\">Entradas<\/h3>\n\n\n\n<p class=\"has-text-align-center\"><strong>Mosa\u00efque de poireaux<\/strong>, mayonnaise au miso, algue de nori<br><strong>8 \u20ac<\/strong><\/p>\n\n\n\n<h3 class=\"wp-block-heading has-text-align-center\" class=\"wp-block-heading has-text-align-center\" id=\"platos\">platos<\/h3>\n\n\n\n<p class=\"has-text-align-center\"><strong>Burger v\u00e9g\u00e9tarien<\/strong><br>frites, salade, tomates marin\u00e9es, oignons frits et galette de fromage et petits pois<br><strong>17 \u20ac<\/strong><br><strong>Burger Coin-Coin<\/strong><br>frites, salade, oignons frits, Tomates marin\u00e9s, effiloch\u00e9s de canard, aigre douce au pruneau<br><strong>17 \u20ac<\/strong><br><strong>Filet de bar<\/strong><br>raviole de navet violet, muffin au petit pois&nbsp;et \u00e9pinards, beurre de rhum<br><strong>18 \u20ac<\/strong><\/p>\n<\/div>\n\n\n\n<div class=\"wp-block-column has-background is-layout-flow wp-block-column-is-layout-flow\" style=\"background-color:#d6ccc6\">\n<div class=\"wp-block-cover is-light\" style=\"min-height:356px;aspect-ratio:unset;\"><span aria-hidden=\"true\" class=\"wp-block-cover__background has-background-dim\"><\/span><img loading=\"lazy\" decoding=\"async\" width=\"600\" height=\"800\" class=\"wp-block-cover__image-background wp-image-1253\" alt=\"\" src=\"https:\/\/www.halledelamachine.fr\/wp-content\/uploads\/2024\/03\/IMG-20240216-WA0003.webp\" style=\"object-position:53% 37%\" data-object-fit=\"cover\" data-object-position=\"53% 37%\" srcset=\"https:\/\/www.halledelamachine.fr\/wp-content\/uploads\/2024\/03\/IMG-20240216-WA0003.webp 600w, https:\/\/www.halledelamachine.fr\/wp-content\/uploads\/2024\/03\/IMG-20240216-WA0003-225x300.webp 225w\" sizes=\"auto, (max-width: 600px) 100vw, 600px\" \/><div class=\"wp-block-cover__inner-container is-layout-flow wp-block-cover-is-layout-flow\">\n<h1 class=\"wp-block-heading has-text-align-center has-white-color has-text-color has-link-color has-extra-large-font-size wp-elements-74f71c32aaf532a09460243adc578563\" class=\"wp-block-heading has-text-align-center has-white-color has-text-color has-link-color has-extra-large-font-size wp-elements-74f71c32aaf532a09460243adc578563\" id=\"para-picar\">para picar<\/h1>\n<\/div><\/div>\n\n\n\n<p class=\"has-text-align-center has-small-font-size\">P\u00e1rate a tomar un caf\u00e9 gourmet o disfruta de un concierto este verano mientras te tomas una copa en la terraza.<\/p>\n\n\n\n<h3 class=\"wp-block-heading has-text-align-center\" class=\"wp-block-heading has-text-align-center\" id=\"dulce\">Dulce<\/h3>\n\n\n\n<p class=\"has-text-align-center\">Caf\u00e9 gourmand &#8211; <strong>9 \u20ac<\/strong><br>Bavarois fraise au chocolat p\u00e9tillant <br><strong>8 \u20ac<\/strong><\/p>\n\n\n\n<h3 class=\"wp-block-heading has-text-align-center\" class=\"wp-block-heading has-text-align-center\" id=\"salado\">salado<\/h3>\n\n\n\n<p class=\"has-text-align-center\"><strong>Plato de queso<\/strong> <br>pav\u00e9 toulousain, Gatinais de chez Xavier <br> <strong>7 \u20ac<\/strong><\/p>\n\n\n\n<h3 class=\"wp-block-heading has-text-align-center\" class=\"wp-block-heading has-text-align-center\" id=\"bebidas-y-cocteles\">BEBIDAS y c\u00f3cteles<\/h3>\n\n\n\n<p class=\"has-text-align-center\">Mojitor &#8211; <strong>8 \u20ac<\/strong><br>Ast\u00e9rion &#8211; <strong>8 \u20ac<\/strong><br>Pina Colada &#8211; <strong>8 \u20ac<\/strong><br>Spritz &#8211; <strong>9 \u20ac<\/strong><br>Bloody Mary &#8211; <strong>9 \u20ac<\/strong><br>Mules &#8211; <strong>8 \u20ac<\/strong><br>Mocktails &#8211; <strong>7 \u20ac<\/strong><br>Cerveza Minotaure<br>Vino tinto, blanco y rosado<br>Bebidas fr\u00edas y calientes<\/p>\n\n\n\n<p class=\"has-text-align-center\"><br><\/p>\n<\/div>\n<\/div>\n\n\n\n<div style=\"height:100px\" aria-hidden=\"true\" class=\"wp-block-spacer\"><\/div>\n\n\n<div class=\"HM23_CONTENT_BLOCK_LARGE HM23_INFOS_PRATIQUES\"><div class=\"HM23_TI_TITRE\">Informaciones pr\u00e1cticas<\/div><div class=\"HM23_TI_TEXTE_CONTENU\"><p style=\"text-align: center;\"><strong>El equipo del Caf\u00e9 Minotaure os recibe los d\u00edas de apertura de la Halle de La Machine,<br \/>\n<\/strong><strong>de martes a domingo,<br \/>\n<\/strong>de 11.30 a 18.30 h, fines de semana y vacaciones escolares<br \/>\nde 12 a 18 h fuera de vacaciones escolares<\/p>\n<\/div><\/div>\n\n\n<div class=\"wp-block-media-text is-stacked-on-mobile\" style=\"grid-template-columns:45% auto\"><figure class=\"wp-block-media-text__media\"><img loading=\"lazy\" decoding=\"async\" width=\"1024\" height=\"1024\" src=\"https:\/\/www.halledelamachine.fr\/wp-content\/uploads\/2024\/02\/20181008_154535okcarre-1024x1024.webp\" alt=\"\" class=\"wp-image-720 size-full\" srcset=\"https:\/\/www.halledelamachine.fr\/wp-content\/uploads\/2024\/02\/20181008_154535okcarre-1024x1024.webp 1024w, https:\/\/www.halledelamachine.fr\/wp-content\/uploads\/2024\/02\/20181008_154535okcarre-300x300.webp 300w, https:\/\/www.halledelamachine.fr\/wp-content\/uploads\/2024\/02\/20181008_154535okcarre-150x150.webp 150w, https:\/\/www.halledelamachine.fr\/wp-content\/uploads\/2024\/02\/20181008_154535okcarre-768x768.webp 768w, https:\/\/www.halledelamachine.fr\/wp-content\/uploads\/2024\/02\/20181008_154535okcarre-5x5.webp 5w, https:\/\/www.halledelamachine.fr\/wp-content\/uploads\/2024\/02\/20181008_154535okcarre.webp 1080w\" sizes=\"auto, (max-width: 1024px) 100vw, 1024px\" \/><\/figure><div class=\"wp-block-media-text__content\">\n<p>Reserve una mesa, cont\u00e1ctenos al 05 32 10 88 86 o <a href=\"mailto:minotaurecafe@halledelamachine.fr\">minotaurecafe@halledelamachine.fr<\/a><\/p>\n\n\n\n<div class=\"wp-block-buttons is-layout-flex wp-block-buttons-is-layout-flex\">\n<div class=\"wp-block-button is-style-fill\" style=\"font-style:normal;font-weight:700;text-transform:uppercase\"><a class=\"wp-block-button__link has-background wp-element-button\" href=\"mailto:minotaurecafe@halledelamachine.fr\" style=\"background-color:#ea3322\" target=\"_blank\" rel=\"noreferrer noopener\">rESERVAR<\/a><\/div>\n<\/div>\n<\/div><\/div>\n\n\n<\/div> <!-- .HM23_TEXT_CONTAINER --><div class=\"HM23_CONTENT_BLOCK_LARGE HM23_TEXTE_IMAGE  HM23_FLEX_REVERSED \"><div class=\"HM23_TI_VISUEL\"><img decoding=\"async\" src=\"https:\/\/www.halledelamachine.fr\/wp-content\/uploads\/2024\/02\/IMG_1669.webp\"  loading=\"lazy\"\/><\/div><div class=\"HM23_TI_TEXTE\"><div class=\"HM23_TI_TITRE\">Privatisar el restaurante<\/div><a class=\"HM23_CTA\" href=\"mailto:privatisation@halledelamachine.fr\"  target = \"_blank\" >M\u00c1S INFORMACI\u00d3N<\/a><\/div><\/div><div class=\"HM23_TEXT_CONTAINER\">","protected":false},"excerpt":{"rendered":"<p>En el comedor, bajo una ara\u00f1a monumental dise\u00f1ada por Fran\u00e7ois Delaroziere, o en los d\u00edas soleados en la terraza, cara a cara con Asteri\u00f3n, venga a disfrutar de una comida cada mediod\u00eda, de un tentempi\u00e9 por la tarde o a degustar la aut\u00e9ntica \u00abCerveza Minotauro\u00bb, \u00a1una cerveza suave y musculosa a imagen de Asteri\u00f3n! Un&hellip; <a class=\"more-link\" href=\"https:\/\/www.halledelamachine.fr\/es\/minotaure-cafe\/\">Continue reading <span class=\"screen-reader-text\">Minotauro caf\u00e9<\/span><\/a><\/p>\n","protected":false},"author":1,"featured_media":722,"parent":0,"menu_order":0,"comment_status":"closed","ping_status":"closed","template":"","meta":{"_acf_changed":false,"footnotes":""},"class_list":["post-2326","page","type-page","status-publish","has-post-thumbnail","hentry","entry"],"acf":[],"_links":{"self":[{"href":"https:\/\/www.halledelamachine.fr\/es\/wp-json\/wp\/v2\/pages\/2326","targetHints":{"allow":["GET"]}}],"collection":[{"href":"https:\/\/www.halledelamachine.fr\/es\/wp-json\/wp\/v2\/pages"}],"about":[{"href":"https:\/\/www.halledelamachine.fr\/es\/wp-json\/wp\/v2\/types\/page"}],"author":[{"embeddable":true,"href":"https:\/\/www.halledelamachine.fr\/es\/wp-json\/wp\/v2\/users\/1"}],"replies":[{"embeddable":true,"href":"https:\/\/www.halledelamachine.fr\/es\/wp-json\/wp\/v2\/comments?post=2326"}],"version-history":[{"count":5,"href":"https:\/\/www.halledelamachine.fr\/es\/wp-json\/wp\/v2\/pages\/2326\/revisions"}],"predecessor-version":[{"id":2939,"href":"https:\/\/www.halledelamachine.fr\/es\/wp-json\/wp\/v2\/pages\/2326\/revisions\/2939"}],"wp:featuredmedia":[{"embeddable":true,"href":"https:\/\/www.halledelamachine.fr\/es\/wp-json\/wp\/v2\/media\/722"}],"wp:attachment":[{"href":"https:\/\/www.halledelamachine.fr\/es\/wp-json\/wp\/v2\/media?parent=2326"}],"curies":[{"name":"wp","href":"https:\/\/api.w.org\/{rel}","templated":true}]}}