{"id":2335,"date":"2024-03-18T17:17:32","date_gmt":"2024-03-18T16:17:32","guid":{"rendered":"https:\/\/www.halledelamachine.fr\/comment-venir\/"},"modified":"2024-07-27T12:30:56","modified_gmt":"2024-07-27T10:30:56","slug":"comment-venir","status":"publish","type":"page","link":"https:\/\/www.halledelamachine.fr\/es\/comment-venir\/","title":{"rendered":"C\u00f3mo Venir"},"content":{"rendered":"\n<div style=\"height:100px\" aria-hidden=\"true\" class=\"wp-block-spacer\"><\/div>\n\n\n\n<figure class=\"wp-block-image size-full\"><a href=\"https:\/\/maps.app.goo.gl\/1yW1k1dK5Rj1Aih99\" target=\"_blank\" rel=\"noreferrer noopener\"><img loading=\"lazy\" decoding=\"async\" width=\"1089\" height=\"702\" src=\"https:\/\/www.halledelamachine.fr\/wp-content\/uploads\/2024\/04\/plan-halle-1.png\" alt=\"\" class=\"wp-image-1544\" srcset=\"https:\/\/www.halledelamachine.fr\/wp-content\/uploads\/2024\/04\/plan-halle-1.png 1089w, https:\/\/www.halledelamachine.fr\/wp-content\/uploads\/2024\/04\/plan-halle-1-300x193.png 300w, https:\/\/www.halledelamachine.fr\/wp-content\/uploads\/2024\/04\/plan-halle-1-1024x660.png 1024w, https:\/\/www.halledelamachine.fr\/wp-content\/uploads\/2024\/04\/plan-halle-1-768x495.png 768w, https:\/\/www.halledelamachine.fr\/wp-content\/uploads\/2024\/04\/plan-halle-1-5x3.png 5w\" sizes=\"auto, (max-width: 1089px) 100vw, 1089px\" \/><\/a><\/figure>\n\n\n\n<p>Si tiene problemas para encontrarnos<br>> escriba directamente \u00ab\u00a0<a href=\"https:\/\/www.google.com\/maps\/place\/Halle+de+la+Machine\/@43.5727854,1.4754839,16z\/data=!3m1!4b1!4m6!3m5!1s0x12aebc4bcb5b53e3:0x64ca48cf32cf95ec!8m2!3d43.5727854!4d1.4780588!16s%2Fg%2F11dfsyst7s?entry=tts\" data-type=\"link\" data-id=\"https:\/\/www.google.com\/maps\/place\/Halle+de+la+Machine\/@43.5727854,1.4754839,16z\/data=!3m1!4b1!4m6!3m5!1s0x12aebc4bcb5b53e3:0x64ca48cf32cf95ec!8m2!3d43.5727854!4d1.4780588!16s%2Fg%2F11dfsyst7s?entry=tts\">Halle de La Machine<\/a>\u00a0\u00bb en su GPS<br>o busque \u00ab<strong>Avenue de l\u2019a\u00e9rodrome de Montaudran,<\/strong>\u00ab.<\/p>\n\n\n\n<h3 class=\"wp-block-heading\" class=\"wp-block-heading\" id=\"por-tren\">Por Tren<\/h3>\n\n\n\n<div class=\"wp-block-media-text is-stacked-on-mobile\" style=\"grid-template-columns:18% auto\"><figure class=\"wp-block-media-text__media\"><img loading=\"lazy\" decoding=\"async\" width=\"280\" height=\"230\" src=\"https:\/\/www.halledelamachine.fr\/wp-content\/uploads\/2024\/03\/train-rouge.webp\" alt=\"\" class=\"wp-image-1313 size-full\" srcset=\"https:\/\/www.halledelamachine.fr\/wp-content\/uploads\/2024\/03\/train-rouge.webp 280w, https:\/\/www.halledelamachine.fr\/wp-content\/uploads\/2024\/03\/train-rouge-5x5.webp 5w\" sizes=\"auto, (max-width: 280px) 100vw, 280px\" \/><\/figure><div class=\"wp-block-media-text__content\">\n<ul class=\"wp-block-list\">\n<li>L\u00ednea Toulouse &#8211; Carcassonne Narbonne, parada Gare de Montaudran. A 5 minutos de la Gare Toulouse Matabiau.<\/li>\n<\/ul>\n<\/div><\/div>\n\n\n\n<h3 class=\"wp-block-heading\" class=\"wp-block-heading\" id=\"por-transporte-publico\">Por transporte p\u00fablico<\/h3>\n\n\n\n<div class=\"wp-block-media-text is-stacked-on-mobile\" style=\"grid-template-columns:18% auto\"><figure class=\"wp-block-media-text__media\"><img loading=\"lazy\" decoding=\"async\" width=\"280\" height=\"250\" src=\"https:\/\/www.halledelamachine.fr\/wp-content\/uploads\/2024\/03\/bus-rouge.webp\" alt=\"\" class=\"wp-image-1342 size-full\" srcset=\"https:\/\/www.halledelamachine.fr\/wp-content\/uploads\/2024\/03\/bus-rouge.webp 280w, https:\/\/www.halledelamachine.fr\/wp-content\/uploads\/2024\/03\/bus-rouge-5x5.webp 5w\" sizes=\"auto, (max-width: 280px) 100vw, 280px\" \/><\/figure><div class=\"wp-block-media-text__content\">\n<ul class=\"wp-block-list\">\n<li>Lin\u00e9o 8, arr\u00eat Gonin<\/li>\n\n\n\n<li>L\u00ednea 23, parada Piste des G\u00e9ants (Jardins de la ligne)M\u00e9tro Ligne B, parada Rangueil + 15 min de camino<\/li>\n\n\n\n<li>L\u00ednea 80 y 27, parada Lat\u00e9co\u00e8re<\/li>\n<\/ul>\n\n\n\n<ul class=\"wp-block-list\">\n<li>M\u00e9tro  B, parada Rangueil + 15 min de camino<\/li>\n\n\n\n<li>Para autobuses escolares y autocares: acceso por la calle <strong>Avenue de l\u2019a\u00e9rodrome de Montaudran<\/strong><\/li>\n<\/ul>\n<\/div><\/div>\n\n\n\n<h3 class=\"wp-block-heading\" class=\"wp-block-heading\" id=\"en-bicicleta\">En Bicicleta<\/h3>\n\n\n\n<div class=\"wp-block-media-text is-stacked-on-mobile\" style=\"grid-template-columns:18% auto\"><figure class=\"wp-block-media-text__media\"><img loading=\"lazy\" decoding=\"async\" width=\"298\" height=\"258\" src=\"https:\/\/www.halledelamachine.fr\/wp-content\/uploads\/2024\/03\/velo-rouge.webp\" alt=\"\" class=\"wp-image-1317 size-full\" srcset=\"https:\/\/www.halledelamachine.fr\/wp-content\/uploads\/2024\/03\/velo-rouge.webp 298w, https:\/\/www.halledelamachine.fr\/wp-content\/uploads\/2024\/03\/velo-rouge-5x5.webp 5w\" sizes=\"auto, (max-width: 298px) 100vw, 298px\" \/><\/figure><div class=\"wp-block-media-text__content\">\n<ul class=\"wp-block-list\">\n<li>Stations V\u00e9l\u00d4Toulouse n\u00b0239 y 267<\/li>\n\n\n\n<li>Desde el centro de la ciudad por el Canal du Midi<\/li>\n<\/ul>\n\n\n\n<div class=\"wp-block-media-text is-stacked-on-mobile\" style=\"grid-template-columns:15% auto\"><figure class=\"wp-block-media-text__media\"><img loading=\"lazy\" decoding=\"async\" width=\"236\" height=\"314\" src=\"https:\/\/www.halledelamachine.fr\/wp-content\/uploads\/2024\/03\/LOGO-ACCUEILVELO-CMJN.jpeg\" alt=\"\" class=\"wp-image-1353 size-full\" srcset=\"https:\/\/www.halledelamachine.fr\/wp-content\/uploads\/2024\/03\/LOGO-ACCUEILVELO-CMJN.jpeg 236w, https:\/\/www.halledelamachine.fr\/wp-content\/uploads\/2024\/03\/LOGO-ACCUEILVELO-CMJN-225x300.jpeg 225w\" sizes=\"auto, (max-width: 236px) 100vw, 236px\" \/><\/figure><div class=\"wp-block-media-text__content\">\n<p class=\"has-small-font-size\">La Halle de La Machine est\u00e1 etiquetada \u00ab&nbsp;Accueil V\u00e9lo&nbsp;\u00bb<\/p>\n<\/div><\/div>\n<\/div><\/div>\n\n\n\n<h3 class=\"wp-block-heading\" class=\"wp-block-heading\" id=\"en-coche\">En coche<\/h3>\n\n\n\n<div class=\"wp-block-media-text is-stacked-on-mobile\" style=\"grid-template-columns:18% auto\"><figure class=\"wp-block-media-text__media\"><img loading=\"lazy\" decoding=\"async\" width=\"303\" height=\"246\" src=\"https:\/\/www.halledelamachine.fr\/wp-content\/uploads\/2024\/03\/voiture-rouge.webp\" alt=\"\" class=\"wp-image-1348 size-full\" srcset=\"https:\/\/www.halledelamachine.fr\/wp-content\/uploads\/2024\/03\/voiture-rouge.webp 303w, https:\/\/www.halledelamachine.fr\/wp-content\/uploads\/2024\/03\/voiture-rouge-300x244.webp 300w, https:\/\/www.halledelamachine.fr\/wp-content\/uploads\/2024\/03\/voiture-rouge-5x5.webp 5w\" sizes=\"auto, (max-width: 303px) 100vw, 303px\" \/><\/figure><div class=\"wp-block-media-text__content\">\n<ul class=\"wp-block-list\">\n<li>Desde Paris\/Bordeaux : salida 20<\/li>\n\n\n\n<li>Desde Montpellier : salida 20<\/li>\n\n\n\n<li>Parking P1 sur place gratuito : Acceso por el <strong>Avenue de l\u2019a\u00e9rodrome de Montaudran, la salida calle Jacqueline Auriol<\/strong><br><strong>Possibilidad de aparcamiento calle Bernard Maris.<\/strong><br>El aparcamiento P1 es gratuito presentando el billete de entrada al Halle o una nota del Caf\u00e9 Minotaure. Conserve su billete y h\u00e1galo validar en la recepci\u00f3n del Halle de la Machine (duraci\u00f3n: 6 horas de aparcamiento).<br><br>Los aparcamientos\u00a0<a href=\"http:\/\/www.q-park.fr\/\">q-park.fr<\/a>\u00a0son socios de la Halle de La Machine. Presentando su ticket en la Halle, benef\u00edciese de una tarifa de 4,20 euros durante 3 horas. Por respeto a nuestros vecinos, le rogamos que utilice el aparcamiento de la Halle y respete las restricciones de estacionamiento.<\/li>\n<\/ul>\n<\/div><\/div>\n","protected":false},"excerpt":{"rendered":"<p>Si tiene problemas para encontrarnos> escriba directamente \u00ab\u00a0Halle de La Machine\u00a0\u00bb en su GPSo busque \u00abAvenue de l\u2019a\u00e9rodrome de Montaudran,\u00ab. Por Tren Por transporte p\u00fablico En Bicicleta En coche<\/p>\n","protected":false},"author":2,"featured_media":967,"parent":0,"menu_order":0,"comment_status":"closed","ping_status":"closed","template":"","meta":{"_acf_changed":false,"footnotes":""},"class_list":["post-2335","page","type-page","status-publish","has-post-thumbnail","hentry","entry"],"acf":[],"_links":{"self":[{"href":"https:\/\/www.halledelamachine.fr\/es\/wp-json\/wp\/v2\/pages\/2335","targetHints":{"allow":["GET"]}}],"collection":[{"href":"https:\/\/www.halledelamachine.fr\/es\/wp-json\/wp\/v2\/pages"}],"about":[{"href":"https:\/\/www.halledelamachine.fr\/es\/wp-json\/wp\/v2\/types\/page"}],"author":[{"embeddable":true,"href":"https:\/\/www.halledelamachine.fr\/es\/wp-json\/wp\/v2\/users\/2"}],"replies":[{"embeddable":true,"href":"https:\/\/www.halledelamachine.fr\/es\/wp-json\/wp\/v2\/comments?post=2335"}],"version-history":[{"count":3,"href":"https:\/\/www.halledelamachine.fr\/es\/wp-json\/wp\/v2\/pages\/2335\/revisions"}],"predecessor-version":[{"id":2479,"href":"https:\/\/www.halledelamachine.fr\/es\/wp-json\/wp\/v2\/pages\/2335\/revisions\/2479"}],"wp:featuredmedia":[{"embeddable":true,"href":"https:\/\/www.halledelamachine.fr\/es\/wp-json\/wp\/v2\/media\/967"}],"wp:attachment":[{"href":"https:\/\/www.halledelamachine.fr\/es\/wp-json\/wp\/v2\/media?parent=2335"}],"curies":[{"name":"wp","href":"https:\/\/api.w.org\/{rel}","templated":true}]}}