{"id":2346,"date":"2024-03-08T17:27:11","date_gmt":"2024-03-08T16:27:11","guid":{"rendered":"https:\/\/www.halledelamachine.fr\/venir-en-groupe\/"},"modified":"2025-01-29T11:42:36","modified_gmt":"2025-01-29T10:42:36","slug":"venir-en-groupe","status":"publish","type":"page","link":"https:\/\/www.halledelamachine.fr\/es\/venir-en-groupe\/","title":{"rendered":"Visitas Escolares"},"content":{"rendered":"<\/div> <!-- .HM23_TEXT_CONTAINER --><div class=\"HM23_CONTENT_BLOCK HM23_CHAPEAU\"><p>La Halle de La Machine es un lugar que cuenta la historia de c\u00f3mo se hacen los espect\u00e1culos. La Halle alberga el establo de m\u00e1quinas de espect\u00e1culo de la Compagnie La Machine. Descubra el Halle de La Machine con sus alumnos.<\/p>\n<\/div><div class=\"HM23_TEXT_CONTAINER\">\n\n\n<div class=\"wp-block-media-text is-stacked-on-mobile\"><figure class=\"wp-block-media-text__media\"><img loading=\"lazy\" decoding=\"async\" width=\"500\" height=\"333\" src=\"https:\/\/www.halledelamachine.fr\/wp-content\/uploads\/2024\/03\/IMG_8985.webp\" alt=\"\" class=\"wp-image-1111 size-full\" srcset=\"https:\/\/www.halledelamachine.fr\/wp-content\/uploads\/2024\/03\/IMG_8985.webp 500w, https:\/\/www.halledelamachine.fr\/wp-content\/uploads\/2024\/03\/IMG_8985-300x200.webp 300w, https:\/\/www.halledelamachine.fr\/wp-content\/uploads\/2024\/03\/IMG_8985-5x3.webp 5w\" sizes=\"auto, (max-width: 500px) 100vw, 500px\" \/><\/figure><div class=\"wp-block-media-text__content\">\n<p>Nuestros Verdaderos Maquinistas acompa\u00f1an al p\u00fablico en el descubrimiento de este universo extraordinario. Si quiere hablar a sus alumnos de mitolog\u00eda y quimeras, de artes esc\u00e9nicas o de c\u00f3mo funcionan los objetos t\u00e9cnicos, una visita a La Halle es la ocasi\u00f3n perfecta para aprender de forma divertida.<\/p>\n<\/div><\/div>\n\n\n\n<p><strong><strong>Prepare su visita en tres etapas&nbsp; <\/strong><\/strong><\/p>\n\n\n\n<p>1\/ Reserve su visita en nuestra Recepci\u00f3n con Encanto<\/p>\n\n\n\n<\/div> <!-- .HM23_TEXT_CONTAINER --><div class=\"HM23_CONTENT_BLOCK\"  style=\"text-align:left;\" ><a  href=\"https:\/\/www.halledelamachine.fr\/formulaire-reservation-groupe\/\" target=\"_blank\"  class=\"HM23_CTA\">RESERVAR PARA UN GRUPO<\/a><\/div><div class=\"HM23_TEXT_CONTAINER\">\n\n\n<p>2\/ Reciba el contenido pedag\u00f3gico para bien preparar vuestra venida con los alumnos.<\/p>\n\n\n\n<p>3 \/ Descubra la Halle el d\u00eda reservado , acompa\u00f1ado por un Verdadero maquinista. Duraci\u00f3n aproximada de la visita: 1 hora. En Autonom\u00eda: sus alumnos, provistos de un cuaderno de investigaci\u00f3n, se adentrar\u00e1n en el coraz\u00f3n de la Halle en busca de pistas que les ayuden a comprender los conceptos tratados y a convertirse en aut\u00e9nticos expertos en nuestro establo de m\u00e1quinas.<\/p>\n\n\n\n<p>Durante ciertos periodos, La Halle de La Machine tambi\u00e9n ofrece visitas tem\u00e1ticas m\u00e1s t\u00e9cnicas durante las cuales podr\u00e1 seguir a los Verdaderos Veterinarios y a los constructores para descubrir los secretos de construcci\u00f3n y mantenimiento del Minotauro y del bestiario mec\u00e1nico.<\/p>\n\n\n\n<ul class=\"wp-block-list\">\n<li>La Semana de mantenimiento de enero<\/li>\n\n\n\n<li>La Semana de orientaci\u00f3n en marzo<\/li>\n\n\n\n<li>La Semana de la Industria en noviembre<\/li>\n<\/ul>\n\n\n<div class=\"HM23_CONTENT_BLOCK_LARGE HM23_INFOS_PRATIQUES\"><div class=\"HM23_TI_TITRE\">Informacions praticas<\/div><div class=\"HM23_TI_TEXTE_CONTENU\"><ul>\n<li>Tarifas para grupos sujetas a disponibilidad de plazas y franjas horarias + 1 euro de gastos de reserva.<\/li>\n<li>En La Halle de La Machine, un grupo se compone de entre 20 y 35 personas como m\u00e1ximo. Para grupos m\u00e1s numerosos, deber\u00e1 formarse un nuevo grupo.<\/li>\n<\/ul>\n<\/div><a class=\"HM23_CTA\" href=\"https:\/\/www.halledelamachine.fr\/formulaire-reservation-groupe\/\"  target = \"_blank\" >R\u00e9servacion Grupo<\/a><\/div>\n\n\n<h3 class=\"wp-block-heading has-text-color has-link-color wp-elements-ae2bea2e9dedd593790103daeb4a455f\" style=\"color:#ea3322\" class=\"wp-block-heading has-text-color has-link-color wp-elements-ae2bea2e9dedd593790103daeb4a455f\" style=\"color:#ea3322\" id=\"en-imagenes\">en imageNEs<\/h3>\n\n\n\n<figure class=\"wp-block-gallery has-nested-images columns-default is-cropped wp-block-gallery-1 is-layout-flex wp-block-gallery-is-layout-flex\">\n<figure class=\"wp-block-image size-full\"><img loading=\"lazy\" decoding=\"async\" width=\"500\" height=\"333\" data-id=\"1108\" src=\"https:\/\/www.halledelamachine.fr\/wp-content\/uploads\/2024\/03\/IMG_6658.webp\" alt=\"\" class=\"wp-image-1108\" srcset=\"https:\/\/www.halledelamachine.fr\/wp-content\/uploads\/2024\/03\/IMG_6658.webp 500w, https:\/\/www.halledelamachine.fr\/wp-content\/uploads\/2024\/03\/IMG_6658-300x200.webp 300w, https:\/\/www.halledelamachine.fr\/wp-content\/uploads\/2024\/03\/IMG_6658-5x3.webp 5w\" sizes=\"auto, (max-width: 500px) 100vw, 500px\" \/><\/figure>\n\n\n\n<figure class=\"wp-block-image size-full\"><img loading=\"lazy\" decoding=\"async\" width=\"500\" height=\"333\" data-id=\"1105\" src=\"https:\/\/www.halledelamachine.fr\/wp-content\/uploads\/2024\/03\/IMG_7294.webp\" alt=\"\" class=\"wp-image-1105\" srcset=\"https:\/\/www.halledelamachine.fr\/wp-content\/uploads\/2024\/03\/IMG_7294.webp 500w, https:\/\/www.halledelamachine.fr\/wp-content\/uploads\/2024\/03\/IMG_7294-300x200.webp 300w, https:\/\/www.halledelamachine.fr\/wp-content\/uploads\/2024\/03\/IMG_7294-5x3.webp 5w\" sizes=\"auto, (max-width: 500px) 100vw, 500px\" \/><\/figure>\n\n\n\n<figure class=\"wp-block-image size-full\"><img loading=\"lazy\" decoding=\"async\" width=\"950\" height=\"633\" data-id=\"1411\" src=\"https:\/\/www.halledelamachine.fr\/wp-content\/uploads\/2024\/04\/IMG_4586.webp\" alt=\"\" class=\"wp-image-1411\" srcset=\"https:\/\/www.halledelamachine.fr\/wp-content\/uploads\/2024\/04\/IMG_4586.webp 950w, https:\/\/www.halledelamachine.fr\/wp-content\/uploads\/2024\/04\/IMG_4586-300x200.webp 300w, https:\/\/www.halledelamachine.fr\/wp-content\/uploads\/2024\/04\/IMG_4586-768x512.webp 768w, https:\/\/www.halledelamachine.fr\/wp-content\/uploads\/2024\/04\/IMG_4586-5x3.webp 5w\" sizes=\"auto, (max-width: 950px) 100vw, 950px\" \/><\/figure>\n\n\n\n<figure class=\"wp-block-image size-large is-style-default\"><img loading=\"lazy\" decoding=\"async\" width=\"1024\" height=\"683\" data-id=\"1396\" src=\"https:\/\/www.halledelamachine.fr\/wp-content\/uploads\/2024\/04\/IMG_7133-Visites-scolaires-Maintenance-Janvier-24-1024x683.webp\" alt=\"\" class=\"wp-image-1396\" srcset=\"https:\/\/www.halledelamachine.fr\/wp-content\/uploads\/2024\/04\/IMG_7133-Visites-scolaires-Maintenance-Janvier-24-1024x683.webp 1024w, https:\/\/www.halledelamachine.fr\/wp-content\/uploads\/2024\/04\/IMG_7133-Visites-scolaires-Maintenance-Janvier-24-300x200.webp 300w, https:\/\/www.halledelamachine.fr\/wp-content\/uploads\/2024\/04\/IMG_7133-Visites-scolaires-Maintenance-Janvier-24-768x512.webp 768w, https:\/\/www.halledelamachine.fr\/wp-content\/uploads\/2024\/04\/IMG_7133-Visites-scolaires-Maintenance-Janvier-24-5x3.webp 5w, https:\/\/www.halledelamachine.fr\/wp-content\/uploads\/2024\/04\/IMG_7133-Visites-scolaires-Maintenance-Janvier-24.webp 1080w\" sizes=\"auto, (max-width: 1024px) 100vw, 1024px\" \/><\/figure>\n\n\n\n<figure class=\"wp-block-image size-full\"><img loading=\"lazy\" decoding=\"async\" width=\"700\" height=\"497\" data-id=\"1405\" src=\"https:\/\/www.halledelamachine.fr\/wp-content\/uploads\/2024\/04\/valises-petites-meca-1.webp\" alt=\"\" class=\"wp-image-1405\" srcset=\"https:\/\/www.halledelamachine.fr\/wp-content\/uploads\/2024\/04\/valises-petites-meca-1.webp 700w, https:\/\/www.halledelamachine.fr\/wp-content\/uploads\/2024\/04\/valises-petites-meca-1-300x213.webp 300w, https:\/\/www.halledelamachine.fr\/wp-content\/uploads\/2024\/04\/valises-petites-meca-1-5x5.webp 5w\" sizes=\"auto, (max-width: 700px) 100vw, 700px\" \/><\/figure>\n\n\n\n<figure class=\"wp-block-image size-full\"><img loading=\"lazy\" decoding=\"async\" width=\"950\" height=\"713\" data-id=\"1414\" src=\"https:\/\/www.halledelamachine.fr\/wp-content\/uploads\/2024\/04\/IMG_20220603_145200068.webp\" alt=\"\" class=\"wp-image-1414\" srcset=\"https:\/\/www.halledelamachine.fr\/wp-content\/uploads\/2024\/04\/IMG_20220603_145200068.webp 950w, https:\/\/www.halledelamachine.fr\/wp-content\/uploads\/2024\/04\/IMG_20220603_145200068-300x225.webp 300w, https:\/\/www.halledelamachine.fr\/wp-content\/uploads\/2024\/04\/IMG_20220603_145200068-768x576.webp 768w, https:\/\/www.halledelamachine.fr\/wp-content\/uploads\/2024\/04\/IMG_20220603_145200068-5x5.webp 5w\" sizes=\"auto, (max-width: 950px) 100vw, 950px\" \/><\/figure>\n\n\n\n<figure class=\"wp-block-image size-large\"><img loading=\"lazy\" decoding=\"async\" width=\"1024\" height=\"734\" data-id=\"1402\" src=\"https:\/\/www.halledelamachine.fr\/wp-content\/uploads\/2024\/04\/Poster-com-A0-dibond-3-versions-L-3-1024x734.jpg\" alt=\"\" class=\"wp-image-1402\" srcset=\"https:\/\/www.halledelamachine.fr\/wp-content\/uploads\/2024\/04\/Poster-com-A0-dibond-3-versions-L-3-1024x734.jpg 1024w, https:\/\/www.halledelamachine.fr\/wp-content\/uploads\/2024\/04\/Poster-com-A0-dibond-3-versions-L-3-300x215.jpg 300w, https:\/\/www.halledelamachine.fr\/wp-content\/uploads\/2024\/04\/Poster-com-A0-dibond-3-versions-L-3-768x551.jpg 768w, https:\/\/www.halledelamachine.fr\/wp-content\/uploads\/2024\/04\/Poster-com-A0-dibond-3-versions-L-3-1536x1102.jpg 1536w, https:\/\/www.halledelamachine.fr\/wp-content\/uploads\/2024\/04\/Poster-com-A0-dibond-3-versions-L-3-2048x1469.jpg 2048w, https:\/\/www.halledelamachine.fr\/wp-content\/uploads\/2024\/04\/Poster-com-A0-dibond-3-versions-L-3-1568x1125.jpg 1568w, https:\/\/www.halledelamachine.fr\/wp-content\/uploads\/2024\/04\/Poster-com-A0-dibond-3-versions-L-3-1800x1291.jpg 1800w, https:\/\/www.halledelamachine.fr\/wp-content\/uploads\/2024\/04\/Poster-com-A0-dibond-3-versions-L-3-5x5.jpg 5w\" sizes=\"auto, (max-width: 1024px) 100vw, 1024px\" \/><\/figure>\n\n\n\n<figure class=\"wp-block-image size-large\"><img loading=\"lazy\" decoding=\"async\" width=\"1024\" height=\"686\" data-id=\"1408\" src=\"https:\/\/www.halledelamachine.fr\/wp-content\/uploads\/2024\/04\/DSC_4862_2-1024x686.webp\" alt=\"\" class=\"wp-image-1408\" srcset=\"https:\/\/www.halledelamachine.fr\/wp-content\/uploads\/2024\/04\/DSC_4862_2-1024x686.webp 1024w, https:\/\/www.halledelamachine.fr\/wp-content\/uploads\/2024\/04\/DSC_4862_2-300x201.webp 300w, https:\/\/www.halledelamachine.fr\/wp-content\/uploads\/2024\/04\/DSC_4862_2-768x514.webp 768w, https:\/\/www.halledelamachine.fr\/wp-content\/uploads\/2024\/04\/DSC_4862_2-5x3.webp 5w, https:\/\/www.halledelamachine.fr\/wp-content\/uploads\/2024\/04\/DSC_4862_2.webp 1080w\" sizes=\"auto, (max-width: 1024px) 100vw, 1024px\" \/><\/figure>\n\n\n\n<figure class=\"wp-block-image size-large\"><img loading=\"lazy\" decoding=\"async\" width=\"1024\" height=\"683\" data-id=\"1117\" src=\"https:\/\/www.halledelamachine.fr\/wp-content\/uploads\/2024\/03\/IMG_7715-1-1024x683.webp\" alt=\"\" class=\"wp-image-1117\" srcset=\"https:\/\/www.halledelamachine.fr\/wp-content\/uploads\/2024\/03\/IMG_7715-1-1024x683.webp 1024w, https:\/\/www.halledelamachine.fr\/wp-content\/uploads\/2024\/03\/IMG_7715-1-300x200.webp 300w, https:\/\/www.halledelamachine.fr\/wp-content\/uploads\/2024\/03\/IMG_7715-1-768x512.webp 768w, https:\/\/www.halledelamachine.fr\/wp-content\/uploads\/2024\/03\/IMG_7715-1-1536x1024.webp 1536w, https:\/\/www.halledelamachine.fr\/wp-content\/uploads\/2024\/03\/IMG_7715-1-2048x1366.webp 2048w, https:\/\/www.halledelamachine.fr\/wp-content\/uploads\/2024\/03\/IMG_7715-1-1568x1046.webp 1568w, https:\/\/www.halledelamachine.fr\/wp-content\/uploads\/2024\/03\/IMG_7715-1-1800x1200.webp 1800w, https:\/\/www.halledelamachine.fr\/wp-content\/uploads\/2024\/03\/IMG_7715-1-5x3.webp 5w\" sizes=\"auto, (max-width: 1024px) 100vw, 1024px\" \/><\/figure>\n<\/figure>\n","protected":false},"excerpt":{"rendered":"<p>Nuestros Verdaderos Maquinistas acompa\u00f1an al p\u00fablico en el descubrimiento de este universo extraordinario. Si quiere hablar a sus alumnos de mitolog\u00eda y quimeras, de artes esc\u00e9nicas o de c\u00f3mo funcionan los objetos t\u00e9cnicos, una visita a La Halle es la ocasi\u00f3n perfecta para aprender de forma divertida. Prepare su visita en tres etapas&nbsp; 1\/ Reserve&hellip; <a class=\"more-link\" href=\"https:\/\/www.halledelamachine.fr\/es\/venir-en-groupe\/\">Continue reading <span class=\"screen-reader-text\">Visitas Escolares<\/span><\/a><\/p>\n","protected":false},"author":2,"featured_media":1119,"parent":0,"menu_order":0,"comment_status":"closed","ping_status":"closed","template":"","meta":{"_acf_changed":false,"footnotes":""},"class_list":["post-2346","page","type-page","status-publish","has-post-thumbnail","hentry","entry"],"acf":[],"_links":{"self":[{"href":"https:\/\/www.halledelamachine.fr\/es\/wp-json\/wp\/v2\/pages\/2346","targetHints":{"allow":["GET"]}}],"collection":[{"href":"https:\/\/www.halledelamachine.fr\/es\/wp-json\/wp\/v2\/pages"}],"about":[{"href":"https:\/\/www.halledelamachine.fr\/es\/wp-json\/wp\/v2\/types\/page"}],"author":[{"embeddable":true,"href":"https:\/\/www.halledelamachine.fr\/es\/wp-json\/wp\/v2\/users\/2"}],"replies":[{"embeddable":true,"href":"https:\/\/www.halledelamachine.fr\/es\/wp-json\/wp\/v2\/comments?post=2346"}],"version-history":[{"count":4,"href":"https:\/\/www.halledelamachine.fr\/es\/wp-json\/wp\/v2\/pages\/2346\/revisions"}],"predecessor-version":[{"id":2757,"href":"https:\/\/www.halledelamachine.fr\/es\/wp-json\/wp\/v2\/pages\/2346\/revisions\/2757"}],"wp:featuredmedia":[{"embeddable":true,"href":"https:\/\/www.halledelamachine.fr\/es\/wp-json\/wp\/v2\/media\/1119"}],"wp:attachment":[{"href":"https:\/\/www.halledelamachine.fr\/es\/wp-json\/wp\/v2\/media?parent=2346"}],"curies":[{"name":"wp","href":"https:\/\/api.w.org\/{rel}","templated":true}]}}