{"id":2351,"date":"2024-04-08T16:15:29","date_gmt":"2024-04-08T14:15:29","guid":{"rendered":"https:\/\/www.halledelamachine.fr\/les-autres-groupes\/"},"modified":"2025-05-05T09:41:12","modified_gmt":"2025-05-05T07:41:12","slug":"les-autres-groupes","status":"publish","type":"page","link":"https:\/\/www.halledelamachine.fr\/es\/les-autres-groupes\/","title":{"rendered":"Comite de empresa y Grupos"},"content":{"rendered":"<\/div> <!-- .HM23_TEXT_CONTAINER --><div class=\"HM23_CONTENT_BLOCK HM23_CHAPEAU\"><p>Para grupos de 20 personas o m\u00e1s, forme un grupo y benef\u00edciese de la tarifa reducida. Visitas a la Sala, excursiones al Minotauro o paseos en la Glorieta del Carr\u00e9 S\u00e9nart: combine su visita como desee y disfrute de una experiencia \u00fanica.<\/p>\n<\/div><div class=\"HM23_TEXT_CONTAINER\">\n\n<\/div> <!-- .HM23_TEXT_CONTAINER --><div class=\"HM23_CONTENT_BLOCK_FULL HM23_GALERIE\"><div class=\"HM23_GALERIE_TITRE\"><\/div><div id=\"HM23_G_8786722\" class=\"HM23_GALERIE_CONTAINER\"><div class=\"HM23_GALERIE_ITEM\"><img decoding=\"async\" src=\"https:\/\/www.halledelamachine.fr\/wp-content\/uploads\/2024\/03\/IMG_7294.webp\" alt=\"\" loading=\"lazy\"><\/div><div class=\"HM23_GALERIE_ITEM\"><img decoding=\"async\" src=\"https:\/\/www.halledelamachine.fr\/wp-content\/uploads\/2024\/03\/IMG_2199.webp\" alt=\"\" loading=\"lazy\"><\/div><div class=\"HM23_GALERIE_ITEM\"><img decoding=\"async\" src=\"https:\/\/www.halledelamachine.fr\/wp-content\/uploads\/2024\/04\/IMG_6102-1024x683.webp\" alt=\"\" loading=\"lazy\"><\/div><\/div>\t\t<script>\n\t\t$( document ).ready(function() {\n\t\t\t$('#HM23_G_8786722').flickity({\n\t\t\t  \/\/ options\n\t\t\t  cellAlign: 'left',\n\t\t\t  contain: true\n\t\t\t});\n\t\t})\n\t\t\n\t\t<\/script>\n\t\t<div class=\"HM23_TEXT_CONTAINER\">\n\n\n<h1 class=\"wp-block-heading\" class=\"wp-block-heading\" id=\"comite-de-empresa\">Comit\u00e9 de empresa<\/h1>\n\n\n\n<p>Un o una Verdadera Maquinista os acompa\u00f1ar\u00e1 durante una hora en el interior de la Halle para descubrir el establo de m\u00e1quinas de espect\u00e1culo de la compa\u00f1\u00eda La Machine. \u00bfQuiere ofrecer a su personal una experiencia \u00fanica? Suba a bordo de la Minotaure para una excursi\u00f3n de 25 minutos por la antigua pista de aterrizaje de la A\u00e9ropostale. Tanto si est\u00e1 a bordo de la m\u00e1quina como si es un atento observador en tierra, podr\u00e1 estudiar los movimientos, comprender los mecanismos puestos al descubierto o simplemente dejarse llevar por la emoci\u00f3n y la teatralidad del Guardi\u00e1n del Templo. Y por qu\u00e9 no aprovechar su visita a Montaudran para descubrir el Man\u00e8ge Carr\u00e9 S\u00e9nart, un carrusel de madera de dimensiones extraordinarias.<\/p>\n\n\n<div class=\"HM23_CONTENT_BLOCK_LARGE HM23_INFOS_PRATIQUES\"><div class=\"HM23_TI_TITRE\">Informaciones praticas<\/div><div class=\"HM23_TI_TEXTE_CONTENU\"><p><strong>Comit\u00e9s de empresa (a partir de 20 entradas adquiridas)<\/strong><\/p>\n<ul>\n<li>Visita a la Sala en fecha libre: 9 euros \/ persona, 6 euros para menores de 12 a\u00f1os.<\/li>\n<li>Excursi\u00f3n al Minotauro (imprescindible reservar): 9 euros \/ persona, 6 euros para menores de 12 a\u00f1os.<\/li>\n<li>Visita de la Sala + excursi\u00f3n al Minotauro: 15 euros\/persona, 11 euros para menores de 12 a\u00f1os. (1 plaza gratuita para un adulto acompa\u00f1ante por cada 20 entradas adquiridas).<br \/>\nLas entradas pueden utilizarse durante el a\u00f1o natural, del 1 de enero al 31 de diciembre.<\/li>\n<\/ul>\n<p>El comit\u00e9 de empresa compra lotes de entradas en fecha libre, v\u00e1lidos durante un a\u00f1o. Los empleados reciben un c\u00f3digo que les permite reservar su fecha de visita directamente en nuestro sitio de venta de entradas en l\u00ednea. Las entradas se compran a un precio reducido. Si el empleado desea traer ni\u00f1os, ofrecemos una tarifa superreducida \/ gratuita (-5 a\u00f1os) que puede reservar directamente en l\u00ednea al confirmar sus entradas.<\/p>\n<p><strong>Otros grupos<\/strong><\/p>\n<p>En La Halle de La Machine, los grupos est\u00e1n formados por entre 20 y 35 personas como m\u00e1ximo. Para grupos m\u00e1s numerosos, deber\u00e1 formarse un nuevo grupo. Las tarifas para grupos est\u00e1n sujetas a la disponibilidad de plazas y franjas horarias + 1 euro de cuadernillo de encuesta de pago.<\/p>\n<\/div><a class=\"HM23_CTA\" href=\"https:\/\/billetterie.halledelamachine.fr\/index-css5-halledelamachinegroupesreserva-pg1.html\"  target = \"_blank\" >RESERVAS DE GRUPO<\/a><\/div>\n\n\n<hr class=\"wp-block-separator has-alpha-channel-opacity\"\/>\n\n\n\n<h1 class=\"wp-block-heading\" class=\"wp-block-heading\" id=\"minotaure-cafe\">minotaure caf\u00e9<\/h1>\n\n\n\n<p>Restauraci\u00f3n disponible en el Minotaure Caf\u00e9. Reserva obligatoria para grupos en el 05.32.10.88.86ou \u00e0 <a href=\"mailto:minotaurecafe@halledelamachine.fr\">minotaurecafe@halledelamachine.fr<\/a> . Mas informaciones <a href=\"https:\/\/www.halledelamachine.fr\/es\/minotaure-cafe\/\">aqui +<\/a><\/p>\n\n\n\n<hr class=\"wp-block-separator has-alpha-channel-opacity\"\/>\n\n\n\n<h1 class=\"wp-block-heading\" class=\"wp-block-heading\" id=\"los-mecanniversaires\">Los m\u00e9canniversaires<\/h1>\n\n\n\n<p><strong>Los ni\u00f1os de 5 a 12 a\u00f1os pueden soplar las velas en una fiesta de Cumplea\u00f1os Feliz, en presencia de Asteri\u00f3n.<\/strong><\/p>\n\n\n\n<div class=\"wp-block-media-text is-stacked-on-mobile\"><figure class=\"wp-block-media-text__media\"><img loading=\"lazy\" decoding=\"async\" width=\"950\" height=\"633\" src=\"https:\/\/www.halledelamachine.fr\/wp-content\/uploads\/2024\/04\/IMG_4586.webp\" alt=\"\" class=\"wp-image-1411 size-full\" srcset=\"https:\/\/www.halledelamachine.fr\/wp-content\/uploads\/2024\/04\/IMG_4586.webp 950w, https:\/\/www.halledelamachine.fr\/wp-content\/uploads\/2024\/04\/IMG_4586-300x200.webp 300w, https:\/\/www.halledelamachine.fr\/wp-content\/uploads\/2024\/04\/IMG_4586-768x512.webp 768w, https:\/\/www.halledelamachine.fr\/wp-content\/uploads\/2024\/04\/IMG_4586-5x3.webp 5w\" sizes=\"auto, (max-width: 950px) 100vw, 950px\" \/><\/figure><div class=\"wp-block-media-text__content\">\n<p>Hay dos opciones para pasar un d\u00eda inolvidable, dependiendo de la edad (5-8 y 8-12). Un aut\u00e9ntico maquinista dar\u00e1 la bienvenida al grupo. Lectura de un cuento mec\u00e1nico, visita de la Halle de la Machine, descubrimiento de las nuevas atracciones, tormenta de nieve, tiovivo Carr\u00e9 S\u00e9nart, foto de recuerdo con sus amigos y deliciosa merienda preparada por el Caf\u00e9 Minotaure\u2026 \u00a1Les esperan muchas sorpresas! Y la guinda del pastel: \u00a1un regalo especial de todo el equipo del Halle de la Machine!<\/p>\n<\/div><\/div>\n\n\n<div class=\"HM23_CONTENT_BLOCK_LARGE HM23_INFOS_PRATIQUES\"><div class=\"HM23_TI_TITRE\">Infos pratiques<\/div><div class=\"HM23_TI_TEXTE_CONTENU\"><p><strong>Hay dos opciones para pasar un d\u00eda inolvidable, dependiendo de la edad : 5-8 y 8-12.<br \/>\n<\/strong>Un aut\u00e9ntico maquinista dar\u00e1 la bienvenida al grupo. Lectura de un cuento mec\u00e1nico, visita de la Halle de la Machine, descubrimiento de las nuevas atracciones, tormenta de nieve, tiovivo Carr\u00e9 S\u00e9nart, foto de recuerdo con sus amigos y deliciosa merienda preparada por el Caf\u00e9 Minotaure&#8230; \u00a1Les esperan muchas sorpresas! Y la guinda del pastel: \u00a1un regalo especial de todo el equipo del Halle de la Machine!<\/p>\n<\/div><a class=\"HM23_CTA\" href=\"https:\/\/billetterie.halledelamachine.fr\/joyeux-meca-nniversaire-visite-css5-halledelamachine-pg51-ei988145.html\"  target = \"_blank\" >R\u00e9servez votre M\u00e9canniversaire<\/a><\/div>","protected":false},"excerpt":{"rendered":"<p>Comit\u00e9 de empresa Un o una Verdadera Maquinista os acompa\u00f1ar\u00e1 durante una hora en el interior de la Halle para descubrir el establo de m\u00e1quinas de espect\u00e1culo de la compa\u00f1\u00eda La Machine. \u00bfQuiere ofrecer a su personal una experiencia \u00fanica? Suba a bordo de la Minotaure para una excursi\u00f3n de 25 minutos por la antigua&hellip; <a class=\"more-link\" href=\"https:\/\/www.halledelamachine.fr\/es\/les-autres-groupes\/\">Continue reading <span class=\"screen-reader-text\">Comite de empresa y Grupos<\/span><\/a><\/p>\n","protected":false},"author":2,"featured_media":825,"parent":0,"menu_order":0,"comment_status":"closed","ping_status":"closed","template":"","meta":{"_acf_changed":false,"footnotes":""},"class_list":["post-2351","page","type-page","status-publish","has-post-thumbnail","hentry","entry"],"acf":[],"_links":{"self":[{"href":"https:\/\/www.halledelamachine.fr\/es\/wp-json\/wp\/v2\/pages\/2351","targetHints":{"allow":["GET"]}}],"collection":[{"href":"https:\/\/www.halledelamachine.fr\/es\/wp-json\/wp\/v2\/pages"}],"about":[{"href":"https:\/\/www.halledelamachine.fr\/es\/wp-json\/wp\/v2\/types\/page"}],"author":[{"embeddable":true,"href":"https:\/\/www.halledelamachine.fr\/es\/wp-json\/wp\/v2\/users\/2"}],"replies":[{"embeddable":true,"href":"https:\/\/www.halledelamachine.fr\/es\/wp-json\/wp\/v2\/comments?post=2351"}],"version-history":[{"count":2,"href":"https:\/\/www.halledelamachine.fr\/es\/wp-json\/wp\/v2\/pages\/2351\/revisions"}],"predecessor-version":[{"id":3143,"href":"https:\/\/www.halledelamachine.fr\/es\/wp-json\/wp\/v2\/pages\/2351\/revisions\/3143"}],"wp:featuredmedia":[{"embeddable":true,"href":"https:\/\/www.halledelamachine.fr\/es\/wp-json\/wp\/v2\/media\/825"}],"wp:attachment":[{"href":"https:\/\/www.halledelamachine.fr\/es\/wp-json\/wp\/v2\/media?parent=2351"}],"curies":[{"name":"wp","href":"https:\/\/api.w.org\/{rel}","templated":true}]}}